{"id":4083,"date":"2021-10-01T17:45:57","date_gmt":"2021-10-01T15:45:57","guid":{"rendered":"https:\/\/genepredictis.com\/?page_id=4083"},"modified":"2023-02-01T10:01:44","modified_gmt":"2023-02-01T09:01:44","slug":"microbiology","status":"publish","type":"page","link":"https:\/\/genepredictis.com\/fr\/microbiology\/","title":{"rendered":"MICROBIOLOGY"},"content":{"rendered":"\n<style type=\"text\/css\" data-created_by=\"avia_inline_auto\" id=\"style-css-av-ku8jdymv-daf77e70355f792973c5ab0f8ea7df5f\">\n.avia-section.av-ku8jdymv-daf77e70355f792973c5ab0f8ea7df5f{\nbackground-repeat:no-repeat;\nbackground-image:url(https:\/\/genepredictis.com\/wp-content\/uploads\/2021\/09\/banner_products.jpg);\nbackground-position:50% 50%;\nbackground-attachment:scroll;\n}\n.avia-section.av-ku8jdymv-daf77e70355f792973c5ab0f8ea7df5f .av-section-color-overlay{\nopacity:0.3;\nbackground-color:#000000;\n}\n<\/style>\n<div id='av_section_1'  class='avia-section av-ku8jdymv-daf77e70355f792973c5ab0f8ea7df5f main_color avia-section-large avia-no-border-styling  avia-builder-el-0  el_before_av_section  avia-builder-el-first  avia-full-stretch avia-bg-style-scroll av-section-color-overlay-active av-minimum-height av-minimum-height-50 av-height-50  container_wrap fullsize'  data-section-bg-repeat='stretch' data-av_minimum_height_pc='50' data-av_min_height_opt='50'><div class=\"av-section-color-overlay-wrap\"><div class=\"av-section-color-overlay\"><\/div><div class='container av-section-cont-open' ><main  role=\"main\" itemprop=\"mainContentOfPage\"  class='template-page content  av-content-full alpha units'><div class='post-entry post-entry-type-page post-entry-4083'><div class='entry-content-wrapper clearfix'>\n<\/div><\/div><\/main><!-- close content main element --><\/div><\/div><\/div><div id='av_section_2'  class='avia-section av-38qdf-2907841cad574d72c99b6c04e84e5e06 main_color avia-section-default avia-no-border-styling  avia-builder-el-1  el_after_av_section  avia-builder-el-last  avia-bg-style-scroll container_wrap fullsize'  ><div class='container av-section-cont-open' ><div class='template-page content  av-content-full alpha units'><div class='post-entry post-entry-type-page post-entry-4083'><div class='entry-content-wrapper clearfix'>\n\n<style type=\"text\/css\" data-created_by=\"avia_inline_auto\" id=\"style-css-av-kt4jdadv-402fd607a9d36b1503482f506d86b21c\">\n#top .av-special-heading.av-kt4jdadv-402fd607a9d36b1503482f506d86b21c{\nmargin:40px 0 0 0;\npadding-bottom:50px;\ncolor:#000000;\n}\nbody .av-special-heading.av-kt4jdadv-402fd607a9d36b1503482f506d86b21c .av-special-heading-tag .heading-char{\nfont-size:25px;\n}\n.av-special-heading.av-kt4jdadv-402fd607a9d36b1503482f506d86b21c .special-heading-inner-border{\nborder-color:#000000;\n}\n.av-special-heading.av-kt4jdadv-402fd607a9d36b1503482f506d86b21c .av-subheading{\nfont-size:15px;\n}\n<\/style>\n<div  class='av-special-heading av-kt4jdadv-402fd607a9d36b1503482f506d86b21c av-special-heading-h1 custom-color-heading blockquote modern-quote modern-centered  avia-builder-el-2  el_before_av_three_fifth  avia-builder-el-first '><h1 class='av-special-heading-tag '  itemprop=\"headline\"  >~MICROBIOLOGIE~<\/h1><div class=\"special-heading-border\"><div class=\"special-heading-inner-border\"><\/div><\/div><\/div>\n<div  class='flex_column av-4bi1rp-56451246aba6c4ce898cc92ff475a67a av_three_fifth  avia-builder-el-3  el_after_av_heading  el_before_av_two_fifth  first flex_column_div  '     ><section  class='av_textblock_section av-kt4jefs5-a5b06c0b6fb937ad576e70f3bb3535cb '   itemscope=\"itemscope\" itemtype=\"https:\/\/schema.org\/CreativeWork\" ><div class='avia_textblock'  itemprop=\"text\" ><p>Notre laboratoire de microbiologie mol\u00e9culaire autoris\u00e9 propose les analyses couramment prescrites dans le domaine de la gyn\u00e9cologie et de l&rsquo;urologie.<\/p>\n<p>Elles inclues:<\/p>\n<ul>\n<li>G\u00e9notypage du Papillomavirus humain (19 HR et 9 LR)<\/li>\n<li>D\u00e9pistage du Papillomavirus humain (d\u00e9tecte la pr\u00e9sence de 14 HR et g\u00e9notype les HPV 16 et 18)<\/li>\n<li>D\u00e9tection de pathog\u00e8nes (Chlamydia trachomatis, Neisseria gonorrhoea, Mycoplasma gentialium et hominis, etc.)<\/li>\n<\/ul>\n<p>Veuillez consulter notre GP_Demande pour les analyses microbiologiques.<\/p>\n<\/div><\/section><\/div>\n<style type=\"text\/css\" data-created_by=\"avia_inline_auto\" id=\"style-css-av-37vngl-7f596861c8b852be086f285e0e950d4b\">\n.flex_column.av-37vngl-7f596861c8b852be086f285e0e950d4b{\npadding:100px 0 0 0;\n}\n<\/style>\n<div  class='flex_column av-37vngl-7f596861c8b852be086f285e0e950d4b av_two_fifth  avia-builder-el-5  el_after_av_three_fifth  avia-builder-el-last  flex_column_div  '     ><div  class='avia-button-wrap av-kt8so8gq-3d46da9c8d54f04db0bb456280d892f5-wrap avia-button-center  avia-builder-el-6  avia-builder-el-no-sibling '>\n<style type=\"text\/css\" data-created_by=\"avia_inline_auto\" id=\"style-css-av-kt8so8gq-3d46da9c8d54f04db0bb456280d892f5\">\n#top #wrap_all .avia-button.av-kt8so8gq-3d46da9c8d54f04db0bb456280d892f5{\nbackground-color:#8b6089;\nborder-color:#8b6089;\ntransition:all 0.4s ease-in-out;\n}\n#top #wrap_all .avia-button.av-kt8so8gq-3d46da9c8d54f04db0bb456280d892f5:hover{\nbackground-color:#101946;\ncolor:white;\ntransition:all 0.4s ease-in-out;\n}\n#top #wrap_all .avia-button.av-kt8so8gq-3d46da9c8d54f04db0bb456280d892f5:hover .avia-svg-icon svg:first-child{\nfill:white;\nstroke:white;\n}\n<\/style>\n<a href='https:\/\/genepredictis.com\/forms\/'  class='avia-button av-kt8so8gq-3d46da9c8d54f04db0bb456280d892f5 av-link-btn avia-icon_select-no avia-size-x-large avia-position-center avia-font-color-theme-color'   aria-label=\"Forms \"><span class='avia_iconbox_title' >Forms <\/span><\/a><\/div><\/div>\n","protected":false},"excerpt":{"rendered":"","protected":false},"author":1,"featured_media":0,"parent":0,"menu_order":0,"comment_status":"closed","ping_status":"closed","template":"","meta":{"footnotes":""},"class_list":["post-4083","page","type-page","status-publish","hentry"],"yoast_head":"<!-- This site is optimized with the Yoast SEO plugin v27.3 - https:\/\/yoast.com\/product\/yoast-seo-wordpress\/ -->\n<title>MICROBIOLOGY - Genepredictis<\/title>\n<meta name=\"robots\" content=\"index, follow, max-snippet:-1, max-image-preview:large, max-video-preview:-1\" \/>\n<link rel=\"canonical\" href=\"https:\/\/genepredictis.com\/fr\/microbiology\/\" \/>\n<meta property=\"og:locale\" content=\"fr_FR\" \/>\n<meta property=\"og:type\" content=\"article\" \/>\n<meta property=\"og:title\" content=\"MICROBIOLOGY - Genepredictis\" \/>\n<meta property=\"og:url\" content=\"https:\/\/genepredictis.com\/fr\/microbiology\/\" \/>\n<meta property=\"og:site_name\" content=\"Genepredictis\" \/>\n<meta property=\"article:modified_time\" content=\"2023-02-01T09:01:44+00:00\" \/>\n<meta name=\"twitter:card\" content=\"summary_large_image\" \/>\n<meta name=\"twitter:label1\" content=\"Dur\u00e9e de lecture estim\u00e9e\" \/>\n\t<meta name=\"twitter:data1\" content=\"2 minutes\" \/>\n<script type=\"application\/ld+json\" class=\"yoast-schema-graph\">{\"@context\":\"https:\\\/\\\/schema.org\",\"@graph\":[{\"@type\":\"WebPage\",\"@id\":\"https:\\\/\\\/genepredictis.com\\\/fr\\\/microbiology\\\/\",\"url\":\"https:\\\/\\\/genepredictis.com\\\/fr\\\/microbiology\\\/\",\"name\":\"MICROBIOLOGY - Genepredictis\",\"isPartOf\":{\"@id\":\"https:\\\/\\\/genepredictis.com\\\/fr\\\/#website\"},\"datePublished\":\"2021-10-01T15:45:57+00:00\",\"dateModified\":\"2023-02-01T09:01:44+00:00\",\"breadcrumb\":{\"@id\":\"https:\\\/\\\/genepredictis.com\\\/fr\\\/microbiology\\\/#breadcrumb\"},\"inLanguage\":\"fr-FR\",\"potentialAction\":[{\"@type\":\"ReadAction\",\"target\":[\"https:\\\/\\\/genepredictis.com\\\/fr\\\/microbiology\\\/\"]}]},{\"@type\":\"BreadcrumbList\",\"@id\":\"https:\\\/\\\/genepredictis.com\\\/fr\\\/microbiology\\\/#breadcrumb\",\"itemListElement\":[{\"@type\":\"ListItem\",\"position\":1,\"name\":\"Home\",\"item\":\"https:\\\/\\\/genepredictis.com\\\/fr\\\/home\\\/\"},{\"@type\":\"ListItem\",\"position\":2,\"name\":\"MICROBIOLOGY\"}]},{\"@type\":\"WebSite\",\"@id\":\"https:\\\/\\\/genepredictis.com\\\/fr\\\/#website\",\"url\":\"https:\\\/\\\/genepredictis.com\\\/fr\\\/\",\"name\":\"Genepredictis\",\"description\":\"Because i am unique\",\"publisher\":{\"@id\":\"https:\\\/\\\/genepredictis.com\\\/fr\\\/#organization\"},\"potentialAction\":[{\"@type\":\"SearchAction\",\"target\":{\"@type\":\"EntryPoint\",\"urlTemplate\":\"https:\\\/\\\/genepredictis.com\\\/fr\\\/?s={search_term_string}\"},\"query-input\":{\"@type\":\"PropertyValueSpecification\",\"valueRequired\":true,\"valueName\":\"search_term_string\"}}],\"inLanguage\":\"fr-FR\"},{\"@type\":\"Organization\",\"@id\":\"https:\\\/\\\/genepredictis.com\\\/fr\\\/#organization\",\"name\":\"Gene predictis\",\"url\":\"https:\\\/\\\/genepredictis.com\\\/fr\\\/\",\"logo\":{\"@type\":\"ImageObject\",\"inLanguage\":\"fr-FR\",\"@id\":\"https:\\\/\\\/genepredictis.com\\\/fr\\\/#\\\/schema\\\/logo\\\/image\\\/\",\"url\":\"https:\\\/\\\/genepredictis.com\\\/wp-content\\\/uploads\\\/2021\\\/08\\\/logoNB.png\",\"contentUrl\":\"https:\\\/\\\/genepredictis.com\\\/wp-content\\\/uploads\\\/2021\\\/08\\\/logoNB.png\",\"width\":606,\"height\":170,\"caption\":\"Gene predictis\"},\"image\":{\"@id\":\"https:\\\/\\\/genepredictis.com\\\/fr\\\/#\\\/schema\\\/logo\\\/image\\\/\"}}]}<\/script>\n<!-- \/ Yoast SEO plugin. -->","yoast_head_json":{"title":"MICROBIOLOGY - Genepredictis","robots":{"index":"index","follow":"follow","max-snippet":"max-snippet:-1","max-image-preview":"max-image-preview:large","max-video-preview":"max-video-preview:-1"},"canonical":"https:\/\/genepredictis.com\/fr\/microbiology\/","og_locale":"fr_FR","og_type":"article","og_title":"MICROBIOLOGY - Genepredictis","og_url":"https:\/\/genepredictis.com\/fr\/microbiology\/","og_site_name":"Genepredictis","article_modified_time":"2023-02-01T09:01:44+00:00","twitter_card":"summary_large_image","twitter_misc":{"Dur\u00e9e de lecture estim\u00e9e":"2 minutes"},"schema":{"@context":"https:\/\/schema.org","@graph":[{"@type":"WebPage","@id":"https:\/\/genepredictis.com\/fr\/microbiology\/","url":"https:\/\/genepredictis.com\/fr\/microbiology\/","name":"MICROBIOLOGY - Genepredictis","isPartOf":{"@id":"https:\/\/genepredictis.com\/fr\/#website"},"datePublished":"2021-10-01T15:45:57+00:00","dateModified":"2023-02-01T09:01:44+00:00","breadcrumb":{"@id":"https:\/\/genepredictis.com\/fr\/microbiology\/#breadcrumb"},"inLanguage":"fr-FR","potentialAction":[{"@type":"ReadAction","target":["https:\/\/genepredictis.com\/fr\/microbiology\/"]}]},{"@type":"BreadcrumbList","@id":"https:\/\/genepredictis.com\/fr\/microbiology\/#breadcrumb","itemListElement":[{"@type":"ListItem","position":1,"name":"Home","item":"https:\/\/genepredictis.com\/fr\/home\/"},{"@type":"ListItem","position":2,"name":"MICROBIOLOGY"}]},{"@type":"WebSite","@id":"https:\/\/genepredictis.com\/fr\/#website","url":"https:\/\/genepredictis.com\/fr\/","name":"Genepredictis","description":"Because i am unique","publisher":{"@id":"https:\/\/genepredictis.com\/fr\/#organization"},"potentialAction":[{"@type":"SearchAction","target":{"@type":"EntryPoint","urlTemplate":"https:\/\/genepredictis.com\/fr\/?s={search_term_string}"},"query-input":{"@type":"PropertyValueSpecification","valueRequired":true,"valueName":"search_term_string"}}],"inLanguage":"fr-FR"},{"@type":"Organization","@id":"https:\/\/genepredictis.com\/fr\/#organization","name":"Gene predictis","url":"https:\/\/genepredictis.com\/fr\/","logo":{"@type":"ImageObject","inLanguage":"fr-FR","@id":"https:\/\/genepredictis.com\/fr\/#\/schema\/logo\/image\/","url":"https:\/\/genepredictis.com\/wp-content\/uploads\/2021\/08\/logoNB.png","contentUrl":"https:\/\/genepredictis.com\/wp-content\/uploads\/2021\/08\/logoNB.png","width":606,"height":170,"caption":"Gene predictis"},"image":{"@id":"https:\/\/genepredictis.com\/fr\/#\/schema\/logo\/image\/"}}]}},"_links":{"self":[{"href":"https:\/\/genepredictis.com\/fr\/wp-json\/wp\/v2\/pages\/4083","targetHints":{"allow":["GET"]}}],"collection":[{"href":"https:\/\/genepredictis.com\/fr\/wp-json\/wp\/v2\/pages"}],"about":[{"href":"https:\/\/genepredictis.com\/fr\/wp-json\/wp\/v2\/types\/page"}],"author":[{"embeddable":true,"href":"https:\/\/genepredictis.com\/fr\/wp-json\/wp\/v2\/users\/1"}],"replies":[{"embeddable":true,"href":"https:\/\/genepredictis.com\/fr\/wp-json\/wp\/v2\/comments?post=4083"}],"version-history":[{"count":5,"href":"https:\/\/genepredictis.com\/fr\/wp-json\/wp\/v2\/pages\/4083\/revisions"}],"predecessor-version":[{"id":4778,"href":"https:\/\/genepredictis.com\/fr\/wp-json\/wp\/v2\/pages\/4083\/revisions\/4778"}],"wp:attachment":[{"href":"https:\/\/genepredictis.com\/fr\/wp-json\/wp\/v2\/media?parent=4083"}],"curies":[{"name":"wp","href":"https:\/\/api.w.org\/{rel}","templated":true}]}}