{"id":4074,"date":"2021-10-01T12:46:30","date_gmt":"2021-10-01T10:46:30","guid":{"rendered":"https:\/\/genepredictis.com\/?page_id=4074"},"modified":"2024-07-17T14:30:11","modified_gmt":"2024-07-17T12:30:11","slug":"home","status":"publish","type":"page","link":"https:\/\/genepredictis.com\/fr\/","title":{"rendered":"Home"},"content":{"rendered":"\n<style type=\"text\/css\" data-created_by=\"avia_inline_auto\" id=\"style-css-av-ku88i6w2-db48579f4dae5defea2b905e351c8fc9\">\n.avia-section.av-ku88i6w2-db48579f4dae5defea2b905e351c8fc9{\nbackground-repeat:no-repeat;\nbackground-image:url(https:\/\/genepredictis.com\/wp-content\/uploads\/2021\/08\/banner_home.jpg);\nbackground-position:50% 50%;\nbackground-attachment:scroll;\n}\n.avia-section.av-ku88i6w2-db48579f4dae5defea2b905e351c8fc9 .av-section-color-overlay{\nopacity:0.3;\nbackground-color:#000000;\n}\n<\/style>\n<div id='av_section_1'  class='avia-section av-ku88i6w2-db48579f4dae5defea2b905e351c8fc9 main_color avia-section-huge avia-no-border-styling  avia-builder-el-0  el_before_av_section  avia-builder-el-first  avia-full-stretch avia-bg-style-scroll av-section-color-overlay-active av-minimum-height av-minimum-height-50 av-height-50  container_wrap fullsize'  data-section-bg-repeat='stretch' data-av_minimum_height_pc='50' data-av_min_height_opt='50'><div class=\"av-section-color-overlay-wrap\"><div class=\"av-section-color-overlay\"><\/div><div class='container av-section-cont-open' ><main  role=\"main\" itemprop=\"mainContentOfPage\"  class='template-page content  av-content-full alpha units'><div class='post-entry post-entry-type-page post-entry-4074'><div class='entry-content-wrapper clearfix'>\n<\/div><\/div><\/main><!-- close content main element --><\/div><\/div><\/div><div id='av_section_2'  class='avia-section av-2a4vk-d03363e1ff998246891fa7c70e2f0974 main_color avia-section-default avia-no-border-styling  avia-builder-el-1  el_after_av_section  el_before_av_section  avia-bg-style-scroll container_wrap fullsize'  ><div class='container av-section-cont-open' ><div class='template-page content  av-content-full alpha units'><div class='post-entry post-entry-type-page post-entry-4074'><div class='entry-content-wrapper clearfix'>\n\n<style type=\"text\/css\" data-created_by=\"avia_inline_auto\" id=\"style-css-av-kt06st30-504790ad2826bb45f06dbc46a253dfd8\">\n#top .av-special-heading.av-kt06st30-504790ad2826bb45f06dbc46a253dfd8{\npadding-bottom:40px;\ncolor:#000000;\nfont-size:40px;\n}\nbody .av-special-heading.av-kt06st30-504790ad2826bb45f06dbc46a253dfd8 .av-special-heading-tag .heading-char{\nfont-size:25px;\n}\n#top #wrap_all .av-special-heading.av-kt06st30-504790ad2826bb45f06dbc46a253dfd8 .av-special-heading-tag{\nfont-size:40px;\n}\n.av-special-heading.av-kt06st30-504790ad2826bb45f06dbc46a253dfd8 .special-heading-inner-border{\nborder-color:#000000;\n}\n.av-special-heading.av-kt06st30-504790ad2826bb45f06dbc46a253dfd8 .av-subheading{\nfont-size:15px;\n}\n\n@media only screen and (min-width: 480px) and (max-width: 767px){ \n#top #wrap_all .av-special-heading.av-kt06st30-504790ad2826bb45f06dbc46a253dfd8 .av-special-heading-tag{\nfont-size:40px;\n}\n}\n\n@media only screen and (max-width: 479px){ \n#top #wrap_all .av-special-heading.av-kt06st30-504790ad2826bb45f06dbc46a253dfd8 .av-special-heading-tag{\nfont-size:36px;\n}\n}\n<\/style>\n<div  class='av-special-heading av-kt06st30-504790ad2826bb45f06dbc46a253dfd8 av-special-heading-h1 custom-color-heading blockquote modern-quote modern-centered  avia-builder-el-2  el_before_av_textblock  avia-builder-el-first  av-inherit-size'><h1 class='av-special-heading-tag '  itemprop=\"headline\"  >UNE SOCI\u00c9T\u00c9 SUISSE INNOVANTE<br \/>\nPIONNI\u00c8RE EN M\u00c9DECINE DE PR\u00c9CISION<\/h1><div class=\"special-heading-border\"><div class=\"special-heading-inner-border\"><\/div><\/div><\/div>\n<section  class='av_textblock_section av-kt06t8md-8e0f84dc08bf80c3399c09414754bb24 '   itemscope=\"itemscope\" itemtype=\"https:\/\/schema.org\/CreativeWork\" ><div class='avia_textblock'  itemprop=\"text\" ><p>Nous d\u00e9veloppons et commercialisons des outils de diagnostic innovants et cliniquement appropri\u00e9s, bas\u00e9s sur la g\u00e9n\u00e9tique, permettant de:<\/p>\n<ul>\n<li>am\u00e9liorer l&rsquo;efficacit\u00e9 des traitements m\u00e9dicamenteux et r\u00e9duire les effets secondaires n\u00e9fastes<\/li>\n<li>am\u00e9liorer les habitudes alimentaires et le mode de vie<\/li>\n<li>pr\u00e9venir le d\u00e9veloppement des maladies<\/li>\n<\/ul>\n<p>Ces outils sont fond\u00e9s sur des connaissances scientifiques r\u00e9centes et reconnues dans le domaine de la sant\u00e9 et de la g\u00e9n\u00e9tique ainsi que sur des algorithmes d\u00e9velopp\u00e9s en interne.<\/p>\n<p>Nos technologies de pointe en diagnostic et en m\u00e9decine pr\u00e9dictive r\u00e9pondent \u00e0 des besoins m\u00e9dicaux majeurs. Nos tests sont disponibles sur prescription m\u00e9dicale et sont par nos laboratoires autoris\u00e9s en Suisse.<\/p>\n<\/div><\/section>\n<\/div><\/div><\/div><!-- close content main div --><\/div><\/div><div id='av_section_3'  class='avia-section av-ktk3glr7-a42474ee1acc5d25ca1c80861bac2ca0 main_color avia-section-default avia-no-border-styling  avia-builder-el-4  el_after_av_section  el_before_av_section  av-desktop-hide avia-bg-style-scroll container_wrap fullsize'  ><div class='container av-section-cont-open' ><div class='template-page content  av-content-full alpha units'><div class='post-entry post-entry-type-page post-entry-4074'><div class='entry-content-wrapper clearfix'>\n<div  class='avia-video av-kuo2ax9b-1e1fabec0ccf45fc25513235b2b61c74 avia-video-16-9 av-no-preview-image avia-video-load-always av-lazyload-immediate av-lazyload-video-embed'  itemprop=\"video\" itemtype=\"https:\/\/schema.org\/VideoObject\"  data-original_url='https:\/\/youtu.be\/Y09tXPTtco0'><script type='text\/html' class='av-video-tmpl'><div class='avia-iframe-wrap'><iframe loading=\"lazy\" title=\"Gene Predictis - Corporate presentation\" width=\"1500\" height=\"844\" src=\"https:\/\/www.youtube.com\/embed\/Y09tXPTtco0?feature=oembed&autoplay=1&loop=1&controls=1&mute=1\" frameborder=\"0\" allow=\"accelerometer; autoplay; clipboard-write; encrypted-media; gyroscope; picture-in-picture\" allowfullscreen><\/iframe><\/div><\/script><div class='av-click-to-play-overlay'><div class=\"avia_playpause_icon\"><\/div><\/div><\/div>\n<\/p>\n<\/div><\/div><\/div><!-- close content main div --><\/div><\/div>\n<style type=\"text\/css\" data-created_by=\"avia_inline_auto\" id=\"style-css-av-vicg-fa5e7c8c949045dad9e17bd4c72f1f8d\">\n.avia-section.av-vicg-fa5e7c8c949045dad9e17bd4c72f1f8d .av-section-color-overlay{\nopacity:0.8;\nbackground-color:#ffffff;\n}\n<\/style>\n<div id='av_section_4'  class='avia-section av-vicg-fa5e7c8c949045dad9e17bd4c72f1f8d main_color avia-section-default avia-no-border-styling  avia-builder-el-6  el_after_av_section  el_before_av_section  av-medium-hide av-small-hide av-mini-hide avia-bg-style-scroll av-section-color-overlay-active container_wrap fullsize'  ><div class=\"av-section-color-overlay-wrap\"><div class=\"av-section-color-overlay\"><\/div><div class='container av-section-cont-open' ><div class='template-page content  av-content-full alpha units'><div class='post-entry post-entry-type-page post-entry-4074'><div class='entry-content-wrapper clearfix'>\n<div  class='avia-video av-10kag-2b8960a6504dec1f56b38d43ff94d4e6 avia-video-16-9 av-medium-hide av-small-hide av-mini-hide av-no-preview-image avia-video-load-always av-lazyload-immediate av-lazyload-video-embed'  itemprop=\"video\" itemtype=\"https:\/\/schema.org\/VideoObject\"  data-original_url='https:\/\/www.youtube.com\/watch?v=Y09tXPTtco0'><script type='text\/html' class='av-video-tmpl'><div class='avia-iframe-wrap'><iframe loading=\"lazy\" title=\"Gene Predictis - Corporate presentation\" width=\"1500\" height=\"844\" src=\"https:\/\/www.youtube.com\/embed\/Y09tXPTtco0?feature=oembed&autoplay=0&loop=1&controls=1&mute=0&playlist=Y09tXPTtco0\" frameborder=\"0\" allow=\"accelerometer; autoplay; clipboard-write; encrypted-media; gyroscope; picture-in-picture\" allowfullscreen><\/iframe><\/div><\/script><div class='av-click-to-play-overlay'><div class=\"avia_playpause_icon\"><\/div><\/div><\/div>\n\n<\/div><\/div><\/div><!-- close content main div --><\/div><\/div><\/div>\n<style type=\"text\/css\" data-created_by=\"avia_inline_auto\" id=\"style-css-av-kt08owov-23c489eed2d97ca8b169b39469281cd6\">\n.avia-section.av-kt08owov-23c489eed2d97ca8b169b39469281cd6{\nbackground-color:#101946;\nbackground-image:unset;\n}\n<\/style>\n<div id='av_section_5'  class='avia-section av-kt08owov-23c489eed2d97ca8b169b39469281cd6 main_color avia-section-default avia-no-border-styling  avia-builder-el-8  el_after_av_section  el_before_av_section  avia-bg-style-scroll container_wrap fullsize'  ><div class='container av-section-cont-open' ><div class='template-page content  av-content-full alpha units'><div class='post-entry post-entry-type-page post-entry-4074'><div class='entry-content-wrapper clearfix'>\n\n<style type=\"text\/css\" data-created_by=\"avia_inline_auto\" id=\"style-css-av-39s7k-461b28f5ab6eabe5b2e4d5ce81393727\">\n.flex_column.av-39s7k-461b28f5ab6eabe5b2e4d5ce81393727{\nborder-radius:0px 0px 0px 0px;\npadding:0px 0px 0px 0px;\n}\n<\/style>\n<div  class='flex_column av-39s7k-461b28f5ab6eabe5b2e4d5ce81393727 av_one_third  avia-builder-el-9  el_before_av_one_third  avia-builder-el-first  first flex_column_div av-zero-column-padding  '     ><style type=\"text\/css\" data-created_by=\"avia_inline_auto\" id=\"style-css-av-kt08rpzc-a451900bf08e5981422989839347b381\">\n.avia-animated-number.av-kt08rpzc-a451900bf08e5981422989839347b381 .avia-animated-number-icon.avia-svg-icon svg:first-child{\nfill:#8b6089;\nstroke:#8b6089;\n}\n#top .avia-animated-number.av-kt08rpzc-a451900bf08e5981422989839347b381 .avia-animated-number-title{\nfont-size:100px;\ncolor:#8b6089;\n}\n#top .avia-animated-number.av-kt08rpzc-a451900bf08e5981422989839347b381 .avia-animated-number-content{\nfont-size:25px;\ncolor:#ffffff;\n}\n<\/style>\n<div  class=\"avia-animated-number av-kt08rpzc-a451900bf08e5981422989839347b381 av-force-default-color avia_animate_when_visible  avia-builder-el-10  avia-builder-el-no-sibling  avia-color-font-custom \" data-timer=\"3000\"><strong class=\"heading avia-animated-number-title\"><span class=\"avia-single-number __av-single-number\" data-number_format=\"\" data-number=\"15\" data-start_from=\"0\">15<\/span><span class=\"avia-no-number\"> <\/span><\/strong><div class=\"avia-animated-number-content\"><p>pendant des ann\u00e9es \u00e0 votre service<\/p>\n<\/div><\/div><\/div>\n<style type=\"text\/css\" data-created_by=\"avia_inline_auto\" id=\"style-css-av-2tx58-9edd5b4ff4c5687c7f182f630083bb45\">\n.flex_column.av-2tx58-9edd5b4ff4c5687c7f182f630083bb45{\nborder-radius:0px 0px 0px 0px;\npadding:0px 0px 0px 0px;\n}\n<\/style>\n<div  class='flex_column av-2tx58-9edd5b4ff4c5687c7f182f630083bb45 av_one_third  avia-builder-el-11  el_after_av_one_third  el_before_av_one_third  flex_column_div av-zero-column-padding  '     ><style type=\"text\/css\" data-created_by=\"avia_inline_auto\" id=\"style-css-av-24swg-7f6650ce84d0fbf3cd5684df32d914fe\">\n.avia-animated-number.av-24swg-7f6650ce84d0fbf3cd5684df32d914fe .avia-animated-number-icon.avia-svg-icon svg:first-child{\nfill:#8b6089;\nstroke:#8b6089;\n}\n#top .avia-animated-number.av-24swg-7f6650ce84d0fbf3cd5684df32d914fe .avia-animated-number-title{\nfont-size:100px;\ncolor:#8b6089;\n}\n#top .avia-animated-number.av-24swg-7f6650ce84d0fbf3cd5684df32d914fe .avia-animated-number-content{\nfont-size:25px;\ncolor:#ffffff;\n}\n<\/style>\n<div  class=\"avia-animated-number av-24swg-7f6650ce84d0fbf3cd5684df32d914fe av-force-default-color avia_animate_when_visible  avia-builder-el-12  avia-builder-el-no-sibling  avia-color-font-custom \" data-timer=\"3000\"><strong class=\"heading avia-animated-number-title\"><span class=\"avia-single-number __av-single-number\" data-number_format=\"\" data-number=\"50\" data-start_from=\"0\">50<\/span><span class=\"avia-no-number\">,<\/span><span class=\"avia-single-number __av-single-number\" data-number_format=\"\" data-number=\"000\" data-start_from=\"0\">000<\/span><span class=\"avia-no-number\"> <\/span><\/strong><div class=\"avia-animated-number-content\"><p>plus d&rsquo;analyses effectu\u00e9es<\/p>\n<\/div><\/div><\/div>\n<style type=\"text\/css\" data-created_by=\"avia_inline_auto\" id=\"style-css-av-1d2ag-e42575c0462cafd83e80e3787708dbc4\">\n.flex_column.av-1d2ag-e42575c0462cafd83e80e3787708dbc4{\nborder-radius:0px 0px 0px 0px;\npadding:0px 0px 0px 0px;\n}\n<\/style>\n<div  class='flex_column av-1d2ag-e42575c0462cafd83e80e3787708dbc4 av_one_third  avia-builder-el-13  el_after_av_one_third  avia-builder-el-last  flex_column_div av-zero-column-padding  '     ><style type=\"text\/css\" data-created_by=\"avia_inline_auto\" id=\"style-css-av-o0z8-2ebf00a990ca155cb9a435771e30fab1\">\n.avia-animated-number.av-o0z8-2ebf00a990ca155cb9a435771e30fab1 .avia-animated-number-icon.avia-svg-icon svg:first-child{\nfill:#8b6089;\nstroke:#8b6089;\n}\n#top .avia-animated-number.av-o0z8-2ebf00a990ca155cb9a435771e30fab1 .avia-animated-number-title{\nfont-size:100px;\ncolor:#8b6089;\n}\n#top .avia-animated-number.av-o0z8-2ebf00a990ca155cb9a435771e30fab1 .avia-animated-number-content{\nfont-size:25px;\ncolor:#ffffff;\n}\n<\/style>\n<div  class=\"avia-animated-number av-o0z8-2ebf00a990ca155cb9a435771e30fab1 av-force-default-color avia_animate_when_visible  avia-builder-el-14  avia-builder-el-no-sibling  avia-color-font-custom \" data-timer=\"3000\"><strong class=\"heading avia-animated-number-title\"><span class=\"avia-single-number __av-single-number\" data-number_format=\"\" data-number=\"150\" data-start_from=\"0\">150<\/span><span class=\"avia-no-number\"> <\/span><\/strong><div class=\"avia-animated-number-content\"><p>des ann\u00e9es d&rsquo;exp\u00e9rience scientifique commune<\/p>\n<\/div><\/div><\/div>\n\n<\/div><\/div><\/div><!-- close content main div --><\/div><\/div><div id='av_section_6'  class='avia-section av-13d28-410fbb07bc08491ee6759dc4f0b478db main_color avia-section-default avia-no-border-styling  avia-builder-el-15  el_after_av_section  avia-builder-el-last  avia-bg-style-scroll container_wrap fullsize'  ><div class='container av-section-cont-open' ><div class='template-page content  av-content-full alpha units'><div class='post-entry post-entry-type-page post-entry-4074'><div class='entry-content-wrapper clearfix'>\n\n<style type=\"text\/css\" data-created_by=\"avia_inline_auto\" id=\"style-css-av-kt08wosc-a45d491a16ff5163e95a2fbeb9af7109\">\n#top .av-special-heading.av-kt08wosc-a45d491a16ff5163e95a2fbeb9af7109{\npadding-bottom:10px;\n}\nbody .av-special-heading.av-kt08wosc-a45d491a16ff5163e95a2fbeb9af7109 .av-special-heading-tag .heading-char{\nfont-size:25px;\n}\n.av-special-heading.av-kt08wosc-a45d491a16ff5163e95a2fbeb9af7109 .av-subheading{\nfont-size:15px;\n}\n<\/style>\n<div  class='av-special-heading av-kt08wosc-a45d491a16ff5163e95a2fbeb9af7109 av-special-heading-h2 blockquote modern-quote modern-centered  avia-builder-el-16  el_before_av_one_half  avia-builder-el-first '><h2 class='av-special-heading-tag '  itemprop=\"headline\"  >~ DERNI\u00c8RES NOUVELLES ~<\/h2><div class=\"special-heading-border\"><div class=\"special-heading-inner-border\"><\/div><\/div><\/div>\n<div class='flex_column_table av-1joeo-1a9330ce03141a2bd12a86cea2209fe3 sc-av_one_half av-equal-height-column-flextable'><div  class='flex_column av-1joeo-1a9330ce03141a2bd12a86cea2209fe3 av_one_half  avia-builder-el-17  el_after_av_heading  el_before_av_one_half  first flex_column_table_cell av-equal-height-column av-align-top  '     ><div id='av-magazine-1' class='av-magazine   avia-builder-el-18  avia-builder-el-no-sibling   av-magazine-hero-top av-magazine-top-bar-active av-magazine-tabs-active' ><div class='av-magazine-top-bar ' ><\/div><div class='av-magazine-group sort_all'><div class='av-magazine-hero first '><article class='hentry av-magazine-entry av-magazine-entry-id-4130 av-magazine-format-standard av-magazine-type-post av-magazine-entry-1 av-magazine-entry-big '  itemscope=\"itemscope\" itemtype=\"https:\/\/schema.org\/CreativeWork\" ><div class='av-magazine-content-wrap'><header class='entry-content-header'><time class='av-magazine-time updated'  itemprop=\"datePublished\" datetime=\"2020-06-03T14:43:27+02:00\" >03\/06\/2020<\/time><span class='av-magazine-text-sep text-sep-date'>\/<\/span><span class=\"av-magazine-author minor-meta\">par <span class=\"av-magazine-author-link\"  itemprop=\"author\" ><span class='av-magazine-author meta-color vcard author'><span class='fn'><a href=https:\/\/genepredictis.com\/fr\/author\/masmo\/ title=\"par masmo\" rel=\"author\">masmo<\/a><\/span><\/span><\/span><\/span><h3 class='av-magazine-title entry-title'  itemprop=\"headline\" ><a href='https:\/\/genepredictis.com\/fr\/gene-predictis-provides-analyses-for-covid-19\/' title='Lier vers : Gene Predictis fournit des analyses pour COVID-19'>Gene Predictis fournit des analyses pour COVID-19<\/a><\/h3><\/header><div class='av-magazine-content entry-content'  itemprop=\"text\" >Gene Predictis SA contribue \u00e0 la lutte contre la pand\u00e9mie actuelle de Coronavirus 2019 (COVID-19), caus\u00e9e par le Coronavirus 2 du syndrome respiratoire aigu s\u00e9v\u00e8re (SARS-CoV-2). Notre laboratoire propose une gamme compl\u00e8te de tests li\u00e9s \u00e0 COVID-19 :\r\n\r\n\r\n \tLe test de diagnostic - un test bas\u00e9 sur la PCR qui d\u00e9tecte sp\u00e9cifiquement l'ARN viral, il est effectu\u00e9\u2026<\/div><div class='av-magazine-read-more'><div class=\"read-more-link\"><a href=\"https:\/\/genepredictis.com\/fr\/gene-predictis-provides-analyses-for-covid-19\/\" class=\"more-link\">Lire la suite<span class=\"more-link-arrow\"><\/span><\/a><\/div><\/div><\/div><footer class='entry-footer'><\/footer><\/article><\/div><\/div><\/div><\/div><div class='av-flex-placeholder'><\/div><div  class='flex_column av-123ds-68bbc608952a3405870d9814e0d8a6f9 av_one_half  avia-builder-el-19  el_after_av_one_half  avia-builder-el-last  flex_column_table_cell av-equal-height-column av-align-top  '     ><div id='av-magazine-2' class='av-magazine   avia-builder-el-20  avia-builder-el-no-sibling   av-magazine-hero-top av-magazine-top-bar-active av-magazine-tabs-active' ><div class='av-magazine-top-bar ' ><\/div><div class='av-magazine-group sort_all'><div class='av-magazine-hero first '><article class='hentry av-magazine-entry av-magazine-entry-id-4138 av-magazine-format-standard av-magazine-type-post av-magazine-entry-1 av-magazine-entry-big '  itemscope=\"itemscope\" itemtype=\"https:\/\/schema.org\/CreativeWork\" ><div class='av-magazine-content-wrap'><header class='entry-content-header'><time class='av-magazine-time updated'  itemprop=\"datePublished\" datetime=\"2019-06-28T15:05:18+02:00\" >28\/06\/2019<\/time><span class='av-magazine-text-sep text-sep-date'>\/<\/span><span class=\"av-magazine-author minor-meta\">par <span class=\"av-magazine-author-link\"  itemprop=\"author\" ><span class='av-magazine-author meta-color vcard author'><span class='fn'><a href=https:\/\/genepredictis.com\/fr\/author\/masmo\/ title=\"par masmo\" rel=\"author\">masmo<\/a><\/span><\/span><\/span><\/span><h3 class='av-magazine-title entry-title'  itemprop=\"headline\" ><a href='https:\/\/genepredictis.com\/fr\/gene-predictis-wins-two-international-life-sciences-awards\/' title='Lier vers : Gene Predictis remporte deux International Life Sciences Awards'>Gene Predictis remporte deux International Life Sciences Awards<\/a><\/h3><\/header><div class='av-magazine-content entry-content'  itemprop=\"text\" >Gene Predictis SA, une entreprise suisse \u00e0 la pointe de la m\u00e9decine de pr\u00e9cision, est laur\u00e9ate des deux prestigieux International Life Sciences Awards 2019, d\u00e9cern\u00e9s par Global Health &amp ; Pharma :\r\n\r\n1) Soci\u00e9t\u00e9 la plus pionni\u00e8re en mati\u00e8re de m\u00e9decine de pr\u00e9cision - Europe\r\n\r\n2) Meilleur produit pharmacog\u00e9n\u00e9tique - Pill Protect\r\n\r\nLa soci\u00e9t\u00e9 a \u00e9t\u00e9\u2026<\/div><div class='av-magazine-read-more'><div class=\"read-more-link\"><a href=\"https:\/\/genepredictis.com\/fr\/gene-predictis-wins-two-international-life-sciences-awards\/\" class=\"more-link\">Lire la suite<span class=\"more-link-arrow\"><\/span><\/a><\/div><\/div><\/div><footer class='entry-footer'><\/footer><\/article><\/div><\/div><\/div><\/div><\/div><!--close column table wrapper. Autoclose: 1 -->\n\n","protected":false},"excerpt":{"rendered":"","protected":false},"author":1,"featured_media":0,"parent":0,"menu_order":0,"comment_status":"closed","ping_status":"closed","template":"","meta":{"footnotes":""},"class_list":["post-4074","page","type-page","status-publish","hentry"],"yoast_head":"<!-- This site is optimized with the Yoast SEO plugin v27.4 - https:\/\/yoast.com\/product\/yoast-seo-wordpress\/ -->\n<title>Home - Genepredictis<\/title>\n<meta name=\"robots\" content=\"index, follow, max-snippet:-1, max-image-preview:large, max-video-preview:-1\" \/>\n<link rel=\"canonical\" href=\"https:\/\/genepredictis.com\/fr\/\" \/>\n<meta property=\"og:locale\" content=\"fr_FR\" \/>\n<meta property=\"og:type\" content=\"article\" \/>\n<meta property=\"og:title\" content=\"Home - Genepredictis\" \/>\n<meta property=\"og:url\" content=\"https:\/\/genepredictis.com\/fr\/\" \/>\n<meta property=\"og:site_name\" content=\"Genepredictis\" \/>\n<meta property=\"article:modified_time\" content=\"2024-07-17T12:30:11+00:00\" \/>\n<meta name=\"twitter:card\" content=\"summary_large_image\" \/>\n<meta name=\"twitter:label1\" content=\"Dur\u00e9e de lecture estim\u00e9e\" \/>\n\t<meta name=\"twitter:data1\" content=\"2 minutes\" \/>\n<script type=\"application\/ld+json\" class=\"yoast-schema-graph\">{\"@context\":\"https:\\\/\\\/schema.org\",\"@graph\":[{\"@type\":\"WebPage\",\"@id\":\"https:\\\/\\\/genepredictis.com\\\/fr\\\/\",\"url\":\"https:\\\/\\\/genepredictis.com\\\/fr\\\/\",\"name\":\"Home - Genepredictis\",\"isPartOf\":{\"@id\":\"https:\\\/\\\/genepredictis.com\\\/fr\\\/#website\"},\"datePublished\":\"2021-10-01T10:46:30+00:00\",\"dateModified\":\"2024-07-17T12:30:11+00:00\",\"breadcrumb\":{\"@id\":\"https:\\\/\\\/genepredictis.com\\\/fr\\\/#breadcrumb\"},\"inLanguage\":\"fr-FR\",\"potentialAction\":[{\"@type\":\"ReadAction\",\"target\":[\"https:\\\/\\\/genepredictis.com\\\/fr\\\/\"]}]},{\"@type\":\"BreadcrumbList\",\"@id\":\"https:\\\/\\\/genepredictis.com\\\/fr\\\/#breadcrumb\",\"itemListElement\":[{\"@type\":\"ListItem\",\"position\":1,\"name\":\"Home\",\"item\":\"https:\\\/\\\/genepredictis.com\\\/fr\\\/home\\\/\"},{\"@type\":\"ListItem\",\"position\":2,\"name\":\"Home\"}]},{\"@type\":\"WebSite\",\"@id\":\"https:\\\/\\\/genepredictis.com\\\/fr\\\/#website\",\"url\":\"https:\\\/\\\/genepredictis.com\\\/fr\\\/\",\"name\":\"Genepredictis\",\"description\":\"Because i am unique\",\"publisher\":{\"@id\":\"https:\\\/\\\/genepredictis.com\\\/fr\\\/#organization\"},\"potentialAction\":[{\"@type\":\"SearchAction\",\"target\":{\"@type\":\"EntryPoint\",\"urlTemplate\":\"https:\\\/\\\/genepredictis.com\\\/fr\\\/?s={search_term_string}\"},\"query-input\":{\"@type\":\"PropertyValueSpecification\",\"valueRequired\":true,\"valueName\":\"search_term_string\"}}],\"inLanguage\":\"fr-FR\"},{\"@type\":\"Organization\",\"@id\":\"https:\\\/\\\/genepredictis.com\\\/fr\\\/#organization\",\"name\":\"Gene predictis\",\"url\":\"https:\\\/\\\/genepredictis.com\\\/fr\\\/\",\"logo\":{\"@type\":\"ImageObject\",\"inLanguage\":\"fr-FR\",\"@id\":\"https:\\\/\\\/genepredictis.com\\\/fr\\\/#\\\/schema\\\/logo\\\/image\\\/\",\"url\":\"https:\\\/\\\/genepredictis.com\\\/wp-content\\\/uploads\\\/2021\\\/08\\\/logoNB.png\",\"contentUrl\":\"https:\\\/\\\/genepredictis.com\\\/wp-content\\\/uploads\\\/2021\\\/08\\\/logoNB.png\",\"width\":606,\"height\":170,\"caption\":\"Gene predictis\"},\"image\":{\"@id\":\"https:\\\/\\\/genepredictis.com\\\/fr\\\/#\\\/schema\\\/logo\\\/image\\\/\"}}]}<\/script>\n<!-- \/ Yoast SEO plugin. -->","yoast_head_json":{"title":"Home - Genepredictis","robots":{"index":"index","follow":"follow","max-snippet":"max-snippet:-1","max-image-preview":"max-image-preview:large","max-video-preview":"max-video-preview:-1"},"canonical":"https:\/\/genepredictis.com\/fr\/","og_locale":"fr_FR","og_type":"article","og_title":"Home - Genepredictis","og_url":"https:\/\/genepredictis.com\/fr\/","og_site_name":"Genepredictis","article_modified_time":"2024-07-17T12:30:11+00:00","twitter_card":"summary_large_image","twitter_misc":{"Dur\u00e9e de lecture estim\u00e9e":"2 minutes"},"schema":{"@context":"https:\/\/schema.org","@graph":[{"@type":"WebPage","@id":"https:\/\/genepredictis.com\/fr\/","url":"https:\/\/genepredictis.com\/fr\/","name":"Home - Genepredictis","isPartOf":{"@id":"https:\/\/genepredictis.com\/fr\/#website"},"datePublished":"2021-10-01T10:46:30+00:00","dateModified":"2024-07-17T12:30:11+00:00","breadcrumb":{"@id":"https:\/\/genepredictis.com\/fr\/#breadcrumb"},"inLanguage":"fr-FR","potentialAction":[{"@type":"ReadAction","target":["https:\/\/genepredictis.com\/fr\/"]}]},{"@type":"BreadcrumbList","@id":"https:\/\/genepredictis.com\/fr\/#breadcrumb","itemListElement":[{"@type":"ListItem","position":1,"name":"Home","item":"https:\/\/genepredictis.com\/fr\/home\/"},{"@type":"ListItem","position":2,"name":"Home"}]},{"@type":"WebSite","@id":"https:\/\/genepredictis.com\/fr\/#website","url":"https:\/\/genepredictis.com\/fr\/","name":"Genepredictis","description":"Because i am unique","publisher":{"@id":"https:\/\/genepredictis.com\/fr\/#organization"},"potentialAction":[{"@type":"SearchAction","target":{"@type":"EntryPoint","urlTemplate":"https:\/\/genepredictis.com\/fr\/?s={search_term_string}"},"query-input":{"@type":"PropertyValueSpecification","valueRequired":true,"valueName":"search_term_string"}}],"inLanguage":"fr-FR"},{"@type":"Organization","@id":"https:\/\/genepredictis.com\/fr\/#organization","name":"Gene predictis","url":"https:\/\/genepredictis.com\/fr\/","logo":{"@type":"ImageObject","inLanguage":"fr-FR","@id":"https:\/\/genepredictis.com\/fr\/#\/schema\/logo\/image\/","url":"https:\/\/genepredictis.com\/wp-content\/uploads\/2021\/08\/logoNB.png","contentUrl":"https:\/\/genepredictis.com\/wp-content\/uploads\/2021\/08\/logoNB.png","width":606,"height":170,"caption":"Gene predictis"},"image":{"@id":"https:\/\/genepredictis.com\/fr\/#\/schema\/logo\/image\/"}}]}},"_links":{"self":[{"href":"https:\/\/genepredictis.com\/fr\/wp-json\/wp\/v2\/pages\/4074","targetHints":{"allow":["GET"]}}],"collection":[{"href":"https:\/\/genepredictis.com\/fr\/wp-json\/wp\/v2\/pages"}],"about":[{"href":"https:\/\/genepredictis.com\/fr\/wp-json\/wp\/v2\/types\/page"}],"author":[{"embeddable":true,"href":"https:\/\/genepredictis.com\/fr\/wp-json\/wp\/v2\/users\/1"}],"replies":[{"embeddable":true,"href":"https:\/\/genepredictis.com\/fr\/wp-json\/wp\/v2\/comments?post=4074"}],"version-history":[{"count":9,"href":"https:\/\/genepredictis.com\/fr\/wp-json\/wp\/v2\/pages\/4074\/revisions"}],"predecessor-version":[{"id":5344,"href":"https:\/\/genepredictis.com\/fr\/wp-json\/wp\/v2\/pages\/4074\/revisions\/5344"}],"wp:attachment":[{"href":"https:\/\/genepredictis.com\/fr\/wp-json\/wp\/v2\/media?parent=4074"}],"curies":[{"name":"wp","href":"https:\/\/api.w.org\/{rel}","templated":true}]}}