{"id":4065,"date":"2021-09-07T17:37:43","date_gmt":"2021-09-07T15:37:43","guid":{"rendered":"https:\/\/genepredictis.com\/?page_id=4065"},"modified":"2023-01-17T11:17:05","modified_gmt":"2023-01-17T10:17:05","slug":"pill-protect","status":"publish","type":"page","link":"https:\/\/genepredictis.com\/fr\/genetic\/pill-protect\/","title":{"rendered":"PILL PROTECT"},"content":{"rendered":"\n<style type=\"text\/css\" data-created_by=\"avia_inline_auto\" id=\"style-css-av-ku8fds24-05068e854e2ba42035412a7333a99831\">\n.avia-section.av-ku8fds24-05068e854e2ba42035412a7333a99831{\nbackground-repeat:no-repeat;\nbackground-image:url(https:\/\/genepredictis.com\/wp-content\/uploads\/2021\/09\/banner_products.jpg);\nbackground-position:50% 50%;\nbackground-attachment:scroll;\n}\n.avia-section.av-ku8fds24-05068e854e2ba42035412a7333a99831 .av-section-color-overlay{\nopacity:0.3;\nbackground-color:#000000;\n}\n<\/style>\n<div id='av_section_1'  class='avia-section av-ku8fds24-05068e854e2ba42035412a7333a99831 main_color avia-section-huge avia-no-border-styling  avia-builder-el-0  el_before_av_section  avia-builder-el-first  avia-full-stretch avia-bg-style-scroll av-section-color-overlay-active av-minimum-height av-minimum-height-50 av-height-50  container_wrap fullsize'  data-section-bg-repeat='stretch' data-av_minimum_height_pc='50' data-av_min_height_opt='50'><div class=\"av-section-color-overlay-wrap\"><div class=\"av-section-color-overlay\"><\/div><div class='container av-section-cont-open' ><main  role=\"main\" itemprop=\"mainContentOfPage\"  class='template-page content  av-content-full alpha units'><div class='post-entry post-entry-type-page post-entry-4065'><div class='entry-content-wrapper clearfix'>\n<\/div><\/div><\/main><!-- close content main element --><\/div><\/div><\/div><div id='av_section_2'  class='avia-section av-2eorq2-9e504f0ad59d3250d44f2501ae07cf19 main_color avia-section-default avia-no-border-styling  avia-builder-el-1  el_after_av_section  avia-builder-el-last  avia-bg-style-scroll container_wrap fullsize'  ><div class='container av-section-cont-open' ><div class='template-page content  av-content-full alpha units'><div class='post-entry post-entry-type-page post-entry-4065'><div class='entry-content-wrapper clearfix'>\n\n<style type=\"text\/css\" data-created_by=\"avia_inline_auto\" id=\"style-css-av-kt8t9t0u-bd8c040f0e1901f47426e7439da092c9\">\n#top .av-special-heading.av-kt8t9t0u-bd8c040f0e1901f47426e7439da092c9{\nmargin:40px 0 0 0;\npadding-bottom:50px;\ncolor:#000000;\n}\nbody .av-special-heading.av-kt8t9t0u-bd8c040f0e1901f47426e7439da092c9 .av-special-heading-tag .heading-char{\nfont-size:25px;\n}\n.av-special-heading.av-kt8t9t0u-bd8c040f0e1901f47426e7439da092c9 .special-heading-inner-border{\nborder-color:#000000;\n}\n.av-special-heading.av-kt8t9t0u-bd8c040f0e1901f47426e7439da092c9 .av-subheading{\nfont-size:15px;\n}\n<\/style>\n<div  class='av-special-heading av-kt8t9t0u-bd8c040f0e1901f47426e7439da092c9 av-special-heading-h1 custom-color-heading blockquote modern-quote modern-centered  avia-builder-el-2  el_before_av_one_half  avia-builder-el-first '><h1 class='av-special-heading-tag '  itemprop=\"headline\"  >PILL PROTECT<\/h1><div class=\"special-heading-border\"><div class=\"special-heading-inner-border\"><\/div><\/div><\/div>\n<div  class='flex_column av-3qjdkx-0b7e9f6da29d3152e61188a372d1d535 av_one_half  avia-builder-el-3  el_after_av_heading  el_before_av_one_half  first flex_column_div  '     ><style type=\"text\/css\" data-created_by=\"avia_inline_auto\" id=\"style-css-av-kt8t8kqz-adc2bcc20a4191a34c11ce8bdd901f24\">\n.avia-image-container.av-kt8t8kqz-adc2bcc20a4191a34c11ce8bdd901f24 img.avia_image{\nbox-shadow:none;\n}\n.avia-image-container.av-kt8t8kqz-adc2bcc20a4191a34c11ce8bdd901f24 .av-image-caption-overlay-center{\ncolor:#ffffff;\n}\n<\/style>\n<div  class='avia-image-container av-kt8t8kqz-adc2bcc20a4191a34c11ce8bdd901f24 av-styling- avia-align-center  avia-builder-el-4  avia-builder-el-no-sibling '   itemprop=\"image\" itemscope=\"itemscope\" itemtype=\"https:\/\/schema.org\/ImageObject\" ><div class=\"avia-image-container-inner\"><div class=\"avia-image-overlay-wrap\"><img decoding=\"async\" fetchpriority=\"high\" class='wp-image-3754 avia-img-lazy-loading-not-3754 avia_image ' src=\"https:\/\/genepredictis.com\/wp-content\/uploads\/2021\/09\/picto_pillprotect.png\" alt='' title='picto_pillprotect'  height=\"396\" width=\"602\"  itemprop=\"thumbnailUrl\" srcset=\"https:\/\/genepredictis.com\/wp-content\/uploads\/2021\/09\/picto_pillprotect.png 602w, https:\/\/genepredictis.com\/wp-content\/uploads\/2021\/09\/picto_pillprotect-300x197.png 300w\" sizes=\"(max-width: 602px) 100vw, 602px\" \/><\/div><\/div><\/div><\/div>\n<style type=\"text\/css\" data-created_by=\"avia_inline_auto\" id=\"style-css-av-2a75sh-4fd19a53ca94a4edefb1bd5a98912982\">\n.flex_column.av-2a75sh-4fd19a53ca94a4edefb1bd5a98912982{\npadding:50px 50px 50px 50px;\n}\n<\/style>\n<div  id=\"pillprotect\"  class='flex_column av-2a75sh-4fd19a53ca94a4edefb1bd5a98912982 av_one_half  avia-builder-el-5  el_after_av_one_half  el_before_av_three_fifth  flex_column_div  '     ><section  class='av_textblock_section av-kt8t92ob-241bdcf71f312b5d085818902debaad5 '   itemscope=\"itemscope\" itemtype=\"https:\/\/schema.org\/CreativeWork\" ><div class='avia_textblock'  itemprop=\"text\" ><p><em>Couvert par l&rsquo;assurance Helsana Primeo <\/em><\/p>\n<p><strong>Pill Protect\u00ae est un ing\u00e9nieux test m\u00e9dical marqu\u00e9 CE-IVD qui utilise des donn\u00e9es g\u00e9n\u00e9tiques et cliniques pour identifier les femmes risquant de d\u00e9velopper des caillots sanguins (thrombose) lors de l&rsquo;utilisation de pilules contraceptives. C&rsquo;est le premier test valid\u00e9 cliniquement et l&rsquo;outil le plus performant pour identifier les femmes \u00e0 risque de d\u00e9velopper une thrombose sous pilule contraceptive.<\/strong><\/p>\n<\/div><\/section><\/div><div  id=\"pillprotect\"  class='flex_column av-5rxhcq-2ac7079d79781538de263c590ec10b68 av_three_fifth  avia-builder-el-7  el_after_av_one_half  el_before_av_two_fifth  first flex_column_div  column-top-margin'     ><section  class='av_textblock_section av-kv6k64p8-8ce76b9280214fb7e219883850c206ce '   itemscope=\"itemscope\" itemtype=\"https:\/\/schema.org\/CreativeWork\" ><div class='avia_textblock'  itemprop=\"text\" ><p>Pill Protect\u00ae est un test m\u00e9dical innovant marqu\u00e9 CE-IVD qui permet d&rsquo;estimer le risque de thrombose veineuse profonde li\u00e9 \u00e0 l&rsquo;utilisation de pilules contraceptives combin\u00e9es (oestro-progestatives).<\/p>\n<p>Le test comprend la d\u00e9tection de variations g\u00e9n\u00e9tiques sp\u00e9cifiques qui peuvent influencer le d\u00e9veloppement de la thrombose (formation de caillots sanguins \u00e0 l&rsquo;int\u00e9rieur des vaisseaux sanguins). Ces variations g\u00e9n\u00e9tiques comprennent des modifications g\u00e9n\u00e9tiques connues telles que le facteur V-Leiden et le facteur II-G20210A, mais aussi d&rsquo;autres variations g\u00e9n\u00e9tiques associ\u00e9es \u00e0 la coagulation et au m\u00e9tabolisme hormonal.<\/p>\n<p>Le calcul du risque prend en compte non seulement les facteurs g\u00e9n\u00e9tiques sp\u00e9cifiques, mais aussi des facteurs de risque cliniques pertinents tels que l&rsquo;\u00e2ge, l&rsquo;indice de masse corporelle, le tabagisme et les ant\u00e9c\u00e9dents familiaux de TVP, ainsi que la chimie des diff\u00e9rents contraceptifs oraux disponibles sur le march\u00e9.<\/p>\n<p>Le test a \u00e9t\u00e9 valid\u00e9 dans le cadre d&rsquo;une \u00e9tude clinique r\u00e9trospective (McDaid A et al ; PLoS One. 2017 Jul 27;12(7) : e0182041.) incluant 1&rsquo;600 femmes utilisant des pilules contraceptives (800 femmes ayant d\u00e9velopp\u00e9 une thrombose veineuse profonde et 800 t\u00e9moins). L&rsquo;\u00e9tude a d\u00e9montr\u00e9 que Pill Protect\u00ae \u00e9tait capable d&rsquo;identifier plus de 6 fois plus de femmes \u00e0 risque de d\u00e9velopper une thrombose que l&rsquo;approche traditionnelle bas\u00e9e sur un questionnaire m\u00e9dical qui cherche \u00e0 capturer les risques cliniques. Une \u00e9tude \u00e9conomique de sant\u00e9 (Sutherland CS, et al ; BMJ Open 2019;9:e031325.) montre que le test Pill Protect\u00ae est rentable en Suisse pour le d\u00e9pistage des femmes, cherchant une contraception hormonale combin\u00e9e, pour leur risque de thrombose.<\/p>\n<p>Le test Pill Protect\u00ae fournit au m\u00e9decin un outil de m\u00e9decine personnalis\u00e9e et permet de s\u00e9lectionner la m\u00e9thode de contraception la plus optimale \u00e0 la lumi\u00e8re des risques encourus ; il permet \u00e9galement d&rsquo;apporter plus de clart\u00e9 dans la discussion avec la patiente.<\/p>\n<p>Pill Protect\u00ae est un test g\u00e9n\u00e9tique qui ne doit \u00eatre effectu\u00e9 qu&rsquo;une seule fois dans la vie du patient ; il est non invasif, un simple pr\u00e9l\u00e8vement buccal est n\u00e9cessaire pour l&rsquo;analyse.<\/p>\n<\/div><\/section><\/div><div  id=\"pillprotect\"  class='flex_column av-45app6-dd958dc013c7501ba816140cef4080a1 av_two_fifth  avia-builder-el-9  el_after_av_three_fifth  avia-builder-el-last  flex_column_div  column-top-margin'     ><section  class='av_textblock_section av-kv6k7qhz-5978bc95c3b9d1f5581f97a1b24698cf '   itemscope=\"itemscope\" itemtype=\"https:\/\/schema.org\/CreativeWork\" ><div class='avia_textblock'  itemprop=\"text\" ><ul>\n<li><a href=\"\/wp-content\/uploads\/2021\/09\/PillProtect_fr_v7.pdf\" target=\"_blank\" rel=\"noopener\">Informations pour les professionnels (fr)<\/a><\/li>\n<li><a href=\"\/wp-content\/uploads\/2021\/09\/PillProtect_de_v3.pdf\" target=\"_blank\" rel=\"noopener\">Informations pour les professionnels (de)<\/a><\/li>\n<li><a href=\"\/wp-content\/uploads\/2021\/09\/PillProtect_en_v3-2.pdf\" target=\"_blank\" rel=\"noopener\">Informations pour les professionnels (en)<\/a><\/li>\n<\/ul>\n<p>Publication scientifique concernant Pill Protect\u00ae:<\/p>\n<ul>\n<li><a href=\"\/wp-content\/uploads\/2021\/09\/PillProtectstudy-publication.pdf\" target=\"_blank\" rel=\"noopener\">\u00c9tude sur la protection des pilules<\/a><\/li>\n<\/ul>\n<p>A partir du 1er novembre 2016, Pill Protect\u00ae est rembours\u00e9 par la couverture compl\u00e9mentaire des soins de sant\u00e9 PRIMEO d&rsquo;Helsana, pour toutes les femmes qui utilisent ou pr\u00e9voient d&rsquo;utiliser des pilules contraceptives et qui ont souscrit \u00e0 l&rsquo;assurance compl\u00e9mentaire PRIMEO. Informations compl\u00e9mentaires pour les patients d&rsquo;Helsana:<\/p>\n<ul>\n<li><a href=\"https:\/\/www.helsana.ch\/fr\/prives\/services\/offres-medicales\/innovations-medicales.html\" target=\"_blank\" rel=\"noopener\">Informations pour les professionnels (fr)<\/a><\/li>\n<li><a href=\"https:\/\/www.helsana.ch\/de\/private\/services\/medizinische-angebote\/medizinische-innovationen.html\" target=\"_blank\" rel=\"noopener\">Informations pour les professionnels (de)<\/a><\/li>\n<li><a href=\"https:\/\/www.helsana.ch\/it\/private\/services\/medizinische-angebote\/medizinische-innovationen.html\" target=\"_blank\" rel=\"noopener\">Informations pour les professionnels (it)<\/a><\/li>\n<li><a href=\"https:\/\/www.helsana.ch\/en\/individuals\/services\/medical-offers\/medical-innovations.html\" target=\"_blank\" rel=\"noopener\">Informations pour les professionnels (en)<\/a><\/li>\n<\/ul>\n<\/div><\/section><br \/>\n\n<style type=\"text\/css\" data-created_by=\"avia_inline_auto\" id=\"style-css-av-kv6ka7aw-ac8aba6336c7b8a6eaf843aa8a437f8f\">\n#top .hr.hr-invisible.av-kv6ka7aw-ac8aba6336c7b8a6eaf843aa8a437f8f{\nheight:30px;\n}\n<\/style>\n<div  class='hr av-kv6ka7aw-ac8aba6336c7b8a6eaf843aa8a437f8f hr-invisible  avia-builder-el-11  el_after_av_textblock  el_before_av_button '><span class='hr-inner '><span class=\"hr-inner-style\"><\/span><\/span><\/div><br \/>\n<div  class='avia-button-wrap av-362hu2-3cdebaa334477953b3142cfccac68ee3-wrap avia-button-left  avia-builder-el-12  el_after_av_hr  avia-builder-el-last '>\n<style type=\"text\/css\" data-created_by=\"avia_inline_auto\" id=\"style-css-av-362hu2-3cdebaa334477953b3142cfccac68ee3\">\n#top #wrap_all .avia-button.av-362hu2-3cdebaa334477953b3142cfccac68ee3{\nbackground-color:#8b6089;\nborder-color:#8b6089;\nborder-style:none;\ntransition:all 0.4s ease-in-out;\n}\n#top #wrap_all .avia-button.av-362hu2-3cdebaa334477953b3142cfccac68ee3:hover{\nbackground-color:#101946;\ncolor:white;\ntransition:all 0.4s ease-in-out;\n}\n#top #wrap_all .avia-button.av-362hu2-3cdebaa334477953b3142cfccac68ee3:hover .avia-svg-icon svg:first-child{\nfill:white;\nstroke:white;\n}\n<\/style>\n<a href='https:\/\/genepredictis.com\/forms\/'  class='avia-button av-362hu2-3cdebaa334477953b3142cfccac68ee3 av-link-btn avia-icon_select-no avia-size-large avia-position-left avia-font-color-theme-color'   aria-label=\"FORMS\"><span class='avia_iconbox_title' >FORMS<\/span><\/a><\/div><\/p><\/div>\n","protected":false},"excerpt":{"rendered":"","protected":false},"author":1,"featured_media":0,"parent":4017,"menu_order":0,"comment_status":"closed","ping_status":"closed","template":"","meta":{"footnotes":""},"class_list":["post-4065","page","type-page","status-publish","hentry"],"yoast_head":"<!-- This site is optimized with the Yoast SEO plugin v27.4 - https:\/\/yoast.com\/product\/yoast-seo-wordpress\/ -->\n<title>PILL PROTECT - Genepredictis<\/title>\n<meta name=\"robots\" content=\"index, follow, max-snippet:-1, max-image-preview:large, max-video-preview:-1\" \/>\n<link rel=\"canonical\" href=\"https:\/\/genepredictis.com\/fr\/genetic\/pill-protect\/\" \/>\n<meta property=\"og:locale\" content=\"fr_FR\" \/>\n<meta property=\"og:type\" content=\"article\" \/>\n<meta property=\"og:title\" content=\"PILL PROTECT - Genepredictis\" \/>\n<meta property=\"og:url\" content=\"https:\/\/genepredictis.com\/fr\/genetic\/pill-protect\/\" \/>\n<meta property=\"og:site_name\" content=\"Genepredictis\" \/>\n<meta property=\"article:modified_time\" content=\"2023-01-17T10:17:05+00:00\" \/>\n<meta name=\"twitter:card\" content=\"summary_large_image\" \/>\n<meta name=\"twitter:label1\" content=\"Dur\u00e9e de lecture estim\u00e9e\" \/>\n\t<meta name=\"twitter:data1\" content=\"5 minutes\" \/>\n<script type=\"application\/ld+json\" class=\"yoast-schema-graph\">{\"@context\":\"https:\\\/\\\/schema.org\",\"@graph\":[{\"@type\":\"WebPage\",\"@id\":\"https:\\\/\\\/genepredictis.com\\\/fr\\\/genetic\\\/pill-protect\\\/\",\"url\":\"https:\\\/\\\/genepredictis.com\\\/fr\\\/genetic\\\/pill-protect\\\/\",\"name\":\"PILL PROTECT - Genepredictis\",\"isPartOf\":{\"@id\":\"https:\\\/\\\/genepredictis.com\\\/fr\\\/#website\"},\"datePublished\":\"2021-09-07T15:37:43+00:00\",\"dateModified\":\"2023-01-17T10:17:05+00:00\",\"breadcrumb\":{\"@id\":\"https:\\\/\\\/genepredictis.com\\\/fr\\\/genetic\\\/pill-protect\\\/#breadcrumb\"},\"inLanguage\":\"fr-FR\",\"potentialAction\":[{\"@type\":\"ReadAction\",\"target\":[\"https:\\\/\\\/genepredictis.com\\\/fr\\\/genetic\\\/pill-protect\\\/\"]}]},{\"@type\":\"BreadcrumbList\",\"@id\":\"https:\\\/\\\/genepredictis.com\\\/fr\\\/genetic\\\/pill-protect\\\/#breadcrumb\",\"itemListElement\":[{\"@type\":\"ListItem\",\"position\":1,\"name\":\"Home\",\"item\":\"https:\\\/\\\/genepredictis.com\\\/fr\\\/home\\\/\"},{\"@type\":\"ListItem\",\"position\":2,\"name\":\"GENETIC\",\"item\":\"https:\\\/\\\/genepredictis.com\\\/fr\\\/genetic\\\/\"},{\"@type\":\"ListItem\",\"position\":3,\"name\":\"PILL PROTECT\"}]},{\"@type\":\"WebSite\",\"@id\":\"https:\\\/\\\/genepredictis.com\\\/fr\\\/#website\",\"url\":\"https:\\\/\\\/genepredictis.com\\\/fr\\\/\",\"name\":\"Genepredictis\",\"description\":\"Because i am unique\",\"publisher\":{\"@id\":\"https:\\\/\\\/genepredictis.com\\\/fr\\\/#organization\"},\"potentialAction\":[{\"@type\":\"SearchAction\",\"target\":{\"@type\":\"EntryPoint\",\"urlTemplate\":\"https:\\\/\\\/genepredictis.com\\\/fr\\\/?s={search_term_string}\"},\"query-input\":{\"@type\":\"PropertyValueSpecification\",\"valueRequired\":true,\"valueName\":\"search_term_string\"}}],\"inLanguage\":\"fr-FR\"},{\"@type\":\"Organization\",\"@id\":\"https:\\\/\\\/genepredictis.com\\\/fr\\\/#organization\",\"name\":\"Gene predictis\",\"url\":\"https:\\\/\\\/genepredictis.com\\\/fr\\\/\",\"logo\":{\"@type\":\"ImageObject\",\"inLanguage\":\"fr-FR\",\"@id\":\"https:\\\/\\\/genepredictis.com\\\/fr\\\/#\\\/schema\\\/logo\\\/image\\\/\",\"url\":\"https:\\\/\\\/genepredictis.com\\\/wp-content\\\/uploads\\\/2021\\\/08\\\/logoNB.png\",\"contentUrl\":\"https:\\\/\\\/genepredictis.com\\\/wp-content\\\/uploads\\\/2021\\\/08\\\/logoNB.png\",\"width\":606,\"height\":170,\"caption\":\"Gene predictis\"},\"image\":{\"@id\":\"https:\\\/\\\/genepredictis.com\\\/fr\\\/#\\\/schema\\\/logo\\\/image\\\/\"}}]}<\/script>\n<!-- \/ Yoast SEO plugin. -->","yoast_head_json":{"title":"PILL PROTECT - Genepredictis","robots":{"index":"index","follow":"follow","max-snippet":"max-snippet:-1","max-image-preview":"max-image-preview:large","max-video-preview":"max-video-preview:-1"},"canonical":"https:\/\/genepredictis.com\/fr\/genetic\/pill-protect\/","og_locale":"fr_FR","og_type":"article","og_title":"PILL PROTECT - Genepredictis","og_url":"https:\/\/genepredictis.com\/fr\/genetic\/pill-protect\/","og_site_name":"Genepredictis","article_modified_time":"2023-01-17T10:17:05+00:00","twitter_card":"summary_large_image","twitter_misc":{"Dur\u00e9e de lecture estim\u00e9e":"5 minutes"},"schema":{"@context":"https:\/\/schema.org","@graph":[{"@type":"WebPage","@id":"https:\/\/genepredictis.com\/fr\/genetic\/pill-protect\/","url":"https:\/\/genepredictis.com\/fr\/genetic\/pill-protect\/","name":"PILL PROTECT - Genepredictis","isPartOf":{"@id":"https:\/\/genepredictis.com\/fr\/#website"},"datePublished":"2021-09-07T15:37:43+00:00","dateModified":"2023-01-17T10:17:05+00:00","breadcrumb":{"@id":"https:\/\/genepredictis.com\/fr\/genetic\/pill-protect\/#breadcrumb"},"inLanguage":"fr-FR","potentialAction":[{"@type":"ReadAction","target":["https:\/\/genepredictis.com\/fr\/genetic\/pill-protect\/"]}]},{"@type":"BreadcrumbList","@id":"https:\/\/genepredictis.com\/fr\/genetic\/pill-protect\/#breadcrumb","itemListElement":[{"@type":"ListItem","position":1,"name":"Home","item":"https:\/\/genepredictis.com\/fr\/home\/"},{"@type":"ListItem","position":2,"name":"GENETIC","item":"https:\/\/genepredictis.com\/fr\/genetic\/"},{"@type":"ListItem","position":3,"name":"PILL PROTECT"}]},{"@type":"WebSite","@id":"https:\/\/genepredictis.com\/fr\/#website","url":"https:\/\/genepredictis.com\/fr\/","name":"Genepredictis","description":"Because i am unique","publisher":{"@id":"https:\/\/genepredictis.com\/fr\/#organization"},"potentialAction":[{"@type":"SearchAction","target":{"@type":"EntryPoint","urlTemplate":"https:\/\/genepredictis.com\/fr\/?s={search_term_string}"},"query-input":{"@type":"PropertyValueSpecification","valueRequired":true,"valueName":"search_term_string"}}],"inLanguage":"fr-FR"},{"@type":"Organization","@id":"https:\/\/genepredictis.com\/fr\/#organization","name":"Gene predictis","url":"https:\/\/genepredictis.com\/fr\/","logo":{"@type":"ImageObject","inLanguage":"fr-FR","@id":"https:\/\/genepredictis.com\/fr\/#\/schema\/logo\/image\/","url":"https:\/\/genepredictis.com\/wp-content\/uploads\/2021\/08\/logoNB.png","contentUrl":"https:\/\/genepredictis.com\/wp-content\/uploads\/2021\/08\/logoNB.png","width":606,"height":170,"caption":"Gene predictis"},"image":{"@id":"https:\/\/genepredictis.com\/fr\/#\/schema\/logo\/image\/"}}]}},"_links":{"self":[{"href":"https:\/\/genepredictis.com\/fr\/wp-json\/wp\/v2\/pages\/4065","targetHints":{"allow":["GET"]}}],"collection":[{"href":"https:\/\/genepredictis.com\/fr\/wp-json\/wp\/v2\/pages"}],"about":[{"href":"https:\/\/genepredictis.com\/fr\/wp-json\/wp\/v2\/types\/page"}],"author":[{"embeddable":true,"href":"https:\/\/genepredictis.com\/fr\/wp-json\/wp\/v2\/users\/1"}],"replies":[{"embeddable":true,"href":"https:\/\/genepredictis.com\/fr\/wp-json\/wp\/v2\/comments?post=4065"}],"version-history":[{"count":4,"href":"https:\/\/genepredictis.com\/fr\/wp-json\/wp\/v2\/pages\/4065\/revisions"}],"predecessor-version":[{"id":4765,"href":"https:\/\/genepredictis.com\/fr\/wp-json\/wp\/v2\/pages\/4065\/revisions\/4765"}],"up":[{"embeddable":true,"href":"https:\/\/genepredictis.com\/fr\/wp-json\/wp\/v2\/pages\/4017"}],"wp:attachment":[{"href":"https:\/\/genepredictis.com\/fr\/wp-json\/wp\/v2\/media?parent=4065"}],"curies":[{"name":"wp","href":"https:\/\/api.w.org\/{rel}","templated":true}]}}