{"id":4045,"date":"2021-09-03T17:53:47","date_gmt":"2021-09-03T15:53:47","guid":{"rendered":"https:\/\/genepredictis.com\/?page_id=4045"},"modified":"2023-01-17T10:15:50","modified_gmt":"2023-01-17T09:15:50","slug":"oncogenetics","status":"publish","type":"page","link":"https:\/\/genepredictis.com\/fr\/genetic\/oncogenetics\/","title":{"rendered":"ONCOG\u00c9N\u00c9TIQUE"},"content":{"rendered":"\n<style type=\"text\/css\" data-created_by=\"avia_inline_auto\" id=\"style-css-av-ku8jdymv-daf77e70355f792973c5ab0f8ea7df5f\">\n.avia-section.av-ku8jdymv-daf77e70355f792973c5ab0f8ea7df5f{\nbackground-repeat:no-repeat;\nbackground-image:url(https:\/\/genepredictis.com\/wp-content\/uploads\/2021\/09\/banner_products.jpg);\nbackground-position:50% 50%;\nbackground-attachment:scroll;\n}\n.avia-section.av-ku8jdymv-daf77e70355f792973c5ab0f8ea7df5f .av-section-color-overlay{\nopacity:0.3;\nbackground-color:#000000;\n}\n<\/style>\n<div id='av_section_1'  class='avia-section av-ku8jdymv-daf77e70355f792973c5ab0f8ea7df5f main_color avia-section-large avia-no-border-styling  avia-builder-el-0  el_before_av_section  avia-builder-el-first  avia-full-stretch avia-bg-style-scroll av-section-color-overlay-active av-minimum-height av-minimum-height-50 av-height-50  container_wrap fullsize'  data-section-bg-repeat='stretch' data-av_minimum_height_pc='50' data-av_min_height_opt='50'><div class=\"av-section-color-overlay-wrap\"><div class=\"av-section-color-overlay\"><\/div><div class='container av-section-cont-open' ><main  role=\"main\" itemprop=\"mainContentOfPage\"  class='template-page content  av-content-full alpha units'><div class='post-entry post-entry-type-page post-entry-4045'><div class='entry-content-wrapper clearfix'>\n<\/div><\/div><\/main><!-- close content main element --><\/div><\/div><\/div><div id='av_section_2'  class='avia-section av-38qdf-2907841cad574d72c99b6c04e84e5e06 main_color avia-section-default avia-no-border-styling  avia-builder-el-1  el_after_av_section  avia-builder-el-last  avia-bg-style-scroll container_wrap fullsize'  ><div class='container av-section-cont-open' ><div class='template-page content  av-content-full alpha units'><div class='post-entry post-entry-type-page post-entry-4045'><div class='entry-content-wrapper clearfix'>\n\n<style type=\"text\/css\" data-created_by=\"avia_inline_auto\" id=\"style-css-av-kt4jdadv-f4ebb196c61dcdb6dc55aacec4e071fa\">\n#top .av-special-heading.av-kt4jdadv-f4ebb196c61dcdb6dc55aacec4e071fa{\nmargin:40px 0 0 0;\npadding-bottom:60px;\ncolor:#000000;\n}\nbody .av-special-heading.av-kt4jdadv-f4ebb196c61dcdb6dc55aacec4e071fa .av-special-heading-tag .heading-char{\nfont-size:25px;\n}\n.av-special-heading.av-kt4jdadv-f4ebb196c61dcdb6dc55aacec4e071fa .special-heading-inner-border{\nborder-color:#000000;\n}\n.av-special-heading.av-kt4jdadv-f4ebb196c61dcdb6dc55aacec4e071fa .av-subheading{\nfont-size:15px;\n}\n<\/style>\n<div  class='av-special-heading av-kt4jdadv-f4ebb196c61dcdb6dc55aacec4e071fa av-special-heading-h1 custom-color-heading blockquote modern-quote modern-centered  avia-builder-el-2  el_before_av_three_fifth  avia-builder-el-first '><h1 class='av-special-heading-tag '  itemprop=\"headline\"  >~ONCOG\u00c9N\u00c9TIQUE~<\/h1><div class=\"special-heading-border\"><div class=\"special-heading-inner-border\"><\/div><\/div><\/div>\n<div  class='flex_column av-4bi1rp-56451246aba6c4ce898cc92ff475a67a av_three_fifth  avia-builder-el-3  el_after_av_heading  el_before_av_two_fifth  first flex_column_div  '     ><section  class='av_textblock_section av-kt4jefs5-a5b06c0b6fb937ad576e70f3bb3535cb '   itemscope=\"itemscope\" itemtype=\"https:\/\/schema.org\/CreativeWork\" ><div class='avia_textblock'  itemprop=\"text\" ><p>Notre laboratoire offre des services de tests d&rsquo;oncologie mol\u00e9culaire aux m\u00e9decins et aux pathologistes.<\/p>\n<p>Ils comprennent :<\/p>\n<ul>\n<li>test pharmacog\u00e9n\u00e9tique avant d&rsquo;initier un traitement anticanc\u00e9reux (<em>DPYD<\/em>,\u00a0<em>TPMT<\/em>,\u00a0<em>CYP2D6<\/em>\u00a0et\u00a0<em>UGT1A1<\/em>)<\/li>\n<li>BRCA1 et BRCA2 analyse du s\u00e9quen\u00e7age par s\u00e9quen\u00e7age de nouvelle g\u00e9n\u00e9ration<\/li>\n<li>S\u00e9quen\u00e7age de nouvelle g\u00e9n\u00e9ration de panels de g\u00e8nes li\u00e9s au cancer du sein germinal, au cancer de l&rsquo;ovaire, au cancer du sein et de l&rsquo;ovaire, au cancer de la prostate, au cancer du c\u00f4lon, au syndrome de Lynch et \u00e0 la polypose.<\/li>\n<li>Mutations ponctuelles somatiques dans les g\u00e8nes suivants:\u00a0<em>KRAS,\u00a0NRAS, BRAF,\u00a0EGFR\u00a0<\/em><\/li>\n<\/ul>\n<\/div><\/section><\/div>\n<style type=\"text\/css\" data-created_by=\"avia_inline_auto\" id=\"style-css-av-37vngl-1ebdcbbfdb8c467d8c0e12c8094ac2f5\">\n.flex_column.av-37vngl-1ebdcbbfdb8c467d8c0e12c8094ac2f5{\npadding:100px 0 0 0;\n}\n<\/style>\n<div  class='flex_column av-37vngl-1ebdcbbfdb8c467d8c0e12c8094ac2f5 av_two_fifth  avia-builder-el-5  el_after_av_three_fifth  avia-builder-el-last  flex_column_div  '     ><div  class='avia-button-wrap av-kt8so8gq-3d46da9c8d54f04db0bb456280d892f5-wrap avia-button-center  avia-builder-el-6  avia-builder-el-no-sibling '>\n<style type=\"text\/css\" data-created_by=\"avia_inline_auto\" id=\"style-css-av-kt8so8gq-3d46da9c8d54f04db0bb456280d892f5\">\n#top #wrap_all .avia-button.av-kt8so8gq-3d46da9c8d54f04db0bb456280d892f5{\nbackground-color:#8b6089;\nborder-color:#8b6089;\ntransition:all 0.4s ease-in-out;\n}\n#top #wrap_all .avia-button.av-kt8so8gq-3d46da9c8d54f04db0bb456280d892f5:hover{\nbackground-color:#101946;\ncolor:white;\ntransition:all 0.4s ease-in-out;\n}\n#top #wrap_all .avia-button.av-kt8so8gq-3d46da9c8d54f04db0bb456280d892f5:hover .avia-svg-icon svg:first-child{\nfill:white;\nstroke:white;\n}\n<\/style>\n<a href='https:\/\/genepredictis.com\/forms\/'  class='avia-button av-kt8so8gq-3d46da9c8d54f04db0bb456280d892f5 av-link-btn avia-icon_select-no avia-size-x-large avia-position-center avia-font-color-theme-color'   aria-label=\"Forms \"><span class='avia_iconbox_title' >Forms <\/span><\/a><\/div><\/div>\n","protected":false},"excerpt":{"rendered":"","protected":false},"author":1,"featured_media":0,"parent":4017,"menu_order":0,"comment_status":"closed","ping_status":"closed","template":"","meta":{"footnotes":""},"class_list":["post-4045","page","type-page","status-publish","hentry"],"yoast_head":"<!-- This site is optimized with the Yoast SEO plugin v27.3 - https:\/\/yoast.com\/product\/yoast-seo-wordpress\/ -->\n<title>ONCOG\u00c9N\u00c9TIQUE - Genepredictis<\/title>\n<meta name=\"robots\" content=\"index, follow, max-snippet:-1, max-image-preview:large, max-video-preview:-1\" \/>\n<link rel=\"canonical\" href=\"https:\/\/genepredictis.com\/fr\/genetic\/oncogenetics\/\" \/>\n<meta property=\"og:locale\" content=\"fr_FR\" \/>\n<meta property=\"og:type\" content=\"article\" \/>\n<meta property=\"og:title\" content=\"ONCOG\u00c9N\u00c9TIQUE - Genepredictis\" \/>\n<meta property=\"og:url\" content=\"https:\/\/genepredictis.com\/fr\/genetic\/oncogenetics\/\" \/>\n<meta property=\"og:site_name\" content=\"Genepredictis\" \/>\n<meta property=\"article:modified_time\" content=\"2023-01-17T09:15:50+00:00\" \/>\n<meta name=\"twitter:card\" content=\"summary_large_image\" \/>\n<meta name=\"twitter:label1\" content=\"Dur\u00e9e de lecture estim\u00e9e\" \/>\n\t<meta name=\"twitter:data1\" content=\"2 minutes\" \/>\n<script type=\"application\/ld+json\" class=\"yoast-schema-graph\">{\"@context\":\"https:\\\/\\\/schema.org\",\"@graph\":[{\"@type\":\"WebPage\",\"@id\":\"https:\\\/\\\/genepredictis.com\\\/fr\\\/genetic\\\/oncogenetics\\\/\",\"url\":\"https:\\\/\\\/genepredictis.com\\\/fr\\\/genetic\\\/oncogenetics\\\/\",\"name\":\"ONCOG\u00c9N\u00c9TIQUE - Genepredictis\",\"isPartOf\":{\"@id\":\"https:\\\/\\\/genepredictis.com\\\/fr\\\/#website\"},\"datePublished\":\"2021-09-03T15:53:47+00:00\",\"dateModified\":\"2023-01-17T09:15:50+00:00\",\"breadcrumb\":{\"@id\":\"https:\\\/\\\/genepredictis.com\\\/fr\\\/genetic\\\/oncogenetics\\\/#breadcrumb\"},\"inLanguage\":\"fr-FR\",\"potentialAction\":[{\"@type\":\"ReadAction\",\"target\":[\"https:\\\/\\\/genepredictis.com\\\/fr\\\/genetic\\\/oncogenetics\\\/\"]}]},{\"@type\":\"BreadcrumbList\",\"@id\":\"https:\\\/\\\/genepredictis.com\\\/fr\\\/genetic\\\/oncogenetics\\\/#breadcrumb\",\"itemListElement\":[{\"@type\":\"ListItem\",\"position\":1,\"name\":\"Home\",\"item\":\"https:\\\/\\\/genepredictis.com\\\/fr\\\/home\\\/\"},{\"@type\":\"ListItem\",\"position\":2,\"name\":\"GENETIC\",\"item\":\"https:\\\/\\\/genepredictis.com\\\/fr\\\/genetic\\\/\"},{\"@type\":\"ListItem\",\"position\":3,\"name\":\"ONCOG\u00c9N\u00c9TIQUE\"}]},{\"@type\":\"WebSite\",\"@id\":\"https:\\\/\\\/genepredictis.com\\\/fr\\\/#website\",\"url\":\"https:\\\/\\\/genepredictis.com\\\/fr\\\/\",\"name\":\"Genepredictis\",\"description\":\"Because i am unique\",\"publisher\":{\"@id\":\"https:\\\/\\\/genepredictis.com\\\/fr\\\/#organization\"},\"potentialAction\":[{\"@type\":\"SearchAction\",\"target\":{\"@type\":\"EntryPoint\",\"urlTemplate\":\"https:\\\/\\\/genepredictis.com\\\/fr\\\/?s={search_term_string}\"},\"query-input\":{\"@type\":\"PropertyValueSpecification\",\"valueRequired\":true,\"valueName\":\"search_term_string\"}}],\"inLanguage\":\"fr-FR\"},{\"@type\":\"Organization\",\"@id\":\"https:\\\/\\\/genepredictis.com\\\/fr\\\/#organization\",\"name\":\"Gene predictis\",\"url\":\"https:\\\/\\\/genepredictis.com\\\/fr\\\/\",\"logo\":{\"@type\":\"ImageObject\",\"inLanguage\":\"fr-FR\",\"@id\":\"https:\\\/\\\/genepredictis.com\\\/fr\\\/#\\\/schema\\\/logo\\\/image\\\/\",\"url\":\"https:\\\/\\\/genepredictis.com\\\/wp-content\\\/uploads\\\/2021\\\/08\\\/logoNB.png\",\"contentUrl\":\"https:\\\/\\\/genepredictis.com\\\/wp-content\\\/uploads\\\/2021\\\/08\\\/logoNB.png\",\"width\":606,\"height\":170,\"caption\":\"Gene predictis\"},\"image\":{\"@id\":\"https:\\\/\\\/genepredictis.com\\\/fr\\\/#\\\/schema\\\/logo\\\/image\\\/\"}}]}<\/script>\n<!-- \/ Yoast SEO plugin. -->","yoast_head_json":{"title":"ONCOG\u00c9N\u00c9TIQUE - Genepredictis","robots":{"index":"index","follow":"follow","max-snippet":"max-snippet:-1","max-image-preview":"max-image-preview:large","max-video-preview":"max-video-preview:-1"},"canonical":"https:\/\/genepredictis.com\/fr\/genetic\/oncogenetics\/","og_locale":"fr_FR","og_type":"article","og_title":"ONCOG\u00c9N\u00c9TIQUE - Genepredictis","og_url":"https:\/\/genepredictis.com\/fr\/genetic\/oncogenetics\/","og_site_name":"Genepredictis","article_modified_time":"2023-01-17T09:15:50+00:00","twitter_card":"summary_large_image","twitter_misc":{"Dur\u00e9e de lecture estim\u00e9e":"2 minutes"},"schema":{"@context":"https:\/\/schema.org","@graph":[{"@type":"WebPage","@id":"https:\/\/genepredictis.com\/fr\/genetic\/oncogenetics\/","url":"https:\/\/genepredictis.com\/fr\/genetic\/oncogenetics\/","name":"ONCOG\u00c9N\u00c9TIQUE - Genepredictis","isPartOf":{"@id":"https:\/\/genepredictis.com\/fr\/#website"},"datePublished":"2021-09-03T15:53:47+00:00","dateModified":"2023-01-17T09:15:50+00:00","breadcrumb":{"@id":"https:\/\/genepredictis.com\/fr\/genetic\/oncogenetics\/#breadcrumb"},"inLanguage":"fr-FR","potentialAction":[{"@type":"ReadAction","target":["https:\/\/genepredictis.com\/fr\/genetic\/oncogenetics\/"]}]},{"@type":"BreadcrumbList","@id":"https:\/\/genepredictis.com\/fr\/genetic\/oncogenetics\/#breadcrumb","itemListElement":[{"@type":"ListItem","position":1,"name":"Home","item":"https:\/\/genepredictis.com\/fr\/home\/"},{"@type":"ListItem","position":2,"name":"GENETIC","item":"https:\/\/genepredictis.com\/fr\/genetic\/"},{"@type":"ListItem","position":3,"name":"ONCOG\u00c9N\u00c9TIQUE"}]},{"@type":"WebSite","@id":"https:\/\/genepredictis.com\/fr\/#website","url":"https:\/\/genepredictis.com\/fr\/","name":"Genepredictis","description":"Because i am unique","publisher":{"@id":"https:\/\/genepredictis.com\/fr\/#organization"},"potentialAction":[{"@type":"SearchAction","target":{"@type":"EntryPoint","urlTemplate":"https:\/\/genepredictis.com\/fr\/?s={search_term_string}"},"query-input":{"@type":"PropertyValueSpecification","valueRequired":true,"valueName":"search_term_string"}}],"inLanguage":"fr-FR"},{"@type":"Organization","@id":"https:\/\/genepredictis.com\/fr\/#organization","name":"Gene predictis","url":"https:\/\/genepredictis.com\/fr\/","logo":{"@type":"ImageObject","inLanguage":"fr-FR","@id":"https:\/\/genepredictis.com\/fr\/#\/schema\/logo\/image\/","url":"https:\/\/genepredictis.com\/wp-content\/uploads\/2021\/08\/logoNB.png","contentUrl":"https:\/\/genepredictis.com\/wp-content\/uploads\/2021\/08\/logoNB.png","width":606,"height":170,"caption":"Gene predictis"},"image":{"@id":"https:\/\/genepredictis.com\/fr\/#\/schema\/logo\/image\/"}}]}},"_links":{"self":[{"href":"https:\/\/genepredictis.com\/fr\/wp-json\/wp\/v2\/pages\/4045","targetHints":{"allow":["GET"]}}],"collection":[{"href":"https:\/\/genepredictis.com\/fr\/wp-json\/wp\/v2\/pages"}],"about":[{"href":"https:\/\/genepredictis.com\/fr\/wp-json\/wp\/v2\/types\/page"}],"author":[{"embeddable":true,"href":"https:\/\/genepredictis.com\/fr\/wp-json\/wp\/v2\/users\/1"}],"replies":[{"embeddable":true,"href":"https:\/\/genepredictis.com\/fr\/wp-json\/wp\/v2\/comments?post=4045"}],"version-history":[{"count":5,"href":"https:\/\/genepredictis.com\/fr\/wp-json\/wp\/v2\/pages\/4045\/revisions"}],"predecessor-version":[{"id":4752,"href":"https:\/\/genepredictis.com\/fr\/wp-json\/wp\/v2\/pages\/4045\/revisions\/4752"}],"up":[{"embeddable":true,"href":"https:\/\/genepredictis.com\/fr\/wp-json\/wp\/v2\/pages\/4017"}],"wp:attachment":[{"href":"https:\/\/genepredictis.com\/fr\/wp-json\/wp\/v2\/media?parent=4045"}],"curies":[{"name":"wp","href":"https:\/\/api.w.org\/{rel}","templated":true}]}}