{"id":4027,"date":"2021-10-01T17:37:26","date_gmt":"2021-10-01T15:37:26","guid":{"rendered":"https:\/\/genepredictis.com\/?page_id=4027"},"modified":"2023-01-17T10:08:30","modified_gmt":"2023-01-17T09:08:30","slug":"cypass","status":"publish","type":"page","link":"https:\/\/genepredictis.com\/fr\/genetic\/cypass\/","title":{"rendered":"CYPASS"},"content":{"rendered":"\n<style type=\"text\/css\" data-created_by=\"avia_inline_auto\" id=\"style-css-av-ku8fds24-05068e854e2ba42035412a7333a99831\">\n.avia-section.av-ku8fds24-05068e854e2ba42035412a7333a99831{\nbackground-repeat:no-repeat;\nbackground-image:url(https:\/\/genepredictis.com\/wp-content\/uploads\/2021\/09\/banner_products.jpg);\nbackground-position:50% 50%;\nbackground-attachment:scroll;\n}\n.avia-section.av-ku8fds24-05068e854e2ba42035412a7333a99831 .av-section-color-overlay{\nopacity:0.3;\nbackground-color:#000000;\n}\n<\/style>\n<div id='av_section_1'  class='avia-section av-ku8fds24-05068e854e2ba42035412a7333a99831 main_color avia-section-huge avia-no-border-styling  avia-builder-el-0  el_before_av_section  avia-builder-el-first  avia-full-stretch avia-bg-style-scroll av-section-color-overlay-active av-minimum-height av-minimum-height-50 av-height-50  container_wrap fullsize'  data-section-bg-repeat='stretch' data-av_minimum_height_pc='50' data-av_min_height_opt='50'><div class=\"av-section-color-overlay-wrap\"><div class=\"av-section-color-overlay\"><\/div><div class='container av-section-cont-open' ><main  role=\"main\" itemprop=\"mainContentOfPage\"  class='template-page content  av-content-full alpha units'><div class='post-entry post-entry-type-page post-entry-4027'><div class='entry-content-wrapper clearfix'>\n<\/div><\/div><\/main><!-- close content main element --><\/div><\/div><\/div><div id='av_section_2'  class='avia-section av-2hkaq4-c8468f28f41f961fa7b3bac77894fb2f main_color avia-section-default avia-no-border-styling  avia-builder-el-1  el_after_av_section  avia-builder-el-last  avia-bg-style-scroll container_wrap fullsize'  ><div class='container av-section-cont-open' ><div class='template-page content  av-content-full alpha units'><div class='post-entry post-entry-type-page post-entry-4027'><div class='entry-content-wrapper clearfix'>\n\n<style type=\"text\/css\" data-created_by=\"avia_inline_auto\" id=\"style-css-av-kt8tch9c-e5a88217dddab3507c6d6b2c46eb5833\">\n#top .av-special-heading.av-kt8tch9c-e5a88217dddab3507c6d6b2c46eb5833{\nmargin:40px 0 0 0;\npadding-bottom:50px;\ncolor:#000000;\n}\nbody .av-special-heading.av-kt8tch9c-e5a88217dddab3507c6d6b2c46eb5833 .av-special-heading-tag .heading-char{\nfont-size:25px;\n}\n.av-special-heading.av-kt8tch9c-e5a88217dddab3507c6d6b2c46eb5833 .special-heading-inner-border{\nborder-color:#000000;\n}\n.av-special-heading.av-kt8tch9c-e5a88217dddab3507c6d6b2c46eb5833 .av-subheading{\nfont-size:15px;\n}\n<\/style>\n<div  class='av-special-heading av-kt8tch9c-e5a88217dddab3507c6d6b2c46eb5833 av-special-heading-h1 custom-color-heading blockquote modern-quote modern-centered  avia-builder-el-2  el_before_av_one_half  avia-builder-el-first '><h1 class='av-special-heading-tag '  itemprop=\"headline\"  >CYPASS <span class='special_amp'>&amp;<\/span> CYPASS \u00c9TENDU<\/h1><div class='av_custom_color av-subheading av-subheading_below'><p>Les profils g\u00e9n\u00e9tiques que tout le monde devrait avoir<\/p>\n<\/div><div class=\"special-heading-border\"><div class=\"special-heading-inner-border\"><\/div><\/div><\/div>\n<div  class='flex_column av-4up2c1-3bd0929aceb08b35a3ddbabff8177bf6 av_one_half  avia-builder-el-3  el_after_av_heading  el_before_av_one_half  first flex_column_div  '     ><style type=\"text\/css\" data-created_by=\"avia_inline_auto\" id=\"style-css-av-kt8tbum2-ba8ae0e29d298fe2dca64e5197196901\">\n.avia-image-container.av-kt8tbum2-ba8ae0e29d298fe2dca64e5197196901 img.avia_image{\nbox-shadow:none;\n}\n.avia-image-container.av-kt8tbum2-ba8ae0e29d298fe2dca64e5197196901 .av-image-caption-overlay-center{\ncolor:#ffffff;\n}\n<\/style>\n<div  class='avia-image-container av-kt8tbum2-ba8ae0e29d298fe2dca64e5197196901 av-styling- avia-align-center  avia-builder-el-4  avia-builder-el-no-sibling '   itemprop=\"image\" itemscope=\"itemscope\" itemtype=\"https:\/\/schema.org\/ImageObject\" ><div class=\"avia-image-container-inner\"><div class=\"avia-image-overlay-wrap\"><img decoding=\"async\" fetchpriority=\"high\" class='wp-image-3756 avia-img-lazy-loading-not-3756 avia_image ' src=\"https:\/\/genepredictis.com\/wp-content\/uploads\/2021\/09\/picto_cypass.png\" alt='' title='picto_cypass'  height=\"396\" width=\"587\"  itemprop=\"thumbnailUrl\" srcset=\"https:\/\/genepredictis.com\/wp-content\/uploads\/2021\/09\/picto_cypass.png 587w, https:\/\/genepredictis.com\/wp-content\/uploads\/2021\/09\/picto_cypass-300x202.png 300w\" sizes=\"(max-width: 587px) 100vw, 587px\" \/><\/div><\/div><\/div><\/div>\n<style type=\"text\/css\" data-created_by=\"avia_inline_auto\" id=\"style-css-av-1u53lt-3e947a9b42f67cb20cab41ef1b922b67\">\n.flex_column.av-1u53lt-3e947a9b42f67cb20cab41ef1b922b67{\npadding:50px 0 0 0;\n}\n<\/style>\n<div  id=\"cypass\"  class='flex_column av-1u53lt-3e947a9b42f67cb20cab41ef1b922b67 av_one_half  avia-builder-el-5  el_after_av_one_half  el_before_av_one_half  flex_column_div  '     ><section  class='av_textblock_section av-kt8tc647-243883d404f5f5abb77e328af7e6cf84 '   itemscope=\"itemscope\" itemtype=\"https:\/\/schema.org\/CreativeWork\" ><div class='avia_textblock'  itemprop=\"text\" ><p><em>Couvert par l&rsquo;assurance Helsana Primeo<\/em><\/p>\n<p><strong>Cypass\u00ae et Extended Cypass\u00ae sont des tests g\u00e9n\u00e9tiques innovants qui \u00e9valuent le risque global d&rsquo;effets ind\u00e9sirables des m\u00e9dicaments. Ils int\u00e8grent les capacit\u00e9s du patient \u00e0 activer et \u00e0 \u00e9liminer simultan\u00e9ment les m\u00e9dicaments pr\u00e9sentant des interactions m\u00e9dicamenteuses, permettant ainsi de s\u00e9lectionner des r\u00e9gimes m\u00e9dicamenteux plus s\u00fbrs et plus efficaces, susceptibles d&rsquo;am\u00e9liorer les r\u00e9sultats des traitements m\u00e9dicamenteux et de r\u00e9duire ou d&rsquo;\u00e9viter les effets ind\u00e9sirables des m\u00e9dicaments.<\/strong><\/p>\n<\/div><\/section><\/div>\n<style type=\"text\/css\" data-created_by=\"avia_inline_auto\" id=\"style-css-av-3p2nm4-b58f4eb49e86af77fe1fa4c53eeda0fd\">\n.flex_column.av-3p2nm4-b58f4eb49e86af77fe1fa4c53eeda0fd{\npadding:50px 0 0 0;\n}\n<\/style>\n<div  id=\"cypass\"  class='flex_column av-3p2nm4-b58f4eb49e86af77fe1fa4c53eeda0fd av_one_half  avia-builder-el-7  el_after_av_one_half  el_before_av_one_half  first flex_column_div  column-top-margin'     ><section  class='av_textblock_section av-kv6kgsdc-f8e0eebf36cba1fbd3b6538f03854925 '   itemscope=\"itemscope\" itemtype=\"https:\/\/schema.org\/CreativeWork\" ><div class='avia_textblock'  itemprop=\"text\" ><p>L&rsquo;Office f\u00e9d\u00e9ral de la sant\u00e9 publique estime que 40 000 \u00e0 45 000 hospitalisations par an en Suisse peuvent \u00eatre attribu\u00e9es aux effets ind\u00e9sirables des m\u00e9dicaments. Des publications internationales indiquent que pr\u00e8s d&rsquo;un tiers des hospitalisations peuvent \u00eatre li\u00e9es aux effets secondaires des m\u00e9dicaments. Une partie consid\u00e9rable de ces effets peut \u00eatre \u00e9vit\u00e9e par la personnalisation des traitements m\u00e9dicamenteux.<\/p>\n<p>Cypass\u00ae est un test g\u00e9n\u00e9tique innovant qui \u00e9value le risque global d&rsquo;effets ind\u00e9sirables des m\u00e9dicaments. Il comprend l&rsquo;analyse de 97 variantes g\u00e9n\u00e9tiques cliniquement pertinentes qui peuvent influencer le m\u00e9tabolisme des m\u00e9dicaments (l&rsquo;activation, le transport et l&rsquo;\u00e9limination des m\u00e9dicaments). En outre, les r\u00e9sultats du test int\u00e8grent les capacit\u00e9s de l&rsquo;individu \u00e0 activer et \u00e9liminer les m\u00e9dicaments avec les interactions m\u00e9dicamenteuses, permettant ainsi de s\u00e9lectionner des r\u00e9gimes m\u00e9dicamenteux plus s\u00fbrs et plus efficaces qui peuvent am\u00e9liorer les r\u00e9sultats des traitements m\u00e9dicamenteux et aider \u00e0 r\u00e9duire les co\u00fbts pour le syst\u00e8me de soins de sant\u00e9.<\/p>\n<p>Extended Cypass\u00ae est le test g\u00e9n\u00e9tique le plus complet pour \u00e9valuer le risque d&rsquo;effets ind\u00e9sirables des m\u00e9dicaments. Il s&rsquo;agit d&rsquo;une analyse de plus de 120 variantes g\u00e9n\u00e9tiques dans les g\u00e8nes codant pour les principales voies de m\u00e9tabolisation des m\u00e9dicaments ; une analyse approfondie qui \u00e9value le risque global d&rsquo;effets ind\u00e9sirables des m\u00e9dicaments, y compris les m\u00e9dicaments anticanc\u00e9reux.<\/p>\n<p>Cypass\u00ae et Extended Cypass\u00ae sont des tests g\u00e9n\u00e9tiques qui ne doivent \u00eatre effectu\u00e9s qu&rsquo;une seule fois dans la vie du patient ; ils sont non invasifs, un simple pr\u00e9l\u00e8vement buccal est n\u00e9cessaire pour ces analyses.<\/p>\n<\/div><\/section><\/div>\n<style type=\"text\/css\" data-created_by=\"avia_inline_auto\" id=\"style-css-av-asfoc-f796458cc58b2f13e5906083d7f26b4d\">\n.flex_column.av-asfoc-f796458cc58b2f13e5906083d7f26b4d{\npadding:50px 0 0 0;\n}\n<\/style>\n<div  id=\"cypass\"  class='flex_column av-asfoc-f796458cc58b2f13e5906083d7f26b4d av_one_half  avia-builder-el-9  el_after_av_one_half  avia-builder-el-last  flex_column_div  column-top-margin'     ><section  class='av_textblock_section av-kv6kh35z-63e3484fd108a24f98ebc78005911d65 '   itemscope=\"itemscope\" itemtype=\"https:\/\/schema.org\/CreativeWork\" ><div class='avia_textblock'  itemprop=\"text\" ><ul>\n<li><a href=\"https:\/\/genepredictis.com\/wp-content\/uploads\/2022\/10\/CYPASS_flyer__fr_v3.pdf\" target=\"_blank\" rel=\"noopener\">Informations pour les professionnels (fr)<\/a><\/li>\n<li><a href=\"https:\/\/genepredictis.com\/wp-content\/uploads\/2022\/10\/CYPASS_flyer_deu_v2.pdf\" target=\"_blank\" rel=\"noopener\">Informations pour les professionnels (de)<\/a><\/li>\n<li><a href=\"https:\/\/genepredictis.com\/wp-content\/uploads\/2022\/10\/CYPASS_flyer_eng_v5.pdf\" target=\"_blank\" rel=\"noopener\">Informations pour les professionnels (en)<\/a><\/li>\n<\/ul>\n<p>Cypass\u00ae \u00e9tendu<\/p>\n<ul>\n<li><a href=\"https:\/\/genepredictis.com\/wp-content\/uploads\/2022\/10\/CYPASS_flyer_fr_V4.pdf\" target=\"_blank\" rel=\"noopener\">Informations pour les professionnels (fr)<\/a><\/li>\n<li><a href=\"https:\/\/genepredictis.com\/wp-content\/uploads\/2022\/10\/CYPASS_flyer_deu_v3.pdf\" target=\"_blank\" rel=\"noopener\">Informations pour les professionnels (de)<\/a><\/li>\n<li><a href=\"https:\/\/genepredictis.com\/wp-content\/uploads\/2022\/10\/CYPASS_flyer_eng_v7.pdf\" target=\"_blank\" rel=\"noopener\">Informations pour les professionnels (en)<\/a><\/li>\n<\/ul>\n<p>A partir du 1er novembre 2016, Cypass\u00ae est rembours\u00e9 par la couverture compl\u00e9mentaire sant\u00e9 PRIMEO d&rsquo;Helsana, pour tous les patients qui consomment r\u00e9guli\u00e8rement des m\u00e9dicaments et qui ont souscrit \u00e0 l&rsquo;assurance compl\u00e9mentaire PRIMEO. Le test Cypass\u00ae-Extended est rembours\u00e9 par la m\u00eame assurance compl\u00e9mentaire \u00e0 partir du 1er janvier 2018. Informations compl\u00e9mentaires pour les patients d&rsquo;Helsana :<\/p>\n<ul>\n<li><a href=\"https:\/\/www.helsana.ch\/fr\/prives\/services\/offres-medicales\/innovations-medicales.html\" target=\"_blank\" rel=\"noopener\">Informations pour les patients (fr)<\/a><\/li>\n<li><a href=\"https:\/\/www.helsana.ch\/de\/private\/services\/medizinische-angebote\/medizinische-innovationen.html\" target=\"_blank\" rel=\"noopener\">Informations pour les patients (de)<\/a><\/li>\n<li><a href=\"https:\/\/www.helsana.ch\/it\/private\/services\/medizinische-angebote\/medizinische-innovationen.html\" target=\"_blank\" rel=\"noopener\">Informations pour les patients (it)<\/a><\/li>\n<li><a href=\"https:\/\/www.helsana.ch\/en\/individuals\/services\/medical-offers\/medical-innovations.html\" target=\"_blank\" rel=\"noopener\">Informations pour les patients (en)<\/a><\/li>\n<\/ul>\n<\/div><\/section><br \/>\n<div  class='avia-button-wrap av-kv6kjbci-943791eec61d1d1bf7628c4cdbe35eef-wrap avia-button-left  avia-builder-el-11  el_after_av_textblock  avia-builder-el-last '><a href='https:\/\/genepredictis.com\/forms\/'  class='avia-button av-kv6kjbci-943791eec61d1d1bf7628c4cdbe35eef av-link-btn avia-icon_select-no avia-size-large avia-position-left avia-color-theme-color-highlight'   aria-label=\"Forms\"><span class='avia_iconbox_title' >Forms<\/span><\/a><\/div><\/p><\/div>\n","protected":false},"excerpt":{"rendered":"","protected":false},"author":1,"featured_media":0,"parent":4017,"menu_order":0,"comment_status":"closed","ping_status":"closed","template":"","meta":{"footnotes":""},"class_list":["post-4027","page","type-page","status-publish","hentry"],"yoast_head":"<!-- This site is optimized with the Yoast SEO plugin v27.4 - https:\/\/yoast.com\/product\/yoast-seo-wordpress\/ -->\n<title>CYPASS - Genepredictis<\/title>\n<meta name=\"robots\" content=\"index, follow, max-snippet:-1, max-image-preview:large, max-video-preview:-1\" \/>\n<link rel=\"canonical\" href=\"https:\/\/genepredictis.com\/fr\/genetic\/cypass\/\" \/>\n<meta property=\"og:locale\" content=\"fr_FR\" \/>\n<meta property=\"og:type\" content=\"article\" \/>\n<meta property=\"og:title\" content=\"CYPASS - Genepredictis\" \/>\n<meta property=\"og:url\" content=\"https:\/\/genepredictis.com\/fr\/genetic\/cypass\/\" \/>\n<meta property=\"og:site_name\" content=\"Genepredictis\" \/>\n<meta property=\"article:modified_time\" content=\"2023-01-17T09:08:30+00:00\" \/>\n<meta name=\"twitter:card\" content=\"summary_large_image\" \/>\n<meta name=\"twitter:label1\" content=\"Dur\u00e9e de lecture estim\u00e9e\" \/>\n\t<meta name=\"twitter:data1\" content=\"4 minutes\" \/>\n<script type=\"application\/ld+json\" class=\"yoast-schema-graph\">{\"@context\":\"https:\\\/\\\/schema.org\",\"@graph\":[{\"@type\":\"WebPage\",\"@id\":\"https:\\\/\\\/genepredictis.com\\\/fr\\\/genetic\\\/cypass\\\/\",\"url\":\"https:\\\/\\\/genepredictis.com\\\/fr\\\/genetic\\\/cypass\\\/\",\"name\":\"CYPASS - Genepredictis\",\"isPartOf\":{\"@id\":\"https:\\\/\\\/genepredictis.com\\\/fr\\\/#website\"},\"datePublished\":\"2021-10-01T15:37:26+00:00\",\"dateModified\":\"2023-01-17T09:08:30+00:00\",\"breadcrumb\":{\"@id\":\"https:\\\/\\\/genepredictis.com\\\/fr\\\/genetic\\\/cypass\\\/#breadcrumb\"},\"inLanguage\":\"fr-FR\",\"potentialAction\":[{\"@type\":\"ReadAction\",\"target\":[\"https:\\\/\\\/genepredictis.com\\\/fr\\\/genetic\\\/cypass\\\/\"]}]},{\"@type\":\"BreadcrumbList\",\"@id\":\"https:\\\/\\\/genepredictis.com\\\/fr\\\/genetic\\\/cypass\\\/#breadcrumb\",\"itemListElement\":[{\"@type\":\"ListItem\",\"position\":1,\"name\":\"Home\",\"item\":\"https:\\\/\\\/genepredictis.com\\\/fr\\\/home\\\/\"},{\"@type\":\"ListItem\",\"position\":2,\"name\":\"GENETIC\",\"item\":\"https:\\\/\\\/genepredictis.com\\\/fr\\\/genetic\\\/\"},{\"@type\":\"ListItem\",\"position\":3,\"name\":\"CYPASS\"}]},{\"@type\":\"WebSite\",\"@id\":\"https:\\\/\\\/genepredictis.com\\\/fr\\\/#website\",\"url\":\"https:\\\/\\\/genepredictis.com\\\/fr\\\/\",\"name\":\"Genepredictis\",\"description\":\"Because i am unique\",\"publisher\":{\"@id\":\"https:\\\/\\\/genepredictis.com\\\/fr\\\/#organization\"},\"potentialAction\":[{\"@type\":\"SearchAction\",\"target\":{\"@type\":\"EntryPoint\",\"urlTemplate\":\"https:\\\/\\\/genepredictis.com\\\/fr\\\/?s={search_term_string}\"},\"query-input\":{\"@type\":\"PropertyValueSpecification\",\"valueRequired\":true,\"valueName\":\"search_term_string\"}}],\"inLanguage\":\"fr-FR\"},{\"@type\":\"Organization\",\"@id\":\"https:\\\/\\\/genepredictis.com\\\/fr\\\/#organization\",\"name\":\"Gene predictis\",\"url\":\"https:\\\/\\\/genepredictis.com\\\/fr\\\/\",\"logo\":{\"@type\":\"ImageObject\",\"inLanguage\":\"fr-FR\",\"@id\":\"https:\\\/\\\/genepredictis.com\\\/fr\\\/#\\\/schema\\\/logo\\\/image\\\/\",\"url\":\"https:\\\/\\\/genepredictis.com\\\/wp-content\\\/uploads\\\/2021\\\/08\\\/logoNB.png\",\"contentUrl\":\"https:\\\/\\\/genepredictis.com\\\/wp-content\\\/uploads\\\/2021\\\/08\\\/logoNB.png\",\"width\":606,\"height\":170,\"caption\":\"Gene predictis\"},\"image\":{\"@id\":\"https:\\\/\\\/genepredictis.com\\\/fr\\\/#\\\/schema\\\/logo\\\/image\\\/\"}}]}<\/script>\n<!-- \/ Yoast SEO plugin. -->","yoast_head_json":{"title":"CYPASS - Genepredictis","robots":{"index":"index","follow":"follow","max-snippet":"max-snippet:-1","max-image-preview":"max-image-preview:large","max-video-preview":"max-video-preview:-1"},"canonical":"https:\/\/genepredictis.com\/fr\/genetic\/cypass\/","og_locale":"fr_FR","og_type":"article","og_title":"CYPASS - Genepredictis","og_url":"https:\/\/genepredictis.com\/fr\/genetic\/cypass\/","og_site_name":"Genepredictis","article_modified_time":"2023-01-17T09:08:30+00:00","twitter_card":"summary_large_image","twitter_misc":{"Dur\u00e9e de lecture estim\u00e9e":"4 minutes"},"schema":{"@context":"https:\/\/schema.org","@graph":[{"@type":"WebPage","@id":"https:\/\/genepredictis.com\/fr\/genetic\/cypass\/","url":"https:\/\/genepredictis.com\/fr\/genetic\/cypass\/","name":"CYPASS - Genepredictis","isPartOf":{"@id":"https:\/\/genepredictis.com\/fr\/#website"},"datePublished":"2021-10-01T15:37:26+00:00","dateModified":"2023-01-17T09:08:30+00:00","breadcrumb":{"@id":"https:\/\/genepredictis.com\/fr\/genetic\/cypass\/#breadcrumb"},"inLanguage":"fr-FR","potentialAction":[{"@type":"ReadAction","target":["https:\/\/genepredictis.com\/fr\/genetic\/cypass\/"]}]},{"@type":"BreadcrumbList","@id":"https:\/\/genepredictis.com\/fr\/genetic\/cypass\/#breadcrumb","itemListElement":[{"@type":"ListItem","position":1,"name":"Home","item":"https:\/\/genepredictis.com\/fr\/home\/"},{"@type":"ListItem","position":2,"name":"GENETIC","item":"https:\/\/genepredictis.com\/fr\/genetic\/"},{"@type":"ListItem","position":3,"name":"CYPASS"}]},{"@type":"WebSite","@id":"https:\/\/genepredictis.com\/fr\/#website","url":"https:\/\/genepredictis.com\/fr\/","name":"Genepredictis","description":"Because i am unique","publisher":{"@id":"https:\/\/genepredictis.com\/fr\/#organization"},"potentialAction":[{"@type":"SearchAction","target":{"@type":"EntryPoint","urlTemplate":"https:\/\/genepredictis.com\/fr\/?s={search_term_string}"},"query-input":{"@type":"PropertyValueSpecification","valueRequired":true,"valueName":"search_term_string"}}],"inLanguage":"fr-FR"},{"@type":"Organization","@id":"https:\/\/genepredictis.com\/fr\/#organization","name":"Gene predictis","url":"https:\/\/genepredictis.com\/fr\/","logo":{"@type":"ImageObject","inLanguage":"fr-FR","@id":"https:\/\/genepredictis.com\/fr\/#\/schema\/logo\/image\/","url":"https:\/\/genepredictis.com\/wp-content\/uploads\/2021\/08\/logoNB.png","contentUrl":"https:\/\/genepredictis.com\/wp-content\/uploads\/2021\/08\/logoNB.png","width":606,"height":170,"caption":"Gene predictis"},"image":{"@id":"https:\/\/genepredictis.com\/fr\/#\/schema\/logo\/image\/"}}]}},"_links":{"self":[{"href":"https:\/\/genepredictis.com\/fr\/wp-json\/wp\/v2\/pages\/4027","targetHints":{"allow":["GET"]}}],"collection":[{"href":"https:\/\/genepredictis.com\/fr\/wp-json\/wp\/v2\/pages"}],"about":[{"href":"https:\/\/genepredictis.com\/fr\/wp-json\/wp\/v2\/types\/page"}],"author":[{"embeddable":true,"href":"https:\/\/genepredictis.com\/fr\/wp-json\/wp\/v2\/users\/1"}],"replies":[{"embeddable":true,"href":"https:\/\/genepredictis.com\/fr\/wp-json\/wp\/v2\/comments?post=4027"}],"version-history":[{"count":4,"href":"https:\/\/genepredictis.com\/fr\/wp-json\/wp\/v2\/pages\/4027\/revisions"}],"predecessor-version":[{"id":4560,"href":"https:\/\/genepredictis.com\/fr\/wp-json\/wp\/v2\/pages\/4027\/revisions\/4560"}],"up":[{"embeddable":true,"href":"https:\/\/genepredictis.com\/fr\/wp-json\/wp\/v2\/pages\/4017"}],"wp:attachment":[{"href":"https:\/\/genepredictis.com\/fr\/wp-json\/wp\/v2\/media?parent=4027"}],"curies":[{"name":"wp","href":"https:\/\/api.w.org\/{rel}","templated":true}]}}