{"id":3998,"date":"2021-09-01T15:11:47","date_gmt":"2021-09-01T13:11:47","guid":{"rendered":"https:\/\/genepredictis.com\/?page_id=3998"},"modified":"2023-02-01T11:46:49","modified_gmt":"2023-02-01T10:46:49","slug":"covid-19","status":"publish","type":"page","link":"https:\/\/genepredictis.com\/fr\/covid-19\/","title":{"rendered":"COVID-19"},"content":{"rendered":"\n<style type=\"text\/css\" data-created_by=\"avia_inline_auto\" id=\"style-css-av-ku8f75pp-5eb956766069b9f71aa64f8f3bb846dd\">\n.avia-section.av-ku8f75pp-5eb956766069b9f71aa64f8f3bb846dd{\nbackground-repeat:no-repeat;\nbackground-image:url(https:\/\/genepredictis.com\/wp-content\/uploads\/2021\/09\/banner_company-1.jpg);\nbackground-position:50% 50%;\nbackground-attachment:scroll;\n}\n.avia-section.av-ku8f75pp-5eb956766069b9f71aa64f8f3bb846dd .av-section-color-overlay{\nopacity:0.3;\nbackground-color:#000000;\n}\n<\/style>\n<div id='av_section_1'  class='avia-section av-ku8f75pp-5eb956766069b9f71aa64f8f3bb846dd main_color avia-section-huge avia-no-border-styling  avia-builder-el-0  el_before_av_section  avia-builder-el-first  avia-full-stretch avia-bg-style-scroll av-section-color-overlay-active av-minimum-height av-minimum-height-50 av-height-50  container_wrap fullsize'  data-section-bg-repeat='stretch' data-av_minimum_height_pc='50' data-av_min_height_opt='50'><div class=\"av-section-color-overlay-wrap\"><div class=\"av-section-color-overlay\"><\/div><div class='container av-section-cont-open' ><main  role=\"main\" itemprop=\"mainContentOfPage\"  class='template-page content  av-content-full alpha units'><div class='post-entry post-entry-type-page post-entry-3998'><div class='entry-content-wrapper clearfix'>\n<\/div><\/div><\/main><!-- close content main element --><\/div><\/div><\/div><div id='av_section_2'  class='avia-section av-38qdf-2907841cad574d72c99b6c04e84e5e06 main_color avia-section-default avia-no-border-styling  avia-builder-el-1  el_after_av_section  el_before_av_section  avia-bg-style-scroll container_wrap fullsize'  ><div class='container av-section-cont-open' ><div class='template-page content  av-content-full alpha units'><div class='post-entry post-entry-type-page post-entry-3998'><div class='entry-content-wrapper clearfix'>\n\n<style type=\"text\/css\" data-created_by=\"avia_inline_auto\" id=\"style-css-av-kt1iz1yg-7991d150a23ee180de7d46a5aaa569c0\">\n#top .av-special-heading.av-kt1iz1yg-7991d150a23ee180de7d46a5aaa569c0{\nmargin:40px 10px 0 10px;\npadding-bottom:50px;\ncolor:#000000;\n}\nbody .av-special-heading.av-kt1iz1yg-7991d150a23ee180de7d46a5aaa569c0 .av-special-heading-tag .heading-char{\nfont-size:25px;\n}\n.av-special-heading.av-kt1iz1yg-7991d150a23ee180de7d46a5aaa569c0 .special-heading-inner-border{\nborder-color:#000000;\n}\n.av-special-heading.av-kt1iz1yg-7991d150a23ee180de7d46a5aaa569c0 .av-subheading{\nfont-size:15px;\n}\n<\/style>\n<div  class='av-special-heading av-kt1iz1yg-7991d150a23ee180de7d46a5aaa569c0 av-special-heading-h1 custom-color-heading blockquote modern-quote modern-centered  avia-builder-el-2  el_before_av_one_full  avia-builder-el-first '><h1 class='av-special-heading-tag '  itemprop=\"headline\"  >COVID-19<\/h1><div class=\"special-heading-border\"><div class=\"special-heading-inner-border\"><\/div><\/div><\/div>\n<div  class='flex_column av-2ue63-9533808025050445bef84a1f34b45d13 av_one_full  avia-builder-el-3  el_after_av_heading  el_before_av_one_half  first flex_column_div  '     ><p>\n<style type=\"text\/css\" data-created_by=\"avia_inline_auto\" id=\"style-css-av-kt1j7rba-a01f65f9c5ce6bbced73acc3ba738a4c\">\n#top .av-special-heading.av-kt1j7rba-a01f65f9c5ce6bbced73acc3ba738a4c{\npadding-bottom:10px;\n}\nbody .av-special-heading.av-kt1j7rba-a01f65f9c5ce6bbced73acc3ba738a4c .av-special-heading-tag .heading-char{\nfont-size:25px;\n}\n.av-special-heading.av-kt1j7rba-a01f65f9c5ce6bbced73acc3ba738a4c .av-subheading{\nfont-size:15px;\n}\n<\/style>\n<div  class='av-special-heading av-kt1j7rba-a01f65f9c5ce6bbced73acc3ba738a4c av-special-heading-h4 blockquote modern-quote  avia-builder-el-4  el_before_av_textblock  avia-builder-el-first '><h4 class='av-special-heading-tag '  itemprop=\"headline\"  >L\u2019actuelle pand\u00e9mie de coronavirus 2019 (COVID-19) est caus\u00e9e par le coronavirus 2 du syndrome respiratoire aigu s\u00e9v\u00e8re (SARS-CoV-2).<\/h4><div class=\"special-heading-border\"><div class=\"special-heading-inner-border\"><\/div><\/div><\/div><br \/>\n<section  class='av_textblock_section av-kt1j8a9m-d1cc6a0e78a655fcb8c85f7d840842cd '   itemscope=\"itemscope\" itemtype=\"https:\/\/schema.org\/CreativeWork\" ><div class='avia_textblock'  itemprop=\"text\" ><p>Le virus provoque principalement une maladie respiratoire chez l&rsquo;homme dont la gravit\u00e9 est tr\u00e8s variable. Les sympt\u00f4mes comprennent la fi\u00e8vre, la fatigue, la toux, l&rsquo;essoufflement et la perte de l&rsquo;odorat et du go\u00fbt. Certains patients \u00e9voluent vers des complications.<\/p>\n<\/div><\/section><br \/>\n\n<style type=\"text\/css\" data-created_by=\"avia_inline_auto\" id=\"style-css-av-l5mav9u1-56167a60491965a8f65e3673b8a52f74\">\n#top .hr.hr-invisible.av-l5mav9u1-56167a60491965a8f65e3673b8a52f74{\nmargin-top:-40px;\nheight:1px;\n}\n<\/style>\n<div  class='hr av-l5mav9u1-56167a60491965a8f65e3673b8a52f74 hr-invisible  avia-builder-el-6  el_after_av_textblock  el_before_av_heading '><span class='hr-inner '><span class=\"hr-inner-style\"><\/span><\/span><\/div><br \/>\n\n<style type=\"text\/css\" data-created_by=\"avia_inline_auto\" id=\"style-css-av-kt1j8ucl-7c40ebea6d35c0c2f492607bef6b1322\">\n#top .av-special-heading.av-kt1j8ucl-7c40ebea6d35c0c2f492607bef6b1322{\npadding-bottom:10px;\n}\nbody .av-special-heading.av-kt1j8ucl-7c40ebea6d35c0c2f492607bef6b1322 .av-special-heading-tag .heading-char{\nfont-size:25px;\n}\n.av-special-heading.av-kt1j8ucl-7c40ebea6d35c0c2f492607bef6b1322 .av-subheading{\nfont-size:15px;\n}\n<\/style>\n<div  class='av-special-heading av-kt1j8ucl-7c40ebea6d35c0c2f492607bef6b1322 av-special-heading-h4 blockquote modern-quote  avia-builder-el-7  el_after_av_hr  avia-builder-el-last '><h4 class='av-special-heading-tag '  itemprop=\"headline\"  >Notre laboratoire propose une gamme compl\u00e8te de tests li\u00e9s au COVID-19.<\/h4><div class=\"special-heading-border\"><div class=\"special-heading-inner-border\"><\/div><\/div><\/div><\/p><\/div><div  class='flex_column av-1gr7j-a5f5361b2d65bf8232d086cc00604bac av_one_half  avia-builder-el-8  el_after_av_one_full  el_before_av_one_half  first flex_column_div  column-top-margin'     ><p>\n<style type=\"text\/css\" data-created_by=\"avia_inline_auto\" id=\"style-css-av-kt1jah7n-78c3d59f80f4ae9403fd248da47a4525\">\n#top .av-special-heading.av-kt1jah7n-78c3d59f80f4ae9403fd248da47a4525{\npadding-bottom:10px;\n}\nbody .av-special-heading.av-kt1jah7n-78c3d59f80f4ae9403fd248da47a4525 .av-special-heading-tag .heading-char{\nfont-size:25px;\n}\n.av-special-heading.av-kt1jah7n-78c3d59f80f4ae9403fd248da47a4525 .av-subheading{\nfont-size:15px;\n}\n<\/style>\n<div  class='av-special-heading av-kt1jah7n-78c3d59f80f4ae9403fd248da47a4525 av-special-heading-h3 blockquote modern-quote  avia-builder-el-9  el_before_av_textblock  avia-builder-el-first '><h3 class='av-special-heading-tag '  itemprop=\"headline\"  >TEST DE DIAGNOSTIC<\/h3><div class=\"special-heading-border\"><div class=\"special-heading-inner-border\"><\/div><\/div><\/div><br \/>\n<section  class='av_textblock_section av-kt1jaybn-83461524c7316fd7956c6be61973646e '   itemscope=\"itemscope\" itemtype=\"https:\/\/schema.org\/CreativeWork\" ><div class='avia_textblock'  itemprop=\"text\" ><p><span class=\"fontstyle3\"><span class=\"fontstyle0\">Un test de diagnostic du SRAS-CoV-2 peut \u00eatre effectu\u00e9 en cas de suspicion de COVID-19. Le test de d\u00e9tection de l&rsquo;ARN viral sp\u00e9cifique est bas\u00e9 sur la r\u00e9action en cha\u00eene par polym\u00e9rase apr\u00e8s transcription inverse de l&rsquo;ARN viral (RT-PCR). Il peut \u00eatre r\u00e9alis\u00e9 sur un \u00e9couvillon nasopharyng\u00e9 ou oropharyng\u00e9 ou sur la salive.<\/span><\/span><\/p>\n<p><span class=\"fontstyle0\"> Les r\u00e9sultats du test sont communiqu\u00e9s dans les 24 heures suivant la r\u00e9ception de l&rsquo;\u00e9chantillon.<\/span><\/p>\n<\/div><\/section><\/p><\/div><div  class='flex_column av-15ji7-411d87d05171a49cd5fb8710a9638d5d av_one_half  avia-builder-el-11  el_after_av_one_half  avia-builder-el-last  flex_column_div  column-top-margin'     ><p>\n<style type=\"text\/css\" data-created_by=\"avia_inline_auto\" id=\"style-css-av-kt1jbc2l-dcefb0c66ff6662b411f6b7d3c70fa90\">\n#top .av-special-heading.av-kt1jbc2l-dcefb0c66ff6662b411f6b7d3c70fa90{\npadding-bottom:10px;\n}\nbody .av-special-heading.av-kt1jbc2l-dcefb0c66ff6662b411f6b7d3c70fa90 .av-special-heading-tag .heading-char{\nfont-size:25px;\n}\n.av-special-heading.av-kt1jbc2l-dcefb0c66ff6662b411f6b7d3c70fa90 .av-subheading{\nfont-size:15px;\n}\n<\/style>\n<div  class='av-special-heading av-kt1jbc2l-dcefb0c66ff6662b411f6b7d3c70fa90 av-special-heading-h3 blockquote modern-quote  avia-builder-el-12  el_before_av_textblock  avia-builder-el-first '><h3 class='av-special-heading-tag '  itemprop=\"headline\"  >TESTS D\u2019ANTICORPS (TESTS S\u00c9ROLOGIQUES) <\/h3><div class=\"special-heading-border\"><div class=\"special-heading-inner-border\"><\/div><\/div><\/div><br \/>\n<section  class='av_textblock_section av-kt1jcbuv-8c5eb395d1878bfd2e92589dad50b99c '   itemscope=\"itemscope\" itemtype=\"https:\/\/schema.org\/CreativeWork\" ><div class='avia_textblock'  itemprop=\"text\" ><p><span class=\"fontstyle3\"><span class=\"fontstyle0\">Les tests d&rsquo;anticorps d\u00e9terminent si une personne a \u00e9t\u00e9 en contact avec le virus du SRAS-CoV-2 et a d\u00e9velopp\u00e9 des anticorps contre le virus. Selon les connaissances actuelles, le corps humain produit une r\u00e9ponse immunitaire au SRAS-CoV-2 apr\u00e8s l&rsquo;exposition au virus : Les anticorps IgM sont d\u00e9tectables dans les premiers stades de l&rsquo;infection et les anticorps IgG le sont \u00e0 partir de 10 \u00e0 14 jours apr\u00e8s la premi\u00e8re apparition des sympt\u00f4mes. Ainsi, la d\u00e9tection des<br \/>\nanticorps IgM doit \u00eatre effectu\u00e9e en m\u00eame temps que le test RT-PCR, lorsque les sympt\u00f4mes de la maladie sont pr\u00e9sents, alors que le test IgG est pertinent au plus t\u00f4t 14 jours apr\u00e8s l&rsquo;apparition des sympt\u00f4mes. <\/span><\/span><\/p>\n<p><span class=\"fontstyle0\"> La recherche d&rsquo;anticorps est effectu\u00e9e sur le s\u00e9rum au moyen de tests rapides (\u00ab\u00a0lateral flow\u00a0\u00bb) pour d\u00e9tecter les anticorps IgM et IgG ou par des tests plus sp\u00e9cifiques appel\u00e9s ELISA (Enzyme-Linked Immunosorbent Assay) pour les anticorps IgG.<\/span><\/p>\n<\/div><\/section><\/p><\/div>\n\n<\/div><\/div><\/div><!-- close content main div --><\/div><\/div><div id='av_section_3'  class='avia-section av-sp5r-c0d039a0f5eddc70dd2e3f9baecb423a main_color avia-section-default avia-no-border-styling  avia-builder-el-14  el_after_av_section  avia-builder-el-last  avia-bg-style-scroll container_wrap fullsize'  ><div class='container av-section-cont-open' ><div class='template-page content  av-content-full alpha units'><div class='post-entry post-entry-type-page post-entry-3998'><div class='entry-content-wrapper clearfix'>\n<div  class='avia-button-wrap av-wbsj-d9c900c42da34792a16b71b5e14f7080-wrap avia-button-center  avia-builder-el-15  avia-builder-el-no-sibling '>\n<style type=\"text\/css\" data-created_by=\"avia_inline_auto\" id=\"style-css-av-wbsj-d9c900c42da34792a16b71b5e14f7080\">\n#top #wrap_all .avia-button.av-wbsj-d9c900c42da34792a16b71b5e14f7080{\nbackground-color:#8b6089;\nborder-color:#8b6089;\ntransition:all 0.4s ease-in-out;\n}\n#top #wrap_all .avia-button.av-wbsj-d9c900c42da34792a16b71b5e14f7080:hover{\nbackground-color:#101946;\ncolor:#ffffff;\ntransition:all 0.4s ease-in-out;\n}\n#top #wrap_all .avia-button.av-wbsj-d9c900c42da34792a16b71b5e14f7080:hover .avia-svg-icon svg:first-child{\nfill:#ffffff;\nstroke:#ffffff;\n}\n<\/style>\n<a href='https:\/\/genepredictis.com\/fr\/forms\/'  class='avia-button av-wbsj-d9c900c42da34792a16b71b5e14f7080 av-link-btn avia-icon_select-no avia-size-x-large avia-position-center avia-font-color-theme-color'   aria-label=\"Forms \"><span class='avia_iconbox_title' >Forms <\/span><\/a><\/div>\n\n","protected":false},"excerpt":{"rendered":"","protected":false},"author":1,"featured_media":0,"parent":0,"menu_order":0,"comment_status":"closed","ping_status":"closed","template":"","meta":{"footnotes":""},"class_list":["post-3998","page","type-page","status-publish","hentry"],"yoast_head":"<!-- This site is optimized with the Yoast SEO plugin v27.3 - https:\/\/yoast.com\/product\/yoast-seo-wordpress\/ -->\n<title>COVID-19 - Genepredictis<\/title>\n<meta name=\"robots\" content=\"index, follow, max-snippet:-1, max-image-preview:large, max-video-preview:-1\" \/>\n<link rel=\"canonical\" href=\"https:\/\/genepredictis.com\/fr\/covid-19\/\" \/>\n<meta property=\"og:locale\" content=\"fr_FR\" \/>\n<meta property=\"og:type\" content=\"article\" \/>\n<meta property=\"og:title\" content=\"COVID-19 - Genepredictis\" \/>\n<meta property=\"og:url\" content=\"https:\/\/genepredictis.com\/fr\/covid-19\/\" \/>\n<meta property=\"og:site_name\" content=\"Genepredictis\" \/>\n<meta property=\"article:modified_time\" content=\"2023-02-01T10:46:49+00:00\" \/>\n<meta name=\"twitter:card\" content=\"summary_large_image\" \/>\n<meta name=\"twitter:label1\" content=\"Dur\u00e9e de lecture estim\u00e9e\" \/>\n\t<meta name=\"twitter:data1\" content=\"6 minutes\" \/>\n<script type=\"application\/ld+json\" class=\"yoast-schema-graph\">{\"@context\":\"https:\\\/\\\/schema.org\",\"@graph\":[{\"@type\":\"WebPage\",\"@id\":\"https:\\\/\\\/genepredictis.com\\\/fr\\\/covid-19\\\/\",\"url\":\"https:\\\/\\\/genepredictis.com\\\/fr\\\/covid-19\\\/\",\"name\":\"COVID-19 - Genepredictis\",\"isPartOf\":{\"@id\":\"https:\\\/\\\/genepredictis.com\\\/fr\\\/#website\"},\"datePublished\":\"2021-09-01T13:11:47+00:00\",\"dateModified\":\"2023-02-01T10:46:49+00:00\",\"breadcrumb\":{\"@id\":\"https:\\\/\\\/genepredictis.com\\\/fr\\\/covid-19\\\/#breadcrumb\"},\"inLanguage\":\"fr-FR\",\"potentialAction\":[{\"@type\":\"ReadAction\",\"target\":[\"https:\\\/\\\/genepredictis.com\\\/fr\\\/covid-19\\\/\"]}]},{\"@type\":\"BreadcrumbList\",\"@id\":\"https:\\\/\\\/genepredictis.com\\\/fr\\\/covid-19\\\/#breadcrumb\",\"itemListElement\":[{\"@type\":\"ListItem\",\"position\":1,\"name\":\"Home\",\"item\":\"https:\\\/\\\/genepredictis.com\\\/fr\\\/home\\\/\"},{\"@type\":\"ListItem\",\"position\":2,\"name\":\"COVID-19\"}]},{\"@type\":\"WebSite\",\"@id\":\"https:\\\/\\\/genepredictis.com\\\/fr\\\/#website\",\"url\":\"https:\\\/\\\/genepredictis.com\\\/fr\\\/\",\"name\":\"Genepredictis\",\"description\":\"Because i am unique\",\"publisher\":{\"@id\":\"https:\\\/\\\/genepredictis.com\\\/fr\\\/#organization\"},\"potentialAction\":[{\"@type\":\"SearchAction\",\"target\":{\"@type\":\"EntryPoint\",\"urlTemplate\":\"https:\\\/\\\/genepredictis.com\\\/fr\\\/?s={search_term_string}\"},\"query-input\":{\"@type\":\"PropertyValueSpecification\",\"valueRequired\":true,\"valueName\":\"search_term_string\"}}],\"inLanguage\":\"fr-FR\"},{\"@type\":\"Organization\",\"@id\":\"https:\\\/\\\/genepredictis.com\\\/fr\\\/#organization\",\"name\":\"Gene predictis\",\"url\":\"https:\\\/\\\/genepredictis.com\\\/fr\\\/\",\"logo\":{\"@type\":\"ImageObject\",\"inLanguage\":\"fr-FR\",\"@id\":\"https:\\\/\\\/genepredictis.com\\\/fr\\\/#\\\/schema\\\/logo\\\/image\\\/\",\"url\":\"https:\\\/\\\/genepredictis.com\\\/wp-content\\\/uploads\\\/2021\\\/08\\\/logoNB.png\",\"contentUrl\":\"https:\\\/\\\/genepredictis.com\\\/wp-content\\\/uploads\\\/2021\\\/08\\\/logoNB.png\",\"width\":606,\"height\":170,\"caption\":\"Gene predictis\"},\"image\":{\"@id\":\"https:\\\/\\\/genepredictis.com\\\/fr\\\/#\\\/schema\\\/logo\\\/image\\\/\"}}]}<\/script>\n<!-- \/ Yoast SEO plugin. -->","yoast_head_json":{"title":"COVID-19 - Genepredictis","robots":{"index":"index","follow":"follow","max-snippet":"max-snippet:-1","max-image-preview":"max-image-preview:large","max-video-preview":"max-video-preview:-1"},"canonical":"https:\/\/genepredictis.com\/fr\/covid-19\/","og_locale":"fr_FR","og_type":"article","og_title":"COVID-19 - Genepredictis","og_url":"https:\/\/genepredictis.com\/fr\/covid-19\/","og_site_name":"Genepredictis","article_modified_time":"2023-02-01T10:46:49+00:00","twitter_card":"summary_large_image","twitter_misc":{"Dur\u00e9e de lecture estim\u00e9e":"6 minutes"},"schema":{"@context":"https:\/\/schema.org","@graph":[{"@type":"WebPage","@id":"https:\/\/genepredictis.com\/fr\/covid-19\/","url":"https:\/\/genepredictis.com\/fr\/covid-19\/","name":"COVID-19 - Genepredictis","isPartOf":{"@id":"https:\/\/genepredictis.com\/fr\/#website"},"datePublished":"2021-09-01T13:11:47+00:00","dateModified":"2023-02-01T10:46:49+00:00","breadcrumb":{"@id":"https:\/\/genepredictis.com\/fr\/covid-19\/#breadcrumb"},"inLanguage":"fr-FR","potentialAction":[{"@type":"ReadAction","target":["https:\/\/genepredictis.com\/fr\/covid-19\/"]}]},{"@type":"BreadcrumbList","@id":"https:\/\/genepredictis.com\/fr\/covid-19\/#breadcrumb","itemListElement":[{"@type":"ListItem","position":1,"name":"Home","item":"https:\/\/genepredictis.com\/fr\/home\/"},{"@type":"ListItem","position":2,"name":"COVID-19"}]},{"@type":"WebSite","@id":"https:\/\/genepredictis.com\/fr\/#website","url":"https:\/\/genepredictis.com\/fr\/","name":"Genepredictis","description":"Because i am unique","publisher":{"@id":"https:\/\/genepredictis.com\/fr\/#organization"},"potentialAction":[{"@type":"SearchAction","target":{"@type":"EntryPoint","urlTemplate":"https:\/\/genepredictis.com\/fr\/?s={search_term_string}"},"query-input":{"@type":"PropertyValueSpecification","valueRequired":true,"valueName":"search_term_string"}}],"inLanguage":"fr-FR"},{"@type":"Organization","@id":"https:\/\/genepredictis.com\/fr\/#organization","name":"Gene predictis","url":"https:\/\/genepredictis.com\/fr\/","logo":{"@type":"ImageObject","inLanguage":"fr-FR","@id":"https:\/\/genepredictis.com\/fr\/#\/schema\/logo\/image\/","url":"https:\/\/genepredictis.com\/wp-content\/uploads\/2021\/08\/logoNB.png","contentUrl":"https:\/\/genepredictis.com\/wp-content\/uploads\/2021\/08\/logoNB.png","width":606,"height":170,"caption":"Gene predictis"},"image":{"@id":"https:\/\/genepredictis.com\/fr\/#\/schema\/logo\/image\/"}}]}},"_links":{"self":[{"href":"https:\/\/genepredictis.com\/fr\/wp-json\/wp\/v2\/pages\/3998","targetHints":{"allow":["GET"]}}],"collection":[{"href":"https:\/\/genepredictis.com\/fr\/wp-json\/wp\/v2\/pages"}],"about":[{"href":"https:\/\/genepredictis.com\/fr\/wp-json\/wp\/v2\/types\/page"}],"author":[{"embeddable":true,"href":"https:\/\/genepredictis.com\/fr\/wp-json\/wp\/v2\/users\/1"}],"replies":[{"embeddable":true,"href":"https:\/\/genepredictis.com\/fr\/wp-json\/wp\/v2\/comments?post=3998"}],"version-history":[{"count":6,"href":"https:\/\/genepredictis.com\/fr\/wp-json\/wp\/v2\/pages\/3998\/revisions"}],"predecessor-version":[{"id":4854,"href":"https:\/\/genepredictis.com\/fr\/wp-json\/wp\/v2\/pages\/3998\/revisions\/4854"}],"wp:attachment":[{"href":"https:\/\/genepredictis.com\/fr\/wp-json\/wp\/v2\/media?parent=3998"}],"curies":[{"name":"wp","href":"https:\/\/api.w.org\/{rel}","templated":true}]}}