{"id":4075,"date":"2021-10-01T12:46:30","date_gmt":"2021-10-01T10:46:30","guid":{"rendered":"https:\/\/genepredictis.com\/?page_id=4075"},"modified":"2024-07-17T14:31:03","modified_gmt":"2024-07-17T12:31:03","slug":"home","status":"publish","type":"page","link":"https:\/\/genepredictis.com\/de\/","title":{"rendered":"Home"},"content":{"rendered":"\n<style type=\"text\/css\" data-created_by=\"avia_inline_auto\" id=\"style-css-av-ku88i6w2-db48579f4dae5defea2b905e351c8fc9\">\n.avia-section.av-ku88i6w2-db48579f4dae5defea2b905e351c8fc9{\nbackground-repeat:no-repeat;\nbackground-image:url(https:\/\/genepredictis.com\/wp-content\/uploads\/2021\/08\/banner_home.jpg);\nbackground-position:50% 50%;\nbackground-attachment:scroll;\n}\n.avia-section.av-ku88i6w2-db48579f4dae5defea2b905e351c8fc9 .av-section-color-overlay{\nopacity:0.3;\nbackground-color:#000000;\n}\n<\/style>\n<div id='av_section_1'  class='avia-section av-ku88i6w2-db48579f4dae5defea2b905e351c8fc9 main_color avia-section-huge avia-no-border-styling  avia-builder-el-0  el_before_av_section  avia-builder-el-first  avia-full-stretch avia-bg-style-scroll av-section-color-overlay-active av-minimum-height av-minimum-height-50 av-height-50  container_wrap fullsize'  data-section-bg-repeat='stretch' data-av_minimum_height_pc='50' data-av_min_height_opt='50'><div class=\"av-section-color-overlay-wrap\"><div class=\"av-section-color-overlay\"><\/div><div class='container av-section-cont-open' ><main  role=\"main\" itemprop=\"mainContentOfPage\"  class='template-page content  av-content-full alpha units'><div class='post-entry post-entry-type-page post-entry-4075'><div class='entry-content-wrapper clearfix'>\n<\/div><\/div><\/main><!-- close content main element --><\/div><\/div><\/div><div id='av_section_2'  class='avia-section av-2a4vk-d03363e1ff998246891fa7c70e2f0974 main_color avia-section-default avia-no-border-styling  avia-builder-el-1  el_after_av_section  el_before_av_section  avia-bg-style-scroll container_wrap fullsize'  ><div class='container av-section-cont-open' ><div class='template-page content  av-content-full alpha units'><div class='post-entry post-entry-type-page post-entry-4075'><div class='entry-content-wrapper clearfix'>\n\n<style type=\"text\/css\" data-created_by=\"avia_inline_auto\" id=\"style-css-av-kt06st30-bd99fa492fdb36200978ea3c015c959e\">\n#top .av-special-heading.av-kt06st30-bd99fa492fdb36200978ea3c015c959e{\npadding-bottom:40px;\ncolor:#000000;\nfont-size:40px;\n}\nbody .av-special-heading.av-kt06st30-bd99fa492fdb36200978ea3c015c959e .av-special-heading-tag .heading-char{\nfont-size:25px;\n}\n#top #wrap_all .av-special-heading.av-kt06st30-bd99fa492fdb36200978ea3c015c959e .av-special-heading-tag{\nfont-size:40px;\n}\n.av-special-heading.av-kt06st30-bd99fa492fdb36200978ea3c015c959e .special-heading-inner-border{\nborder-color:#000000;\n}\n.av-special-heading.av-kt06st30-bd99fa492fdb36200978ea3c015c959e .av-subheading{\nfont-size:15px;\n}\n\n@media only screen and (min-width: 480px) and (max-width: 767px){ \n#top #wrap_all .av-special-heading.av-kt06st30-bd99fa492fdb36200978ea3c015c959e .av-special-heading-tag{\nfont-size:40px;\n}\n}\n\n@media only screen and (max-width: 479px){ \n#top #wrap_all .av-special-heading.av-kt06st30-bd99fa492fdb36200978ea3c015c959e .av-special-heading-tag{\nfont-size:36px;\n}\n}\n<\/style>\n<div  class='av-special-heading av-kt06st30-bd99fa492fdb36200978ea3c015c959e av-special-heading-h1 custom-color-heading blockquote modern-quote modern-centered  avia-builder-el-2  el_before_av_textblock  avia-builder-el-first  av-inherit-size'><h1 class='av-special-heading-tag '  itemprop=\"headline\"  >EIN SCHWEIZER PIONIERUNTERNEHMEN<br \/>\nF\u00dcR DIE PR\u00c4ZISIONSMEDIZIN<\/h1><div class=\"special-heading-border\"><div class=\"special-heading-inner-border\"><\/div><\/div><\/div>\n<section  class='av_textblock_section av-kt06t8md-8e0f84dc08bf80c3399c09414754bb24 '   itemscope=\"itemscope\" itemtype=\"https:\/\/schema.org\/CreativeWork\" ><div class='avia_textblock'  itemprop=\"text\" ><p>Wir entwickeln und vermarkten innovative, klinisch relevante Diagnoseinstrumente auf der Grundlage der Genetik, die es erm\u00f6glichen,:<\/p>\n<ul>\n<li>die Wirksamkeit der medikament\u00f6sen Behandlung zu verbessern und sch\u00e4dliche Nebenwirkungen zu verringern<\/li>\n<li>Verbesserung von Ern\u00e4hrung und Lebensstil<\/li>\n<li>die Entwicklung von Krankheiten zu verhindern<\/li>\n<\/ul>\n<p>Sie basieren auf den neuesten, validierten Erkenntnissen in den Bereichen Gesundheit und Genetik sowie auf firmeneigenen Algorithmen.<\/p>\n<p>Unsere bahnbrechenden pr\u00e4diktiven und diagnostischen Technologien, die wichtige medizinische Bed\u00fcrfnisse erf\u00fcllen, sind nur auf \u00e4rztliche Verschreibung erh\u00e4ltlich und werden von unseren hochmodernen autorisierten Testlabors in der Schweiz angeboten.<\/p>\n<\/div><\/section>\n<\/div><\/div><\/div><!-- close content main div --><\/div><\/div><div id='av_section_3'  class='avia-section av-ktk3glr7-a42474ee1acc5d25ca1c80861bac2ca0 main_color avia-section-default avia-no-border-styling  avia-builder-el-4  el_after_av_section  el_before_av_section  av-desktop-hide avia-bg-style-scroll container_wrap fullsize'  ><div class='container av-section-cont-open' ><div class='template-page content  av-content-full alpha units'><div class='post-entry post-entry-type-page post-entry-4075'><div class='entry-content-wrapper clearfix'>\n<div  class='avia-video av-kuo2ax9b-1e1fabec0ccf45fc25513235b2b61c74 avia-video-16-9 av-no-preview-image avia-video-load-always av-lazyload-immediate av-lazyload-video-embed'  itemprop=\"video\" itemtype=\"https:\/\/schema.org\/VideoObject\"  data-original_url='https:\/\/youtu.be\/Y09tXPTtco0'><script type='text\/html' class='av-video-tmpl'><div class='avia-iframe-wrap'><iframe loading=\"lazy\" title=\"Gene Predictis - Corporate presentation\" width=\"1500\" height=\"844\" src=\"https:\/\/www.youtube.com\/embed\/Y09tXPTtco0?feature=oembed&autoplay=1&loop=1&controls=1&mute=1\" frameborder=\"0\" allow=\"accelerometer; autoplay; clipboard-write; encrypted-media; gyroscope; picture-in-picture\" allowfullscreen><\/iframe><\/div><\/script><div class='av-click-to-play-overlay'><div class=\"avia_playpause_icon\"><\/div><\/div><\/div>\n<\/p>\n<\/div><\/div><\/div><!-- close content main div --><\/div><\/div>\n<style type=\"text\/css\" data-created_by=\"avia_inline_auto\" id=\"style-css-av-vicg-fa5e7c8c949045dad9e17bd4c72f1f8d\">\n.avia-section.av-vicg-fa5e7c8c949045dad9e17bd4c72f1f8d .av-section-color-overlay{\nopacity:0.8;\nbackground-color:#ffffff;\n}\n<\/style>\n<div id='av_section_4'  class='avia-section av-vicg-fa5e7c8c949045dad9e17bd4c72f1f8d main_color avia-section-default avia-no-border-styling  avia-builder-el-6  el_after_av_section  el_before_av_section  av-medium-hide av-small-hide av-mini-hide avia-bg-style-scroll av-section-color-overlay-active container_wrap fullsize'  ><div class=\"av-section-color-overlay-wrap\"><div class=\"av-section-color-overlay\"><\/div><div class='container av-section-cont-open' ><div class='template-page content  av-content-full alpha units'><div class='post-entry post-entry-type-page post-entry-4075'><div class='entry-content-wrapper clearfix'>\n<div  class='avia-video av-10kag-2b8960a6504dec1f56b38d43ff94d4e6 avia-video-16-9 av-medium-hide av-small-hide av-mini-hide av-no-preview-image avia-video-load-always av-lazyload-immediate av-lazyload-video-embed'  itemprop=\"video\" itemtype=\"https:\/\/schema.org\/VideoObject\"  data-original_url='https:\/\/www.youtube.com\/watch?v=Y09tXPTtco0'><script type='text\/html' class='av-video-tmpl'><div class='avia-iframe-wrap'><iframe loading=\"lazy\" title=\"Gene Predictis - Corporate presentation\" width=\"1500\" height=\"844\" src=\"https:\/\/www.youtube.com\/embed\/Y09tXPTtco0?feature=oembed&autoplay=0&loop=1&controls=1&mute=0&playlist=Y09tXPTtco0\" frameborder=\"0\" allow=\"accelerometer; autoplay; clipboard-write; encrypted-media; gyroscope; picture-in-picture\" allowfullscreen><\/iframe><\/div><\/script><div class='av-click-to-play-overlay'><div class=\"avia_playpause_icon\"><\/div><\/div><\/div>\n\n<\/div><\/div><\/div><!-- close content main div --><\/div><\/div><\/div>\n<style type=\"text\/css\" data-created_by=\"avia_inline_auto\" id=\"style-css-av-kt08owov-23c489eed2d97ca8b169b39469281cd6\">\n.avia-section.av-kt08owov-23c489eed2d97ca8b169b39469281cd6{\nbackground-color:#101946;\nbackground-image:unset;\n}\n<\/style>\n<div id='av_section_5'  class='avia-section av-kt08owov-23c489eed2d97ca8b169b39469281cd6 main_color avia-section-default avia-no-border-styling  avia-builder-el-8  el_after_av_section  el_before_av_section  avia-bg-style-scroll container_wrap fullsize'  ><div class='container av-section-cont-open' ><div class='template-page content  av-content-full alpha units'><div class='post-entry post-entry-type-page post-entry-4075'><div class='entry-content-wrapper clearfix'>\n\n<style type=\"text\/css\" data-created_by=\"avia_inline_auto\" id=\"style-css-av-39s7k-461b28f5ab6eabe5b2e4d5ce81393727\">\n.flex_column.av-39s7k-461b28f5ab6eabe5b2e4d5ce81393727{\nborder-radius:0px 0px 0px 0px;\npadding:0px 0px 0px 0px;\n}\n<\/style>\n<div  class='flex_column av-39s7k-461b28f5ab6eabe5b2e4d5ce81393727 av_one_third  avia-builder-el-9  el_before_av_one_third  avia-builder-el-first  first flex_column_div av-zero-column-padding  '     ><style type=\"text\/css\" data-created_by=\"avia_inline_auto\" id=\"style-css-av-kt08rpzc-a451900bf08e5981422989839347b381\">\n.avia-animated-number.av-kt08rpzc-a451900bf08e5981422989839347b381 .avia-animated-number-icon.avia-svg-icon svg:first-child{\nfill:#8b6089;\nstroke:#8b6089;\n}\n#top .avia-animated-number.av-kt08rpzc-a451900bf08e5981422989839347b381 .avia-animated-number-title{\nfont-size:100px;\ncolor:#8b6089;\n}\n#top .avia-animated-number.av-kt08rpzc-a451900bf08e5981422989839347b381 .avia-animated-number-content{\nfont-size:25px;\ncolor:#ffffff;\n}\n<\/style>\n<div  class=\"avia-animated-number av-kt08rpzc-a451900bf08e5981422989839347b381 av-force-default-color avia_animate_when_visible  avia-builder-el-10  avia-builder-el-no-sibling  avia-color-font-custom \" data-timer=\"3000\"><strong class=\"heading avia-animated-number-title\"><span class=\"avia-single-number __av-single-number\" data-number_format=\"\" data-number=\"15\" data-start_from=\"0\">15<\/span><span class=\"avia-no-number\"> <\/span><\/strong><div class=\"avia-animated-number-content\"><p>\u00fcber Jahre zu Ihren Diensten<\/p>\n<\/div><\/div><\/div>\n<style type=\"text\/css\" data-created_by=\"avia_inline_auto\" id=\"style-css-av-2tx58-9edd5b4ff4c5687c7f182f630083bb45\">\n.flex_column.av-2tx58-9edd5b4ff4c5687c7f182f630083bb45{\nborder-radius:0px 0px 0px 0px;\npadding:0px 0px 0px 0px;\n}\n<\/style>\n<div  class='flex_column av-2tx58-9edd5b4ff4c5687c7f182f630083bb45 av_one_third  avia-builder-el-11  el_after_av_one_third  el_before_av_one_third  flex_column_div av-zero-column-padding  '     ><style type=\"text\/css\" data-created_by=\"avia_inline_auto\" id=\"style-css-av-24swg-7f6650ce84d0fbf3cd5684df32d914fe\">\n.avia-animated-number.av-24swg-7f6650ce84d0fbf3cd5684df32d914fe .avia-animated-number-icon.avia-svg-icon svg:first-child{\nfill:#8b6089;\nstroke:#8b6089;\n}\n#top .avia-animated-number.av-24swg-7f6650ce84d0fbf3cd5684df32d914fe .avia-animated-number-title{\nfont-size:100px;\ncolor:#8b6089;\n}\n#top .avia-animated-number.av-24swg-7f6650ce84d0fbf3cd5684df32d914fe .avia-animated-number-content{\nfont-size:25px;\ncolor:#ffffff;\n}\n<\/style>\n<div  class=\"avia-animated-number av-24swg-7f6650ce84d0fbf3cd5684df32d914fe av-force-default-color avia_animate_when_visible  avia-builder-el-12  avia-builder-el-no-sibling  avia-color-font-custom \" data-timer=\"3000\"><strong class=\"heading avia-animated-number-title\"><span class=\"avia-single-number __av-single-number\" data-number_format=\"\" data-number=\"50\" data-start_from=\"0\">50<\/span><span class=\"avia-no-number\">,<\/span><span class=\"avia-single-number __av-single-number\" data-number_format=\"\" data-number=\"000\" data-start_from=\"0\">000<\/span><span class=\"avia-no-number\"> <\/span><\/strong><div class=\"avia-animated-number-content\"><p>mehr als durchgef\u00fchrte Analysen<\/p>\n<\/div><\/div><\/div>\n<style type=\"text\/css\" data-created_by=\"avia_inline_auto\" id=\"style-css-av-1d2ag-e42575c0462cafd83e80e3787708dbc4\">\n.flex_column.av-1d2ag-e42575c0462cafd83e80e3787708dbc4{\nborder-radius:0px 0px 0px 0px;\npadding:0px 0px 0px 0px;\n}\n<\/style>\n<div  class='flex_column av-1d2ag-e42575c0462cafd83e80e3787708dbc4 av_one_third  avia-builder-el-13  el_after_av_one_third  avia-builder-el-last  flex_column_div av-zero-column-padding  '     ><style type=\"text\/css\" data-created_by=\"avia_inline_auto\" id=\"style-css-av-o0z8-2ebf00a990ca155cb9a435771e30fab1\">\n.avia-animated-number.av-o0z8-2ebf00a990ca155cb9a435771e30fab1 .avia-animated-number-icon.avia-svg-icon svg:first-child{\nfill:#8b6089;\nstroke:#8b6089;\n}\n#top .avia-animated-number.av-o0z8-2ebf00a990ca155cb9a435771e30fab1 .avia-animated-number-title{\nfont-size:100px;\ncolor:#8b6089;\n}\n#top .avia-animated-number.av-o0z8-2ebf00a990ca155cb9a435771e30fab1 .avia-animated-number-content{\nfont-size:25px;\ncolor:#ffffff;\n}\n<\/style>\n<div  class=\"avia-animated-number av-o0z8-2ebf00a990ca155cb9a435771e30fab1 av-force-default-color avia_animate_when_visible  avia-builder-el-14  avia-builder-el-no-sibling  avia-color-font-custom \" data-timer=\"3000\"><strong class=\"heading avia-animated-number-title\"><span class=\"avia-single-number __av-single-number\" data-number_format=\"\" data-number=\"150\" data-start_from=\"0\">150<\/span><span class=\"avia-no-number\"> <\/span><\/strong><div class=\"avia-animated-number-content\"><p>jahrelange gemeinsame wissenschaftliche Erfahrung<\/p>\n<\/div><\/div><\/div>\n\n<\/div><\/div><\/div><!-- close content main div --><\/div><\/div><div id='av_section_6'  class='avia-section av-13d28-410fbb07bc08491ee6759dc4f0b478db main_color avia-section-default avia-no-border-styling  avia-builder-el-15  el_after_av_section  avia-builder-el-last  avia-bg-style-scroll container_wrap fullsize'  ><div class='container av-section-cont-open' ><div class='template-page content  av-content-full alpha units'><div class='post-entry post-entry-type-page post-entry-4075'><div class='entry-content-wrapper clearfix'>\n\n<style type=\"text\/css\" data-created_by=\"avia_inline_auto\" id=\"style-css-av-kt08wosc-f7a86e4c942920c09d7d77a93f1fc31a\">\n#top .av-special-heading.av-kt08wosc-f7a86e4c942920c09d7d77a93f1fc31a{\npadding-bottom:10px;\n}\nbody .av-special-heading.av-kt08wosc-f7a86e4c942920c09d7d77a93f1fc31a .av-special-heading-tag .heading-char{\nfont-size:25px;\n}\n.av-special-heading.av-kt08wosc-f7a86e4c942920c09d7d77a93f1fc31a .av-subheading{\nfont-size:15px;\n}\n<\/style>\n<div  class='av-special-heading av-kt08wosc-f7a86e4c942920c09d7d77a93f1fc31a av-special-heading-h2 blockquote modern-quote modern-centered  avia-builder-el-16  el_before_av_one_half  avia-builder-el-first '><h2 class='av-special-heading-tag '  itemprop=\"headline\"  >~ NEUESTE NACHRICHTEN ~<\/h2><div class=\"special-heading-border\"><div class=\"special-heading-inner-border\"><\/div><\/div><\/div>\n<div class='flex_column_table av-1joeo-1a9330ce03141a2bd12a86cea2209fe3 sc-av_one_half av-equal-height-column-flextable'><div  class='flex_column av-1joeo-1a9330ce03141a2bd12a86cea2209fe3 av_one_half  avia-builder-el-17  el_after_av_heading  el_before_av_one_half  first flex_column_table_cell av-equal-height-column av-align-top  '     ><div id='av-magazine-1' class='av-magazine   avia-builder-el-18  avia-builder-el-no-sibling   av-magazine-hero-top av-magazine-top-bar-active av-magazine-tabs-active' ><div class='av-magazine-top-bar ' ><\/div><\/div><\/div><div class='av-flex-placeholder'><\/div><div  class='flex_column av-123ds-68bbc608952a3405870d9814e0d8a6f9 av_one_half  avia-builder-el-19  el_after_av_one_half  avia-builder-el-last  flex_column_table_cell av-equal-height-column av-align-top  '     ><div id='av-magazine-2' class='av-magazine   avia-builder-el-20  avia-builder-el-no-sibling   av-magazine-hero-top av-magazine-top-bar-active av-magazine-tabs-active' ><div class='av-magazine-top-bar ' ><\/div><\/div><\/div><\/div><!--close column table wrapper. Autoclose: 1 -->\n\n","protected":false},"excerpt":{"rendered":"","protected":false},"author":1,"featured_media":0,"parent":0,"menu_order":0,"comment_status":"closed","ping_status":"closed","template":"","meta":{"footnotes":""},"class_list":["post-4075","page","type-page","status-publish","hentry"],"yoast_head":"<!-- This site is optimized with the Yoast SEO plugin v27.4 - https:\/\/yoast.com\/product\/yoast-seo-wordpress\/ -->\n<title>Home - Genepredictis<\/title>\n<meta name=\"robots\" content=\"index, follow, max-snippet:-1, max-image-preview:large, max-video-preview:-1\" \/>\n<link rel=\"canonical\" href=\"https:\/\/genepredictis.com\/de\/\" \/>\n<meta property=\"og:locale\" content=\"de_DE\" \/>\n<meta property=\"og:type\" content=\"article\" \/>\n<meta property=\"og:title\" content=\"Home - Genepredictis\" \/>\n<meta property=\"og:url\" content=\"https:\/\/genepredictis.com\/de\/\" \/>\n<meta property=\"og:site_name\" content=\"Genepredictis\" \/>\n<meta property=\"article:modified_time\" content=\"2024-07-17T12:31:03+00:00\" \/>\n<meta name=\"twitter:card\" content=\"summary_large_image\" \/>\n<meta name=\"twitter:label1\" content=\"Gesch\u00e4tzte Lesezeit\" \/>\n\t<meta name=\"twitter:data1\" content=\"1\u00a0Minute\" \/>\n<script type=\"application\/ld+json\" class=\"yoast-schema-graph\">{\"@context\":\"https:\\\/\\\/schema.org\",\"@graph\":[{\"@type\":\"WebPage\",\"@id\":\"https:\\\/\\\/genepredictis.com\\\/de\\\/\",\"url\":\"https:\\\/\\\/genepredictis.com\\\/de\\\/\",\"name\":\"Home - Genepredictis\",\"isPartOf\":{\"@id\":\"https:\\\/\\\/genepredictis.com\\\/de\\\/#website\"},\"datePublished\":\"2021-10-01T10:46:30+00:00\",\"dateModified\":\"2024-07-17T12:31:03+00:00\",\"breadcrumb\":{\"@id\":\"https:\\\/\\\/genepredictis.com\\\/de\\\/#breadcrumb\"},\"inLanguage\":\"de\",\"potentialAction\":[{\"@type\":\"ReadAction\",\"target\":[\"https:\\\/\\\/genepredictis.com\\\/de\\\/\"]}]},{\"@type\":\"BreadcrumbList\",\"@id\":\"https:\\\/\\\/genepredictis.com\\\/de\\\/#breadcrumb\",\"itemListElement\":[{\"@type\":\"ListItem\",\"position\":1,\"name\":\"Home\",\"item\":\"https:\\\/\\\/genepredictis.com\\\/de\\\/home\\\/\"},{\"@type\":\"ListItem\",\"position\":2,\"name\":\"Home\"}]},{\"@type\":\"WebSite\",\"@id\":\"https:\\\/\\\/genepredictis.com\\\/de\\\/#website\",\"url\":\"https:\\\/\\\/genepredictis.com\\\/de\\\/\",\"name\":\"Genepredictis\",\"description\":\"Because i am unique\",\"publisher\":{\"@id\":\"https:\\\/\\\/genepredictis.com\\\/de\\\/#organization\"},\"potentialAction\":[{\"@type\":\"SearchAction\",\"target\":{\"@type\":\"EntryPoint\",\"urlTemplate\":\"https:\\\/\\\/genepredictis.com\\\/de\\\/?s={search_term_string}\"},\"query-input\":{\"@type\":\"PropertyValueSpecification\",\"valueRequired\":true,\"valueName\":\"search_term_string\"}}],\"inLanguage\":\"de\"},{\"@type\":\"Organization\",\"@id\":\"https:\\\/\\\/genepredictis.com\\\/de\\\/#organization\",\"name\":\"Gene predictis\",\"url\":\"https:\\\/\\\/genepredictis.com\\\/de\\\/\",\"logo\":{\"@type\":\"ImageObject\",\"inLanguage\":\"de\",\"@id\":\"https:\\\/\\\/genepredictis.com\\\/de\\\/#\\\/schema\\\/logo\\\/image\\\/\",\"url\":\"https:\\\/\\\/genepredictis.com\\\/wp-content\\\/uploads\\\/2021\\\/08\\\/logoNB.png\",\"contentUrl\":\"https:\\\/\\\/genepredictis.com\\\/wp-content\\\/uploads\\\/2021\\\/08\\\/logoNB.png\",\"width\":606,\"height\":170,\"caption\":\"Gene predictis\"},\"image\":{\"@id\":\"https:\\\/\\\/genepredictis.com\\\/de\\\/#\\\/schema\\\/logo\\\/image\\\/\"}}]}<\/script>\n<!-- \/ Yoast SEO plugin. -->","yoast_head_json":{"title":"Home - Genepredictis","robots":{"index":"index","follow":"follow","max-snippet":"max-snippet:-1","max-image-preview":"max-image-preview:large","max-video-preview":"max-video-preview:-1"},"canonical":"https:\/\/genepredictis.com\/de\/","og_locale":"de_DE","og_type":"article","og_title":"Home - Genepredictis","og_url":"https:\/\/genepredictis.com\/de\/","og_site_name":"Genepredictis","article_modified_time":"2024-07-17T12:31:03+00:00","twitter_card":"summary_large_image","twitter_misc":{"Gesch\u00e4tzte Lesezeit":"1\u00a0Minute"},"schema":{"@context":"https:\/\/schema.org","@graph":[{"@type":"WebPage","@id":"https:\/\/genepredictis.com\/de\/","url":"https:\/\/genepredictis.com\/de\/","name":"Home - Genepredictis","isPartOf":{"@id":"https:\/\/genepredictis.com\/de\/#website"},"datePublished":"2021-10-01T10:46:30+00:00","dateModified":"2024-07-17T12:31:03+00:00","breadcrumb":{"@id":"https:\/\/genepredictis.com\/de\/#breadcrumb"},"inLanguage":"de","potentialAction":[{"@type":"ReadAction","target":["https:\/\/genepredictis.com\/de\/"]}]},{"@type":"BreadcrumbList","@id":"https:\/\/genepredictis.com\/de\/#breadcrumb","itemListElement":[{"@type":"ListItem","position":1,"name":"Home","item":"https:\/\/genepredictis.com\/de\/home\/"},{"@type":"ListItem","position":2,"name":"Home"}]},{"@type":"WebSite","@id":"https:\/\/genepredictis.com\/de\/#website","url":"https:\/\/genepredictis.com\/de\/","name":"Genepredictis","description":"Because i am unique","publisher":{"@id":"https:\/\/genepredictis.com\/de\/#organization"},"potentialAction":[{"@type":"SearchAction","target":{"@type":"EntryPoint","urlTemplate":"https:\/\/genepredictis.com\/de\/?s={search_term_string}"},"query-input":{"@type":"PropertyValueSpecification","valueRequired":true,"valueName":"search_term_string"}}],"inLanguage":"de"},{"@type":"Organization","@id":"https:\/\/genepredictis.com\/de\/#organization","name":"Gene predictis","url":"https:\/\/genepredictis.com\/de\/","logo":{"@type":"ImageObject","inLanguage":"de","@id":"https:\/\/genepredictis.com\/de\/#\/schema\/logo\/image\/","url":"https:\/\/genepredictis.com\/wp-content\/uploads\/2021\/08\/logoNB.png","contentUrl":"https:\/\/genepredictis.com\/wp-content\/uploads\/2021\/08\/logoNB.png","width":606,"height":170,"caption":"Gene predictis"},"image":{"@id":"https:\/\/genepredictis.com\/de\/#\/schema\/logo\/image\/"}}]}},"_links":{"self":[{"href":"https:\/\/genepredictis.com\/de\/wp-json\/wp\/v2\/pages\/4075","targetHints":{"allow":["GET"]}}],"collection":[{"href":"https:\/\/genepredictis.com\/de\/wp-json\/wp\/v2\/pages"}],"about":[{"href":"https:\/\/genepredictis.com\/de\/wp-json\/wp\/v2\/types\/page"}],"author":[{"embeddable":true,"href":"https:\/\/genepredictis.com\/de\/wp-json\/wp\/v2\/users\/1"}],"replies":[{"embeddable":true,"href":"https:\/\/genepredictis.com\/de\/wp-json\/wp\/v2\/comments?post=4075"}],"version-history":[{"count":6,"href":"https:\/\/genepredictis.com\/de\/wp-json\/wp\/v2\/pages\/4075\/revisions"}],"predecessor-version":[{"id":5348,"href":"https:\/\/genepredictis.com\/de\/wp-json\/wp\/v2\/pages\/4075\/revisions\/5348"}],"wp:attachment":[{"href":"https:\/\/genepredictis.com\/de\/wp-json\/wp\/v2\/media?parent=4075"}],"curies":[{"name":"wp","href":"https:\/\/api.w.org\/{rel}","templated":true}]}}