{"id":4066,"date":"2021-09-07T17:37:43","date_gmt":"2021-09-07T15:37:43","guid":{"rendered":"https:\/\/genepredictis.com\/?page_id=4066"},"modified":"2023-01-17T15:46:11","modified_gmt":"2023-01-17T14:46:11","slug":"pill-protect","status":"publish","type":"page","link":"https:\/\/genepredictis.com\/de\/genetic\/pill-protect\/","title":{"rendered":"PILL PROTECT"},"content":{"rendered":"\n<style type=\"text\/css\" data-created_by=\"avia_inline_auto\" id=\"style-css-av-ku8fds24-05068e854e2ba42035412a7333a99831\">\n.avia-section.av-ku8fds24-05068e854e2ba42035412a7333a99831{\nbackground-repeat:no-repeat;\nbackground-image:url(https:\/\/genepredictis.com\/wp-content\/uploads\/2021\/09\/banner_products.jpg);\nbackground-position:50% 50%;\nbackground-attachment:scroll;\n}\n.avia-section.av-ku8fds24-05068e854e2ba42035412a7333a99831 .av-section-color-overlay{\nopacity:0.3;\nbackground-color:#000000;\n}\n<\/style>\n<div id='av_section_1'  class='avia-section av-ku8fds24-05068e854e2ba42035412a7333a99831 main_color avia-section-huge avia-no-border-styling  avia-builder-el-0  el_before_av_section  avia-builder-el-first  avia-full-stretch avia-bg-style-scroll av-section-color-overlay-active av-minimum-height av-minimum-height-50 av-height-50  container_wrap fullsize'  data-section-bg-repeat='stretch' data-av_minimum_height_pc='50' data-av_min_height_opt='50'><div class=\"av-section-color-overlay-wrap\"><div class=\"av-section-color-overlay\"><\/div><div class='container av-section-cont-open' ><main  role=\"main\" itemprop=\"mainContentOfPage\"  class='template-page content  av-content-full alpha units'><div class='post-entry post-entry-type-page post-entry-4066'><div class='entry-content-wrapper clearfix'>\n<\/div><\/div><\/main><!-- close content main element --><\/div><\/div><\/div><div id='av_section_2'  class='avia-section av-2eorq2-9e504f0ad59d3250d44f2501ae07cf19 main_color avia-section-default avia-no-border-styling  avia-builder-el-1  el_after_av_section  avia-builder-el-last  avia-bg-style-scroll container_wrap fullsize'  ><div class='container av-section-cont-open' ><div class='template-page content  av-content-full alpha units'><div class='post-entry post-entry-type-page post-entry-4066'><div class='entry-content-wrapper clearfix'>\n\n<style type=\"text\/css\" data-created_by=\"avia_inline_auto\" id=\"style-css-av-kt8t9t0u-bd8c040f0e1901f47426e7439da092c9\">\n#top .av-special-heading.av-kt8t9t0u-bd8c040f0e1901f47426e7439da092c9{\nmargin:40px 0 0 0;\npadding-bottom:50px;\ncolor:#000000;\n}\nbody .av-special-heading.av-kt8t9t0u-bd8c040f0e1901f47426e7439da092c9 .av-special-heading-tag .heading-char{\nfont-size:25px;\n}\n.av-special-heading.av-kt8t9t0u-bd8c040f0e1901f47426e7439da092c9 .special-heading-inner-border{\nborder-color:#000000;\n}\n.av-special-heading.av-kt8t9t0u-bd8c040f0e1901f47426e7439da092c9 .av-subheading{\nfont-size:15px;\n}\n<\/style>\n<div  class='av-special-heading av-kt8t9t0u-bd8c040f0e1901f47426e7439da092c9 av-special-heading-h1 custom-color-heading blockquote modern-quote modern-centered  avia-builder-el-2  el_before_av_one_half  avia-builder-el-first '><h1 class='av-special-heading-tag '  itemprop=\"headline\"  >PILL PROTECT<\/h1><div class=\"special-heading-border\"><div class=\"special-heading-inner-border\"><\/div><\/div><\/div>\n<div  class='flex_column av-3qjdkx-0b7e9f6da29d3152e61188a372d1d535 av_one_half  avia-builder-el-3  el_after_av_heading  el_before_av_one_half  first flex_column_div  '     ><style type=\"text\/css\" data-created_by=\"avia_inline_auto\" id=\"style-css-av-kt8t8kqz-fbc4b1021167ea05c15b7a12494eb106\">\n.avia-image-container.av-kt8t8kqz-fbc4b1021167ea05c15b7a12494eb106 img.avia_image{\nbox-shadow:none;\n}\n.avia-image-container.av-kt8t8kqz-fbc4b1021167ea05c15b7a12494eb106 .av-image-caption-overlay-center{\ncolor:#ffffff;\n}\n<\/style>\n<div  class='avia-image-container av-kt8t8kqz-fbc4b1021167ea05c15b7a12494eb106 av-styling- avia-align-center  avia-builder-el-4  avia-builder-el-no-sibling '   itemprop=\"image\" itemscope=\"itemscope\" itemtype=\"https:\/\/schema.org\/ImageObject\" ><div class=\"avia-image-container-inner\"><div class=\"avia-image-overlay-wrap\"><img decoding=\"async\" fetchpriority=\"high\" class='wp-image-3755 avia-img-lazy-loading-not-3755 avia_image ' src=\"https:\/\/genepredictis.com\/wp-content\/uploads\/2021\/09\/picto_pillprotect.png\" alt='' title='picto_pillprotect'  height=\"396\" width=\"602\"  itemprop=\"thumbnailUrl\" srcset=\"https:\/\/genepredictis.com\/wp-content\/uploads\/2021\/09\/picto_pillprotect.png 602w, https:\/\/genepredictis.com\/wp-content\/uploads\/2021\/09\/picto_pillprotect-300x197.png 300w\" sizes=\"(max-width: 602px) 100vw, 602px\" \/><\/div><\/div><\/div><\/div>\n<style type=\"text\/css\" data-created_by=\"avia_inline_auto\" id=\"style-css-av-2a75sh-4fd19a53ca94a4edefb1bd5a98912982\">\n.flex_column.av-2a75sh-4fd19a53ca94a4edefb1bd5a98912982{\npadding:50px 50px 50px 50px;\n}\n<\/style>\n<div  id=\"pillprotect\"  class='flex_column av-2a75sh-4fd19a53ca94a4edefb1bd5a98912982 av_one_half  avia-builder-el-5  el_after_av_one_half  el_before_av_three_fifth  flex_column_div  '     ><section  class='av_textblock_section av-kt8t92ob-241bdcf71f312b5d085818902debaad5 '   itemscope=\"itemscope\" itemtype=\"https:\/\/schema.org\/CreativeWork\" ><div class='avia_textblock'  itemprop=\"text\" ><p><em>Abgedeckt durch Helsana Primeo Insurance <\/em><\/p>\n<p><strong>Pill Protect\u00ae ist ein genialer, mit dem CE-IVD-Zeichen versehener medizinischer Test, der genetische und klinische Daten nutzt, um Frauen zu identifizieren, die bei der Einnahme von Antibabypillen das Risiko haben, ein Blutgerinnsel (Thrombose) zu entwickeln. Es ist der erste klinisch validierte Test und das leistungsf\u00e4higste Instrument zur Identifizierung von Frauen mit Thromboserisiko unter der Einnahme von Antibabypillen.<\/strong><\/p>\n<\/div><\/section><\/div><div  id=\"pillprotect\"  class='flex_column av-5rxhcq-2ac7079d79781538de263c590ec10b68 av_three_fifth  avia-builder-el-7  el_after_av_one_half  el_before_av_two_fifth  first flex_column_div  column-top-margin'     ><section  class='av_textblock_section av-kv6k64p8-8ce76b9280214fb7e219883850c206ce '   itemscope=\"itemscope\" itemtype=\"https:\/\/schema.org\/CreativeWork\" ><div class='avia_textblock'  itemprop=\"text\" ><p>Pill Protect\u00ae ist ein innovativer, mit dem CE-IVD-Zeichen versehener medizinischer Test, der es erm\u00f6glicht, das Risiko einer tiefen Venenthrombose im Zusammenhang mit der Einnahme von kombinierten (\u00f6stro-progestativen) Antibabypillen abzusch\u00e4tzen.<\/p>\n<p>Der Test umfasst den Nachweis spezifischer genetischer Variationen, die die Entwicklung einer Thrombose (Bildung von Blutgerinnseln in Blutgef\u00e4\u00dfen) beeinflussen k\u00f6nnen. Zu diesen genetischen Variationen geh\u00f6ren bekannte genetische Ver\u00e4nderungen wie Faktor V-Leiden und Faktor II-G20210A, aber auch andere genetische Variationen, die mit der Gerinnung und dem Hormonstoffwechsel zusammenh\u00e4ngen.<\/p>\n<p>Bei der Risikoberechnung werden nicht nur die spezifischen genetischen Faktoren, sondern auch relevante klinische Risikofaktoren wie Alter, Body-Mass-Index, Rauchen und famili\u00e4re Thromboseanamnese sowie die Chemie der verschiedenen auf dem Markt befindlichen oralen Kontrazeptiva ber\u00fccksichtigt.<\/p>\n<p>Der Test wurde in einer retrospektiven klinischen Studie validiert (McDaid A et al; PLoS One. 2017 Jul 27;12(7): e0182041.) validiert, an der 1&#8217;600 Frauen teilnahmen, die die Antibabypille einnahmen (800 Frauen, die eine tiefe Venenthrombose entwickelten, und 800 Kontrollpersonen). Die Studie zeigte, dass Pill Protect\u00ae in der Lage war, mehr als sechsmal mehr Frauen mit Thromboserisiko zu identifizieren als der traditionelle Ansatz, der auf einem medizinischen Fragebogen basiert, der versucht, klinische Risiken zu erfassen. Eine gesundheits\u00f6konomische Studie (Sutherland CS, et al; BMJ Open 2019;9:e031325.) zeigt, dass der Pill Protect\u00ae-Test in der Schweiz kosteneffektiv ist, um Frauen, die eine kombinierte hormonelle Verh\u00fctung w\u00fcnschen, auf ihr Thromboserisiko zu untersuchen.<\/p>\n<p>Der Pill Protect\u00ae-Test bietet dem Arzt ein personalisiertes medizinisches Instrument und erm\u00f6glicht es, die optimale Verh\u00fctungsmethode unter Ber\u00fccksichtigung der Risiken auszuw\u00e4hlen; er bietet auch mehr Klarheit im Gespr\u00e4ch mit der Patientin.<\/p>\n<p>Pill Protect\u00ae ist ein Gentest, der nur einmal im Leben der Patientin durchgef\u00fchrt werden muss; er ist nicht invasiv, f\u00fcr die Analyse ist ein einfacher Wangenabstrich erforderlich.<\/p>\n<\/div><\/section><\/div><div  id=\"pillprotect\"  class='flex_column av-45app6-dd958dc013c7501ba816140cef4080a1 av_two_fifth  avia-builder-el-9  el_after_av_three_fifth  avia-builder-el-last  flex_column_div  column-top-margin'     ><section  class='av_textblock_section av-kv6k7qhz-5978bc95c3b9d1f5581f97a1b24698cf '   itemscope=\"itemscope\" itemtype=\"https:\/\/schema.org\/CreativeWork\" ><div class='avia_textblock'  itemprop=\"text\" ><ul>\n<li><a href=\"\/wp-content\/uploads\/2021\/09\/PillProtect_fr_v7.pdf\" target=\"_blank\" rel=\"noopener\">Informationen f\u00fcr Fachleute (fr)<\/a><\/li>\n<li><a href=\"\/wp-content\/uploads\/2021\/09\/PillProtect_de_v3.pdf\" target=\"_blank\" rel=\"noopener\">Informationen f\u00fcr Fachleute (de)<\/a><\/li>\n<li><a href=\"\/wp-content\/uploads\/2021\/09\/PillProtect_en_v3-2.pdf\" target=\"_blank\" rel=\"noopener\">Informationen f\u00fcr Fachleute (en)<\/a><\/li>\n<\/ul>\n<p>Wissenschaftliche Ver\u00f6ffentlichung zu Pill Protect\u00ae:<\/p>\n<ul>\n<li><a href=\"\/wp-content\/uploads\/2021\/09\/PillProtectstudy-publication.pdf\" target=\"_blank\" rel=\"noopener\">Pill Protect-Studie<\/a><\/li>\n<\/ul>\n<p>Seit dem 1. November 2016 wird Pill Protect\u00ae von der Zusatzversicherung PRIMEO von Helsana f\u00fcr alle Frauen verg\u00fctet, die mit der Pille verh\u00fcten oder dies planen und die Zusatzversicherung PRIMEO abgeschlossen haben. Weitere Informationen f\u00fcr die Patientinnen von Helsana:<\/p>\n<ul>\n<li><a href=\"https:\/\/www.helsana.ch\/fr\/prives\/services\/offres-medicales\/innovations-medicales.html\" target=\"_blank\" rel=\"noopener\">Informationen f\u00fcr Fachleute (fr)<\/a><\/li>\n<li><a href=\"https:\/\/www.helsana.ch\/de\/private\/services\/medizinische-angebote\/medizinische-innovationen.html\" target=\"_blank\" rel=\"noopener\">Informationen f\u00fcr Fachleute (de)<\/a><\/li>\n<li><a href=\"https:\/\/www.helsana.ch\/it\/private\/services\/medizinische-angebote\/medizinische-innovationen.html\" target=\"_blank\" rel=\"noopener\">Informationen f\u00fcr Fachleute (it)<\/a><\/li>\n<li><a href=\"https:\/\/www.helsana.ch\/en\/individuals\/services\/medical-offers\/medical-innovations.html\" target=\"_blank\" rel=\"noopener\">Informationen f\u00fcr Fachleute (en)<\/a><\/li>\n<\/ul>\n<\/div><\/section><br \/>\n\n<style type=\"text\/css\" data-created_by=\"avia_inline_auto\" id=\"style-css-av-kv6ka7aw-ac8aba6336c7b8a6eaf843aa8a437f8f\">\n#top .hr.hr-invisible.av-kv6ka7aw-ac8aba6336c7b8a6eaf843aa8a437f8f{\nheight:30px;\n}\n<\/style>\n<div  class='hr av-kv6ka7aw-ac8aba6336c7b8a6eaf843aa8a437f8f hr-invisible  avia-builder-el-11  el_after_av_textblock  el_before_av_button '><span class='hr-inner '><span class=\"hr-inner-style\"><\/span><\/span><\/div><br \/>\n<div  class='avia-button-wrap av-362hu2-3cdebaa334477953b3142cfccac68ee3-wrap avia-button-left  avia-builder-el-12  el_after_av_hr  avia-builder-el-last '>\n<style type=\"text\/css\" data-created_by=\"avia_inline_auto\" id=\"style-css-av-362hu2-3cdebaa334477953b3142cfccac68ee3\">\n#top #wrap_all .avia-button.av-362hu2-3cdebaa334477953b3142cfccac68ee3{\nbackground-color:#8b6089;\nborder-color:#8b6089;\nborder-style:none;\ntransition:all 0.4s ease-in-out;\n}\n#top #wrap_all .avia-button.av-362hu2-3cdebaa334477953b3142cfccac68ee3:hover{\nbackground-color:#101946;\ncolor:white;\ntransition:all 0.4s ease-in-out;\n}\n#top #wrap_all .avia-button.av-362hu2-3cdebaa334477953b3142cfccac68ee3:hover .avia-svg-icon svg:first-child{\nfill:white;\nstroke:white;\n}\n<\/style>\n<a href='https:\/\/genepredictis.com\/forms\/'  class='avia-button av-362hu2-3cdebaa334477953b3142cfccac68ee3 av-link-btn avia-icon_select-no avia-size-large avia-position-left avia-font-color-theme-color'   aria-label=\"FORMS\"><span class='avia_iconbox_title' >FORMS<\/span><\/a><\/div><\/p><\/div>\n","protected":false},"excerpt":{"rendered":"","protected":false},"author":1,"featured_media":0,"parent":4022,"menu_order":0,"comment_status":"closed","ping_status":"closed","template":"","meta":{"footnotes":""},"class_list":["post-4066","page","type-page","status-publish","hentry"],"yoast_head":"<!-- This site is optimized with the Yoast SEO plugin v27.4 - https:\/\/yoast.com\/product\/yoast-seo-wordpress\/ -->\n<title>PILL PROTECT - Genepredictis<\/title>\n<meta name=\"robots\" content=\"index, follow, max-snippet:-1, max-image-preview:large, max-video-preview:-1\" \/>\n<link rel=\"canonical\" href=\"https:\/\/genepredictis.com\/de\/genetic\/pill-protect\/\" \/>\n<meta property=\"og:locale\" content=\"de_DE\" \/>\n<meta property=\"og:type\" content=\"article\" \/>\n<meta property=\"og:title\" content=\"PILL PROTECT - Genepredictis\" \/>\n<meta property=\"og:url\" content=\"https:\/\/genepredictis.com\/de\/genetic\/pill-protect\/\" \/>\n<meta property=\"og:site_name\" content=\"Genepredictis\" \/>\n<meta property=\"article:modified_time\" content=\"2023-01-17T14:46:11+00:00\" \/>\n<meta name=\"twitter:card\" content=\"summary_large_image\" \/>\n<meta name=\"twitter:label1\" content=\"Gesch\u00e4tzte Lesezeit\" \/>\n\t<meta name=\"twitter:data1\" content=\"5\u00a0Minuten\" \/>\n<script type=\"application\/ld+json\" class=\"yoast-schema-graph\">{\"@context\":\"https:\\\/\\\/schema.org\",\"@graph\":[{\"@type\":\"WebPage\",\"@id\":\"https:\\\/\\\/genepredictis.com\\\/de\\\/genetic\\\/pill-protect\\\/\",\"url\":\"https:\\\/\\\/genepredictis.com\\\/de\\\/genetic\\\/pill-protect\\\/\",\"name\":\"PILL PROTECT - Genepredictis\",\"isPartOf\":{\"@id\":\"https:\\\/\\\/genepredictis.com\\\/de\\\/#website\"},\"datePublished\":\"2021-09-07T15:37:43+00:00\",\"dateModified\":\"2023-01-17T14:46:11+00:00\",\"breadcrumb\":{\"@id\":\"https:\\\/\\\/genepredictis.com\\\/de\\\/genetic\\\/pill-protect\\\/#breadcrumb\"},\"inLanguage\":\"de\",\"potentialAction\":[{\"@type\":\"ReadAction\",\"target\":[\"https:\\\/\\\/genepredictis.com\\\/de\\\/genetic\\\/pill-protect\\\/\"]}]},{\"@type\":\"BreadcrumbList\",\"@id\":\"https:\\\/\\\/genepredictis.com\\\/de\\\/genetic\\\/pill-protect\\\/#breadcrumb\",\"itemListElement\":[{\"@type\":\"ListItem\",\"position\":1,\"name\":\"Home\",\"item\":\"https:\\\/\\\/genepredictis.com\\\/de\\\/home\\\/\"},{\"@type\":\"ListItem\",\"position\":2,\"name\":\"GENETIC\",\"item\":\"https:\\\/\\\/genepredictis.com\\\/de\\\/genetic\\\/\"},{\"@type\":\"ListItem\",\"position\":3,\"name\":\"PILL PROTECT\"}]},{\"@type\":\"WebSite\",\"@id\":\"https:\\\/\\\/genepredictis.com\\\/de\\\/#website\",\"url\":\"https:\\\/\\\/genepredictis.com\\\/de\\\/\",\"name\":\"Genepredictis\",\"description\":\"Because i am unique\",\"publisher\":{\"@id\":\"https:\\\/\\\/genepredictis.com\\\/de\\\/#organization\"},\"potentialAction\":[{\"@type\":\"SearchAction\",\"target\":{\"@type\":\"EntryPoint\",\"urlTemplate\":\"https:\\\/\\\/genepredictis.com\\\/de\\\/?s={search_term_string}\"},\"query-input\":{\"@type\":\"PropertyValueSpecification\",\"valueRequired\":true,\"valueName\":\"search_term_string\"}}],\"inLanguage\":\"de\"},{\"@type\":\"Organization\",\"@id\":\"https:\\\/\\\/genepredictis.com\\\/de\\\/#organization\",\"name\":\"Gene predictis\",\"url\":\"https:\\\/\\\/genepredictis.com\\\/de\\\/\",\"logo\":{\"@type\":\"ImageObject\",\"inLanguage\":\"de\",\"@id\":\"https:\\\/\\\/genepredictis.com\\\/de\\\/#\\\/schema\\\/logo\\\/image\\\/\",\"url\":\"https:\\\/\\\/genepredictis.com\\\/wp-content\\\/uploads\\\/2021\\\/08\\\/logoNB.png\",\"contentUrl\":\"https:\\\/\\\/genepredictis.com\\\/wp-content\\\/uploads\\\/2021\\\/08\\\/logoNB.png\",\"width\":606,\"height\":170,\"caption\":\"Gene predictis\"},\"image\":{\"@id\":\"https:\\\/\\\/genepredictis.com\\\/de\\\/#\\\/schema\\\/logo\\\/image\\\/\"}}]}<\/script>\n<!-- \/ Yoast SEO plugin. -->","yoast_head_json":{"title":"PILL PROTECT - Genepredictis","robots":{"index":"index","follow":"follow","max-snippet":"max-snippet:-1","max-image-preview":"max-image-preview:large","max-video-preview":"max-video-preview:-1"},"canonical":"https:\/\/genepredictis.com\/de\/genetic\/pill-protect\/","og_locale":"de_DE","og_type":"article","og_title":"PILL PROTECT - Genepredictis","og_url":"https:\/\/genepredictis.com\/de\/genetic\/pill-protect\/","og_site_name":"Genepredictis","article_modified_time":"2023-01-17T14:46:11+00:00","twitter_card":"summary_large_image","twitter_misc":{"Gesch\u00e4tzte Lesezeit":"5\u00a0Minuten"},"schema":{"@context":"https:\/\/schema.org","@graph":[{"@type":"WebPage","@id":"https:\/\/genepredictis.com\/de\/genetic\/pill-protect\/","url":"https:\/\/genepredictis.com\/de\/genetic\/pill-protect\/","name":"PILL PROTECT - Genepredictis","isPartOf":{"@id":"https:\/\/genepredictis.com\/de\/#website"},"datePublished":"2021-09-07T15:37:43+00:00","dateModified":"2023-01-17T14:46:11+00:00","breadcrumb":{"@id":"https:\/\/genepredictis.com\/de\/genetic\/pill-protect\/#breadcrumb"},"inLanguage":"de","potentialAction":[{"@type":"ReadAction","target":["https:\/\/genepredictis.com\/de\/genetic\/pill-protect\/"]}]},{"@type":"BreadcrumbList","@id":"https:\/\/genepredictis.com\/de\/genetic\/pill-protect\/#breadcrumb","itemListElement":[{"@type":"ListItem","position":1,"name":"Home","item":"https:\/\/genepredictis.com\/de\/home\/"},{"@type":"ListItem","position":2,"name":"GENETIC","item":"https:\/\/genepredictis.com\/de\/genetic\/"},{"@type":"ListItem","position":3,"name":"PILL PROTECT"}]},{"@type":"WebSite","@id":"https:\/\/genepredictis.com\/de\/#website","url":"https:\/\/genepredictis.com\/de\/","name":"Genepredictis","description":"Because i am unique","publisher":{"@id":"https:\/\/genepredictis.com\/de\/#organization"},"potentialAction":[{"@type":"SearchAction","target":{"@type":"EntryPoint","urlTemplate":"https:\/\/genepredictis.com\/de\/?s={search_term_string}"},"query-input":{"@type":"PropertyValueSpecification","valueRequired":true,"valueName":"search_term_string"}}],"inLanguage":"de"},{"@type":"Organization","@id":"https:\/\/genepredictis.com\/de\/#organization","name":"Gene predictis","url":"https:\/\/genepredictis.com\/de\/","logo":{"@type":"ImageObject","inLanguage":"de","@id":"https:\/\/genepredictis.com\/de\/#\/schema\/logo\/image\/","url":"https:\/\/genepredictis.com\/wp-content\/uploads\/2021\/08\/logoNB.png","contentUrl":"https:\/\/genepredictis.com\/wp-content\/uploads\/2021\/08\/logoNB.png","width":606,"height":170,"caption":"Gene predictis"},"image":{"@id":"https:\/\/genepredictis.com\/de\/#\/schema\/logo\/image\/"}}]}},"_links":{"self":[{"href":"https:\/\/genepredictis.com\/de\/wp-json\/wp\/v2\/pages\/4066","targetHints":{"allow":["GET"]}}],"collection":[{"href":"https:\/\/genepredictis.com\/de\/wp-json\/wp\/v2\/pages"}],"about":[{"href":"https:\/\/genepredictis.com\/de\/wp-json\/wp\/v2\/types\/page"}],"author":[{"embeddable":true,"href":"https:\/\/genepredictis.com\/de\/wp-json\/wp\/v2\/users\/1"}],"replies":[{"embeddable":true,"href":"https:\/\/genepredictis.com\/de\/wp-json\/wp\/v2\/comments?post=4066"}],"version-history":[{"count":3,"href":"https:\/\/genepredictis.com\/de\/wp-json\/wp\/v2\/pages\/4066\/revisions"}],"predecessor-version":[{"id":4608,"href":"https:\/\/genepredictis.com\/de\/wp-json\/wp\/v2\/pages\/4066\/revisions\/4608"}],"up":[{"embeddable":true,"href":"https:\/\/genepredictis.com\/de\/wp-json\/wp\/v2\/pages\/4022"}],"wp:attachment":[{"href":"https:\/\/genepredictis.com\/de\/wp-json\/wp\/v2\/media?parent=4066"}],"curies":[{"name":"wp","href":"https:\/\/api.w.org\/{rel}","templated":true}]}}