{"id":4037,"date":"2021-10-01T17:37:46","date_gmt":"2021-10-01T15:37:46","guid":{"rendered":"https:\/\/genepredictis.com\/?page_id=4037"},"modified":"2023-01-17T15:26:10","modified_gmt":"2023-01-17T14:26:10","slug":"nutripass","status":"publish","type":"page","link":"https:\/\/genepredictis.com\/de\/genetic\/nutripass\/","title":{"rendered":"NUTRIPASS"},"content":{"rendered":"\n<style type=\"text\/css\" data-created_by=\"avia_inline_auto\" id=\"style-css-av-ku8fds24-3ffdab6878dd4e4edde1981f5cc8e188\">\n.avia-section.av-ku8fds24-3ffdab6878dd4e4edde1981f5cc8e188{\nbackground-repeat:no-repeat;\nbackground-image:url(https:\/\/genepredictis.com\/wp-content\/uploads\/2021\/09\/banner_products.jpg);\nbackground-position:50% 50%;\nbackground-attachment:scroll;\n}\n<\/style>\n<div id='av_section_1'  class='avia-section av-ku8fds24-3ffdab6878dd4e4edde1981f5cc8e188 main_color avia-section-huge avia-no-border-styling  avia-builder-el-0  el_before_av_section  avia-builder-el-first  avia-full-stretch avia-bg-style-scroll av-minimum-height av-minimum-height-50 av-height-50  container_wrap fullsize'  data-section-bg-repeat='stretch' data-av_minimum_height_pc='50' data-av_min_height_opt='50'><div class='container av-section-cont-open' ><main  role=\"main\" itemprop=\"mainContentOfPage\"  class='template-page content  av-content-full alpha units'><div class='post-entry post-entry-type-page post-entry-4037'><div class='entry-content-wrapper clearfix'>\n<\/div><\/div><\/main><!-- close content main element --><\/div><\/div><div id='av_section_2'  class='avia-section av-7dmdq-cbc2c20e8825295bd590b7805ef698b7 main_color avia-section-default avia-no-border-styling  avia-builder-el-1  el_after_av_section  avia-builder-el-last  avia-bg-style-scroll container_wrap fullsize'  ><div class='container av-section-cont-open' ><div class='template-page content  av-content-full alpha units'><div class='post-entry post-entry-type-page post-entry-4037'><div class='entry-content-wrapper clearfix'>\n\n<style type=\"text\/css\" data-created_by=\"avia_inline_auto\" id=\"style-css-av-kt8th930-c3cf19efb98c67611d44f71b0d3d1c19\">\n#top .av-special-heading.av-kt8th930-c3cf19efb98c67611d44f71b0d3d1c19{\nmargin:30px 0 0 0;\npadding-bottom:70px;\ncolor:#000000;\n}\nbody .av-special-heading.av-kt8th930-c3cf19efb98c67611d44f71b0d3d1c19 .av-special-heading-tag .heading-char{\nfont-size:25px;\n}\n.av-special-heading.av-kt8th930-c3cf19efb98c67611d44f71b0d3d1c19 .special-heading-inner-border{\nborder-color:#000000;\n}\n.av-special-heading.av-kt8th930-c3cf19efb98c67611d44f71b0d3d1c19 .av-subheading{\nfont-size:15px;\n}\n<\/style>\n<div  class='av-special-heading av-kt8th930-c3cf19efb98c67611d44f71b0d3d1c19 av-special-heading-h1 custom-color-heading blockquote modern-quote modern-centered  avia-builder-el-2  el_before_av_one_half  avia-builder-el-first '><h1 class='av-special-heading-tag '  itemprop=\"headline\"  >NUTRIPASS<\/h1><div class='av_custom_color av-subheading av-subheading_below'><p>Der Test, der die Zuordnung von Ern\u00e4hrung und Genen erm\u00f6glicht<\/p>\n<\/div><div class=\"special-heading-border\"><div class=\"special-heading-inner-border\"><\/div><\/div><\/div>\n<div  class='flex_column av-3kqtv5-c44d94e7785c2f086536d5667cbbcf01 av_one_half  avia-builder-el-3  el_after_av_heading  el_before_av_one_half  first flex_column_div  '     ><style type=\"text\/css\" data-created_by=\"avia_inline_auto\" id=\"style-css-av-kt8tgsyb-3773da72048354c2e28097bf9aaa298f\">\n.avia-image-container.av-kt8tgsyb-3773da72048354c2e28097bf9aaa298f img.avia_image{\nbox-shadow:none;\n}\n.avia-image-container.av-kt8tgsyb-3773da72048354c2e28097bf9aaa298f .av-image-caption-overlay-center{\ncolor:#ffffff;\n}\n<\/style>\n<div  class='avia-image-container av-kt8tgsyb-3773da72048354c2e28097bf9aaa298f av-styling- avia-align-center  avia-builder-el-4  avia-builder-el-no-sibling '   itemprop=\"image\" itemscope=\"itemscope\" itemtype=\"https:\/\/schema.org\/ImageObject\" ><div class=\"avia-image-container-inner\"><div class=\"avia-image-overlay-wrap\"><img decoding=\"async\" fetchpriority=\"high\" class='wp-image-3759 avia-img-lazy-loading-not-3759 avia_image ' src=\"https:\/\/genepredictis.com\/wp-content\/uploads\/2021\/09\/picto_nutripass.png\" alt='' title='picto_nutripass'  height=\"396\" width=\"616\"  itemprop=\"thumbnailUrl\" srcset=\"https:\/\/genepredictis.com\/wp-content\/uploads\/2021\/09\/picto_nutripass.png 616w, https:\/\/genepredictis.com\/wp-content\/uploads\/2021\/09\/picto_nutripass-300x193.png 300w\" sizes=\"(max-width: 616px) 100vw, 616px\" \/><\/div><\/div><\/div><\/div>\n<style type=\"text\/css\" data-created_by=\"avia_inline_auto\" id=\"style-css-av-2px7vl-996363aaa415bd9728eb181bcd11a43b\">\n.flex_column.av-2px7vl-996363aaa415bd9728eb181bcd11a43b{\npadding:50px 0 0 0;\n}\n<\/style>\n<div  class='flex_column av-2px7vl-996363aaa415bd9728eb181bcd11a43b av_one_half  avia-builder-el-5  el_after_av_one_half  el_before_av_two_fifth  flex_column_div  '     ><section  class='av_textblock_section av-kt8tgdva-1a5a65595ac10a3ebb360cf3c808f620 '   itemscope=\"itemscope\" itemtype=\"https:\/\/schema.org\/CreativeWork\" ><div class='avia_textblock'  itemprop=\"text\" ><p><em>Abgedeckt durch Helsana Primeo Insurance<\/em><\/p>\n<p><strong>Nutripass\u00ae ist eine umfassende genetische und ern\u00e4hrungswissenschaftliche Analyse, die es erm\u00f6glicht, die Ern\u00e4hrungsgewohnheiten und den Lebensstil zu optimieren und die Gesundheit zu verbessern.<\/strong><\/p>\n<\/div><\/section><\/div>\n<style type=\"text\/css\" data-created_by=\"avia_inline_auto\" id=\"style-css-av-4wsike-f84327cce113e6f41246dcfc5eb5e319\">\n.flex_column.av-4wsike-f84327cce113e6f41246dcfc5eb5e319{\npadding:50px 0 0 0;\n}\n<\/style>\n<div  class='flex_column av-4wsike-f84327cce113e6f41246dcfc5eb5e319 av_two_fifth  avia-builder-el-7  el_after_av_one_half  el_before_av_three_fifth  first flex_column_div  column-top-margin'     ><section  class='av_textblock_section av-kv6klm8w-37d057f8bfee5f938b491399587a8a6c '   itemscope=\"itemscope\" itemtype=\"https:\/\/schema.org\/CreativeWork\" ><div class='avia_textblock'  itemprop=\"text\" ><p>Viele Volkskrankheiten wie Herz-Kreislauf-Erkrankungen, Fettleibigkeit, Nahrungsmittelunvertr\u00e4glichkeiten und bestimmte Autoimmunerkrankungen werden sowohl von genetischen Faktoren als auch von der Lebensweise beeinflusst. Die Kenntnis Ihrer Gene ist daher unerl\u00e4sslich, um Ihr Verhalten anzupassen und Ihre Gewohnheiten zu \u00e4ndern.<\/p>\n<p>Nutripass\u00ae ist eine umfassende Gen- und Ern\u00e4hrungsanalyse, die Ihnen helfen wird, Ihre Ern\u00e4hrungsgewohnheiten zu optimieren und Ihre Gesundheit zu verbessern.<\/p>\n<\/div><\/section><\/div>\n<style type=\"text\/css\" data-created_by=\"avia_inline_auto\" id=\"style-css-av-1uzjgu-3433bd809acf90b4866dc1fb0d5c38d6\">\n.flex_column.av-1uzjgu-3433bd809acf90b4866dc1fb0d5c38d6{\npadding:50px 0 0 0;\n}\n<\/style>\n<div  class='flex_column av-1uzjgu-3433bd809acf90b4866dc1fb0d5c38d6 av_three_fifth  avia-builder-el-9  el_after_av_two_fifth  avia-builder-el-last  flex_column_div  column-top-margin'     ><section  class='av_textblock_section av-kv6km1hm-bf86413de966cae5005cf2a4acb44187 '   itemscope=\"itemscope\" itemtype=\"https:\/\/schema.org\/CreativeWork\" ><div class='avia_textblock'  itemprop=\"text\" ><ul>\n<li><a href=\"https:\/\/genepredictis.com\/wp-content\/uploads\/2022\/10\/NUTRIPASS_flyer_fr_v4.pdf\" target=\"_blank\" rel=\"noopener\">Informationen f\u00fcr Fachleute (fr)<\/a><\/li>\n<li><a href=\"https:\/\/genepredictis.com\/wp-content\/uploads\/2022\/10\/NUTRIPASS_flyer_deu_v3.pdf\" target=\"_blank\" rel=\"noopener\">Informationen f\u00fcr Fachleute (de)<\/a><\/li>\n<li><a href=\"https:\/\/genepredictis.com\/wp-content\/uploads\/2022\/10\/NUTRIPASS_flyer_en_v4.pdf\" target=\"_blank\" rel=\"noopener\">Informationen f\u00fcr Fachleute (en)<\/a><\/li>\n<\/ul>\n<p>Ab dem 1. Januar 2018 wird Nutripass\u00ae von der Zusatzversicherung PRIMEO von Helsana und f\u00fcr alle Patienten, die die Zusatzversicherung PRIMEO abgeschlossen haben, verg\u00fctet. Weitere Informationen f\u00fcr Patientinnen und Patienten von Helsana:<\/p>\n<ul>\n<li><a href=\"https:\/\/www.helsana.ch\/fr\/prives\/services\/offres-medicales\/innovations-medicales.html\" target=\"_blank\" rel=\"noopener\">Informationen f\u00fcr Fachleute (fr)<\/a><\/li>\n<li><a href=\"https:\/\/www.helsana.ch\/de\/private\/services\/medizinische-angebote\/medizinische-innovationen.html\" target=\"_blank\" rel=\"noopener\">Informationen f\u00fcr Fachleute (de)<\/a><\/li>\n<li><a href=\"https:\/\/www.helsana.ch\/it\/privati\/servizi\/offerte-mediche\/innovazioni-mediche.html\" target=\"_blank\" rel=\"noopener\">Informationen f\u00fcr Fachleute (it)<\/a><\/li>\n<li><a href=\"https:\/\/www.helsana.ch\/en\/individuals\/services\/medical-offers\/medical-innovations.html\" target=\"_blank\" rel=\"noopener\">Informationen f\u00fcr Fachleute (en)<\/a><\/li>\n<\/ul>\n<\/div><\/section><br \/>\n<div  class='avia-button-wrap av-kv6kmqcy-5ac690042b5a6dea7876e2514f830851-wrap avia-button-left  avia-builder-el-11  el_after_av_textblock  avia-builder-el-last '><a href='https:\/\/genepredictis.com\/forms\/'  class='avia-button av-kv6kmqcy-5ac690042b5a6dea7876e2514f830851 av-link-btn avia-icon_select-no avia-size-large avia-position-left avia-color-theme-color-highlight'   aria-label=\"Forms\"><span class='avia_iconbox_title' >Forms<\/span><\/a><\/div><\/p><\/div>\n","protected":false},"excerpt":{"rendered":"","protected":false},"author":1,"featured_media":0,"parent":4022,"menu_order":0,"comment_status":"closed","ping_status":"closed","template":"","meta":{"footnotes":""},"class_list":["post-4037","page","type-page","status-publish","hentry"],"yoast_head":"<!-- This site is optimized with the Yoast SEO plugin v27.4 - https:\/\/yoast.com\/product\/yoast-seo-wordpress\/ -->\n<title>NUTRIPASS - Genepredictis<\/title>\n<meta name=\"robots\" content=\"index, follow, max-snippet:-1, max-image-preview:large, max-video-preview:-1\" \/>\n<link rel=\"canonical\" href=\"https:\/\/genepredictis.com\/de\/genetic\/nutripass\/\" \/>\n<meta property=\"og:locale\" content=\"de_DE\" \/>\n<meta property=\"og:type\" content=\"article\" \/>\n<meta property=\"og:title\" content=\"NUTRIPASS - Genepredictis\" \/>\n<meta property=\"og:url\" content=\"https:\/\/genepredictis.com\/de\/genetic\/nutripass\/\" \/>\n<meta property=\"og:site_name\" content=\"Genepredictis\" \/>\n<meta property=\"article:modified_time\" content=\"2023-01-17T14:26:10+00:00\" \/>\n<meta name=\"twitter:card\" content=\"summary_large_image\" \/>\n<meta name=\"twitter:label1\" content=\"Gesch\u00e4tzte Lesezeit\" \/>\n\t<meta name=\"twitter:data1\" content=\"3\u00a0Minuten\" \/>\n<script type=\"application\/ld+json\" class=\"yoast-schema-graph\">{\"@context\":\"https:\\\/\\\/schema.org\",\"@graph\":[{\"@type\":\"WebPage\",\"@id\":\"https:\\\/\\\/genepredictis.com\\\/de\\\/genetic\\\/nutripass\\\/\",\"url\":\"https:\\\/\\\/genepredictis.com\\\/de\\\/genetic\\\/nutripass\\\/\",\"name\":\"NUTRIPASS - Genepredictis\",\"isPartOf\":{\"@id\":\"https:\\\/\\\/genepredictis.com\\\/de\\\/#website\"},\"datePublished\":\"2021-10-01T15:37:46+00:00\",\"dateModified\":\"2023-01-17T14:26:10+00:00\",\"breadcrumb\":{\"@id\":\"https:\\\/\\\/genepredictis.com\\\/de\\\/genetic\\\/nutripass\\\/#breadcrumb\"},\"inLanguage\":\"de\",\"potentialAction\":[{\"@type\":\"ReadAction\",\"target\":[\"https:\\\/\\\/genepredictis.com\\\/de\\\/genetic\\\/nutripass\\\/\"]}]},{\"@type\":\"BreadcrumbList\",\"@id\":\"https:\\\/\\\/genepredictis.com\\\/de\\\/genetic\\\/nutripass\\\/#breadcrumb\",\"itemListElement\":[{\"@type\":\"ListItem\",\"position\":1,\"name\":\"Home\",\"item\":\"https:\\\/\\\/genepredictis.com\\\/de\\\/home\\\/\"},{\"@type\":\"ListItem\",\"position\":2,\"name\":\"GENETIC\",\"item\":\"https:\\\/\\\/genepredictis.com\\\/de\\\/genetic\\\/\"},{\"@type\":\"ListItem\",\"position\":3,\"name\":\"NUTRIPASS\"}]},{\"@type\":\"WebSite\",\"@id\":\"https:\\\/\\\/genepredictis.com\\\/de\\\/#website\",\"url\":\"https:\\\/\\\/genepredictis.com\\\/de\\\/\",\"name\":\"Genepredictis\",\"description\":\"Because i am unique\",\"publisher\":{\"@id\":\"https:\\\/\\\/genepredictis.com\\\/de\\\/#organization\"},\"potentialAction\":[{\"@type\":\"SearchAction\",\"target\":{\"@type\":\"EntryPoint\",\"urlTemplate\":\"https:\\\/\\\/genepredictis.com\\\/de\\\/?s={search_term_string}\"},\"query-input\":{\"@type\":\"PropertyValueSpecification\",\"valueRequired\":true,\"valueName\":\"search_term_string\"}}],\"inLanguage\":\"de\"},{\"@type\":\"Organization\",\"@id\":\"https:\\\/\\\/genepredictis.com\\\/de\\\/#organization\",\"name\":\"Gene predictis\",\"url\":\"https:\\\/\\\/genepredictis.com\\\/de\\\/\",\"logo\":{\"@type\":\"ImageObject\",\"inLanguage\":\"de\",\"@id\":\"https:\\\/\\\/genepredictis.com\\\/de\\\/#\\\/schema\\\/logo\\\/image\\\/\",\"url\":\"https:\\\/\\\/genepredictis.com\\\/wp-content\\\/uploads\\\/2021\\\/08\\\/logoNB.png\",\"contentUrl\":\"https:\\\/\\\/genepredictis.com\\\/wp-content\\\/uploads\\\/2021\\\/08\\\/logoNB.png\",\"width\":606,\"height\":170,\"caption\":\"Gene predictis\"},\"image\":{\"@id\":\"https:\\\/\\\/genepredictis.com\\\/de\\\/#\\\/schema\\\/logo\\\/image\\\/\"}}]}<\/script>\n<!-- \/ Yoast SEO plugin. -->","yoast_head_json":{"title":"NUTRIPASS - Genepredictis","robots":{"index":"index","follow":"follow","max-snippet":"max-snippet:-1","max-image-preview":"max-image-preview:large","max-video-preview":"max-video-preview:-1"},"canonical":"https:\/\/genepredictis.com\/de\/genetic\/nutripass\/","og_locale":"de_DE","og_type":"article","og_title":"NUTRIPASS - Genepredictis","og_url":"https:\/\/genepredictis.com\/de\/genetic\/nutripass\/","og_site_name":"Genepredictis","article_modified_time":"2023-01-17T14:26:10+00:00","twitter_card":"summary_large_image","twitter_misc":{"Gesch\u00e4tzte Lesezeit":"3\u00a0Minuten"},"schema":{"@context":"https:\/\/schema.org","@graph":[{"@type":"WebPage","@id":"https:\/\/genepredictis.com\/de\/genetic\/nutripass\/","url":"https:\/\/genepredictis.com\/de\/genetic\/nutripass\/","name":"NUTRIPASS - Genepredictis","isPartOf":{"@id":"https:\/\/genepredictis.com\/de\/#website"},"datePublished":"2021-10-01T15:37:46+00:00","dateModified":"2023-01-17T14:26:10+00:00","breadcrumb":{"@id":"https:\/\/genepredictis.com\/de\/genetic\/nutripass\/#breadcrumb"},"inLanguage":"de","potentialAction":[{"@type":"ReadAction","target":["https:\/\/genepredictis.com\/de\/genetic\/nutripass\/"]}]},{"@type":"BreadcrumbList","@id":"https:\/\/genepredictis.com\/de\/genetic\/nutripass\/#breadcrumb","itemListElement":[{"@type":"ListItem","position":1,"name":"Home","item":"https:\/\/genepredictis.com\/de\/home\/"},{"@type":"ListItem","position":2,"name":"GENETIC","item":"https:\/\/genepredictis.com\/de\/genetic\/"},{"@type":"ListItem","position":3,"name":"NUTRIPASS"}]},{"@type":"WebSite","@id":"https:\/\/genepredictis.com\/de\/#website","url":"https:\/\/genepredictis.com\/de\/","name":"Genepredictis","description":"Because i am unique","publisher":{"@id":"https:\/\/genepredictis.com\/de\/#organization"},"potentialAction":[{"@type":"SearchAction","target":{"@type":"EntryPoint","urlTemplate":"https:\/\/genepredictis.com\/de\/?s={search_term_string}"},"query-input":{"@type":"PropertyValueSpecification","valueRequired":true,"valueName":"search_term_string"}}],"inLanguage":"de"},{"@type":"Organization","@id":"https:\/\/genepredictis.com\/de\/#organization","name":"Gene predictis","url":"https:\/\/genepredictis.com\/de\/","logo":{"@type":"ImageObject","inLanguage":"de","@id":"https:\/\/genepredictis.com\/de\/#\/schema\/logo\/image\/","url":"https:\/\/genepredictis.com\/wp-content\/uploads\/2021\/08\/logoNB.png","contentUrl":"https:\/\/genepredictis.com\/wp-content\/uploads\/2021\/08\/logoNB.png","width":606,"height":170,"caption":"Gene predictis"},"image":{"@id":"https:\/\/genepredictis.com\/de\/#\/schema\/logo\/image\/"}}]}},"_links":{"self":[{"href":"https:\/\/genepredictis.com\/de\/wp-json\/wp\/v2\/pages\/4037","targetHints":{"allow":["GET"]}}],"collection":[{"href":"https:\/\/genepredictis.com\/de\/wp-json\/wp\/v2\/pages"}],"about":[{"href":"https:\/\/genepredictis.com\/de\/wp-json\/wp\/v2\/types\/page"}],"author":[{"embeddable":true,"href":"https:\/\/genepredictis.com\/de\/wp-json\/wp\/v2\/users\/1"}],"replies":[{"embeddable":true,"href":"https:\/\/genepredictis.com\/de\/wp-json\/wp\/v2\/comments?post=4037"}],"version-history":[{"count":4,"href":"https:\/\/genepredictis.com\/de\/wp-json\/wp\/v2\/pages\/4037\/revisions"}],"predecessor-version":[{"id":4601,"href":"https:\/\/genepredictis.com\/de\/wp-json\/wp\/v2\/pages\/4037\/revisions\/4601"}],"up":[{"embeddable":true,"href":"https:\/\/genepredictis.com\/de\/wp-json\/wp\/v2\/pages\/4022"}],"wp:attachment":[{"href":"https:\/\/genepredictis.com\/de\/wp-json\/wp\/v2\/media?parent=4037"}],"curies":[{"name":"wp","href":"https:\/\/api.w.org\/{rel}","templated":true}]}}