{"id":4028,"date":"2021-10-01T17:37:26","date_gmt":"2021-10-01T15:37:26","guid":{"rendered":"https:\/\/genepredictis.com\/?page_id=4028"},"modified":"2023-01-17T15:22:49","modified_gmt":"2023-01-17T14:22:49","slug":"cypass","status":"publish","type":"page","link":"https:\/\/genepredictis.com\/de\/genetic\/cypass\/","title":{"rendered":"CYPASS"},"content":{"rendered":"\n<style type=\"text\/css\" data-created_by=\"avia_inline_auto\" id=\"style-css-av-ku8fds24-05068e854e2ba42035412a7333a99831\">\n.avia-section.av-ku8fds24-05068e854e2ba42035412a7333a99831{\nbackground-repeat:no-repeat;\nbackground-image:url(https:\/\/genepredictis.com\/wp-content\/uploads\/2021\/09\/banner_products.jpg);\nbackground-position:50% 50%;\nbackground-attachment:scroll;\n}\n.avia-section.av-ku8fds24-05068e854e2ba42035412a7333a99831 .av-section-color-overlay{\nopacity:0.3;\nbackground-color:#000000;\n}\n<\/style>\n<div id='av_section_1'  class='avia-section av-ku8fds24-05068e854e2ba42035412a7333a99831 main_color avia-section-huge avia-no-border-styling  avia-builder-el-0  el_before_av_section  avia-builder-el-first  avia-full-stretch avia-bg-style-scroll av-section-color-overlay-active av-minimum-height av-minimum-height-50 av-height-50  container_wrap fullsize'  data-section-bg-repeat='stretch' data-av_minimum_height_pc='50' data-av_min_height_opt='50'><div class=\"av-section-color-overlay-wrap\"><div class=\"av-section-color-overlay\"><\/div><div class='container av-section-cont-open' ><main  role=\"main\" itemprop=\"mainContentOfPage\"  class='template-page content  av-content-full alpha units'><div class='post-entry post-entry-type-page post-entry-4028'><div class='entry-content-wrapper clearfix'>\n<\/div><\/div><\/main><!-- close content main element --><\/div><\/div><\/div><div id='av_section_2'  class='avia-section av-2hkaq4-c8468f28f41f961fa7b3bac77894fb2f main_color avia-section-default avia-no-border-styling  avia-builder-el-1  el_after_av_section  avia-builder-el-last  avia-bg-style-scroll container_wrap fullsize'  ><div class='container av-section-cont-open' ><div class='template-page content  av-content-full alpha units'><div class='post-entry post-entry-type-page post-entry-4028'><div class='entry-content-wrapper clearfix'>\n\n<style type=\"text\/css\" data-created_by=\"avia_inline_auto\" id=\"style-css-av-kt8tch9c-af567b61cea7e7a6d3f06937b0523ba7\">\n#top .av-special-heading.av-kt8tch9c-af567b61cea7e7a6d3f06937b0523ba7{\nmargin:40px 0 0 0;\npadding-bottom:50px;\ncolor:#000000;\n}\nbody .av-special-heading.av-kt8tch9c-af567b61cea7e7a6d3f06937b0523ba7 .av-special-heading-tag .heading-char{\nfont-size:25px;\n}\n.av-special-heading.av-kt8tch9c-af567b61cea7e7a6d3f06937b0523ba7 .special-heading-inner-border{\nborder-color:#000000;\n}\n.av-special-heading.av-kt8tch9c-af567b61cea7e7a6d3f06937b0523ba7 .av-subheading{\nfont-size:15px;\n}\n<\/style>\n<div  class='av-special-heading av-kt8tch9c-af567b61cea7e7a6d3f06937b0523ba7 av-special-heading-h1 custom-color-heading blockquote modern-quote modern-centered  avia-builder-el-2  el_before_av_one_half  avia-builder-el-first '><h1 class='av-special-heading-tag '  itemprop=\"headline\"  >CYPASS <span class='special_amp'>&amp;<\/span> EXTENDED CYPASS<\/h1><div class='av_custom_color av-subheading av-subheading_below'><p>Die genetischen Profile, die jeder haben sollte<\/p>\n<\/div><div class=\"special-heading-border\"><div class=\"special-heading-inner-border\"><\/div><\/div><\/div>\n<div  class='flex_column av-4up2c1-3bd0929aceb08b35a3ddbabff8177bf6 av_one_half  avia-builder-el-3  el_after_av_heading  el_before_av_one_half  first flex_column_div  '     ><style type=\"text\/css\" data-created_by=\"avia_inline_auto\" id=\"style-css-av-kt8tbum2-97093380c43da27effc8796b73893869\">\n.avia-image-container.av-kt8tbum2-97093380c43da27effc8796b73893869 img.avia_image{\nbox-shadow:none;\n}\n.avia-image-container.av-kt8tbum2-97093380c43da27effc8796b73893869 .av-image-caption-overlay-center{\ncolor:#ffffff;\n}\n<\/style>\n<div  class='avia-image-container av-kt8tbum2-97093380c43da27effc8796b73893869 av-styling- avia-align-center  avia-builder-el-4  avia-builder-el-no-sibling '   itemprop=\"image\" itemscope=\"itemscope\" itemtype=\"https:\/\/schema.org\/ImageObject\" ><div class=\"avia-image-container-inner\"><div class=\"avia-image-overlay-wrap\"><img decoding=\"async\" fetchpriority=\"high\" class='wp-image-3757 avia-img-lazy-loading-not-3757 avia_image ' src=\"https:\/\/genepredictis.com\/wp-content\/uploads\/2021\/09\/picto_cypass.png\" alt='' title='picto_cypass'  height=\"396\" width=\"587\"  itemprop=\"thumbnailUrl\" srcset=\"https:\/\/genepredictis.com\/wp-content\/uploads\/2021\/09\/picto_cypass.png 587w, https:\/\/genepredictis.com\/wp-content\/uploads\/2021\/09\/picto_cypass-300x202.png 300w\" sizes=\"(max-width: 587px) 100vw, 587px\" \/><\/div><\/div><\/div><\/div>\n<style type=\"text\/css\" data-created_by=\"avia_inline_auto\" id=\"style-css-av-1u53lt-3e947a9b42f67cb20cab41ef1b922b67\">\n.flex_column.av-1u53lt-3e947a9b42f67cb20cab41ef1b922b67{\npadding:50px 0 0 0;\n}\n<\/style>\n<div  id=\"cypass\"  class='flex_column av-1u53lt-3e947a9b42f67cb20cab41ef1b922b67 av_one_half  avia-builder-el-5  el_after_av_one_half  el_before_av_one_half  flex_column_div  '     ><section  class='av_textblock_section av-kt8tc647-243883d404f5f5abb77e328af7e6cf84 '   itemscope=\"itemscope\" itemtype=\"https:\/\/schema.org\/CreativeWork\" ><div class='avia_textblock'  itemprop=\"text\" ><p><em>Abgedeckt durch Helsana Primeo Insurance<\/em><\/p>\n<p><strong>Cypass\u00ae und Extended Cypass\u00ae sind innovative Gentests, die das Gesamtrisiko f\u00fcr unerw\u00fcnschte Arzneimittelwirkungen bewerten. Sie ber\u00fccksichtigen die F\u00e4higkeit des Patienten, Arzneimittel mit Wechselwirkungen zu aktivieren und gleichzeitig zu eliminieren, und erm\u00f6glichen so die Auswahl sicherer und wirksamerer Arzneimittel, die die Behandlungsergebnisse verbessern und unerw\u00fcnschte Arzneimittelwirkungen reduzieren oder vermeiden k\u00f6nnen.<\/strong><\/p>\n<\/div><\/section><\/div>\n<style type=\"text\/css\" data-created_by=\"avia_inline_auto\" id=\"style-css-av-3p2nm4-b58f4eb49e86af77fe1fa4c53eeda0fd\">\n.flex_column.av-3p2nm4-b58f4eb49e86af77fe1fa4c53eeda0fd{\npadding:50px 0 0 0;\n}\n<\/style>\n<div  id=\"cypass\"  class='flex_column av-3p2nm4-b58f4eb49e86af77fe1fa4c53eeda0fd av_one_half  avia-builder-el-7  el_after_av_one_half  el_before_av_one_half  first flex_column_div  column-top-margin'     ><section  class='av_textblock_section av-kv6kgsdc-f8e0eebf36cba1fbd3b6538f03854925 '   itemscope=\"itemscope\" itemtype=\"https:\/\/schema.org\/CreativeWork\" ><div class='avia_textblock'  itemprop=\"text\" ><p>Das Schweizer Bundesamt f\u00fcr Gesundheit sch\u00e4tzt, dass 40&#8217;000-45&#8217;000 Hospitalisierungen pro Jahr in der Schweiz auf unerw\u00fcnschte Arzneimittelwirkungen zur\u00fcckzuf\u00fchren sind. Internationale Publikationen weisen darauf hin, dass fast ein Drittel der Hospitalisationen auf Nebenwirkungen von Medikamenten zur\u00fcckzuf\u00fchren sind. Ein betr\u00e4chtlicher Teil dieser Nebenwirkungen kann durch die Personalisierung von Medikamentenbehandlungen vermieden werden.<\/p>\n<p>Cypass\u00ae ist ein innovativer Gentest, der das Gesamtrisiko f\u00fcr unerw\u00fcnschte Arzneimittelwirkungen bewertet. Er umfasst die Analyse von 97 klinisch relevanten genetischen Varianten, die den Arzneimittelstoffwechsel (die Aktivierung, den Transport und die Ausscheidung von Arzneimitteln) beeinflussen k\u00f6nnen. Dar\u00fcber hinaus integrieren die Testergebnisse die individuellen F\u00e4higkeiten zur Aktivierung und Eliminierung von Arzneimitteln mit Wechselwirkungen zwischen Arzneimitteln und erm\u00f6glichen so die Auswahl sichererer und wirksamerer Arzneimittelregime, die die Behandlungsergebnisse verbessern und die Kosten f\u00fcr das Gesundheitssystem senken k\u00f6nnen.<\/p>\n<p>Extended Cypass\u00ae ist der umfassendste Gentest zur Bewertung des Risikos unerw\u00fcnschter Arzneimittelwirkungen. Es handelt sich um eine Analyse von \u00fcber 120 genetischen Varianten in Genen, die f\u00fcr die wichtigsten Stoffwechselwege von Arzneimitteln kodieren; eine eingehende Analyse, die das Gesamtrisiko f\u00fcr unerw\u00fcnschte Arzneimittelwirkungen, einschlie\u00dflich Krebsmedikamente, bewertet.<\/p>\n<p>Cypass\u00ae und Extended Cypass\u00ae sind Gentests, die nur einmal im Leben des Patienten durchgef\u00fchrt werden m\u00fcssen; sie sind nicht-invasiv, ein einfacher Wangenabstrich ist f\u00fcr diese Analysen erforderlich.<\/p>\n<\/div><\/section><\/div>\n<style type=\"text\/css\" data-created_by=\"avia_inline_auto\" id=\"style-css-av-asfoc-f796458cc58b2f13e5906083d7f26b4d\">\n.flex_column.av-asfoc-f796458cc58b2f13e5906083d7f26b4d{\npadding:50px 0 0 0;\n}\n<\/style>\n<div  id=\"cypass\"  class='flex_column av-asfoc-f796458cc58b2f13e5906083d7f26b4d av_one_half  avia-builder-el-9  el_after_av_one_half  avia-builder-el-last  flex_column_div  column-top-margin'     ><section  class='av_textblock_section av-kv6kh35z-63e3484fd108a24f98ebc78005911d65 '   itemscope=\"itemscope\" itemtype=\"https:\/\/schema.org\/CreativeWork\" ><div class='avia_textblock'  itemprop=\"text\" ><ul>\n<li><a href=\"https:\/\/genepredictis.com\/wp-content\/uploads\/2022\/10\/CYPASS_flyer__fr_v3.pdf\" target=\"_blank\" rel=\"noopener\">Informationen f\u00fcr Fachleute (fr)<\/a><\/li>\n<li><a href=\"https:\/\/genepredictis.com\/wp-content\/uploads\/2022\/10\/CYPASS_flyer_deu_v2.pdf\" target=\"_blank\" rel=\"noopener\">Informationen f\u00fcr Fachleute (de)<\/a><\/li>\n<li><a href=\"https:\/\/genepredictis.com\/wp-content\/uploads\/2022\/10\/CYPASS_flyer_eng_v5.pdf\" target=\"_blank\" rel=\"noopener\">Informationen f\u00fcr Fachleute (en)<\/a><\/li>\n<\/ul>\n<p>Extended Cypass\u00ae<\/p>\n<ul>\n<li><a href=\"https:\/\/genepredictis.com\/wp-content\/uploads\/2022\/10\/CYPASS_flyer_fr_V4.pdf\" target=\"_blank\" rel=\"noopener\">Informationen f\u00fcr Fachleute (fr)<\/a><\/li>\n<li><a href=\"https:\/\/genepredictis.com\/wp-content\/uploads\/2022\/10\/CYPASS_flyer_deu_v3.pdf\" target=\"_blank\" rel=\"noopener\">Informationen f\u00fcr Fachleute (de)<\/a><\/li>\n<li><a href=\"https:\/\/genepredictis.com\/wp-content\/uploads\/2022\/10\/CYPASS_flyer_eng_v7.pdf\" target=\"_blank\" rel=\"noopener\">Informationen f\u00fcr Fachleute (en)<\/a><\/li>\n<\/ul>\n<p>Seit dem 1. November 2016 wird Cypass\u00ae von der Zusatzversicherung PRIMEO von Helsana verg\u00fctet, f\u00fcr alle Patienten, die regelm\u00e4ssig Medikamente einnehmen und die Zusatzversicherung PRIMEO abgeschlossen haben. Der Cypass\u00ae-Extended-Test wird ab 1. Januar 2018 von der gleichen Zusatzversicherung verg\u00fctet. Weitere Informationen f\u00fcr Patientinnen und Patienten von Helsana:<\/p>\n<ul>\n<li><a href=\"https:\/\/www.helsana.ch\/fr\/prives\/services\/offres-medicales\/innovations-medicales.html\" target=\"_blank\" rel=\"noopener\">Informationen f\u00fcr Fachleute (fr)<\/a><\/li>\n<li><a href=\"https:\/\/www.helsana.ch\/de\/private\/services\/medizinische-angebote\/medizinische-innovationen.html\" target=\"_blank\" rel=\"noopener\">Informationen f\u00fcr Fachleute (de)<\/a><\/li>\n<li><a href=\"https:\/\/www.helsana.ch\/it\/private\/services\/medizinische-angebote\/medizinische-innovationen.html\" target=\"_blank\" rel=\"noopener\">Informationen f\u00fcr Fachleute (it)<\/a><\/li>\n<li><a href=\"https:\/\/www.helsana.ch\/en\/individuals\/services\/medical-offers\/medical-innovations.html\" target=\"_blank\" rel=\"noopener\">Informationen f\u00fcr Fachleute (en)<\/a><\/li>\n<\/ul>\n<\/div><\/section><br \/>\n<div  class='avia-button-wrap av-kv6kjbci-943791eec61d1d1bf7628c4cdbe35eef-wrap avia-button-left  avia-builder-el-11  el_after_av_textblock  avia-builder-el-last '><a href='https:\/\/genepredictis.com\/forms\/'  class='avia-button av-kv6kjbci-943791eec61d1d1bf7628c4cdbe35eef av-link-btn avia-icon_select-no avia-size-large avia-position-left avia-color-theme-color-highlight'   aria-label=\"Forms\"><span class='avia_iconbox_title' >Forms<\/span><\/a><\/div><\/p><\/div>\n","protected":false},"excerpt":{"rendered":"","protected":false},"author":1,"featured_media":0,"parent":4022,"menu_order":0,"comment_status":"closed","ping_status":"closed","template":"","meta":{"footnotes":""},"class_list":["post-4028","page","type-page","status-publish","hentry"],"yoast_head":"<!-- This site is optimized with the Yoast SEO plugin v27.4 - https:\/\/yoast.com\/product\/yoast-seo-wordpress\/ -->\n<title>CYPASS - Genepredictis<\/title>\n<meta name=\"robots\" content=\"index, follow, max-snippet:-1, max-image-preview:large, max-video-preview:-1\" \/>\n<link rel=\"canonical\" href=\"https:\/\/genepredictis.com\/de\/genetic\/cypass\/\" \/>\n<meta property=\"og:locale\" content=\"de_DE\" \/>\n<meta property=\"og:type\" content=\"article\" \/>\n<meta property=\"og:title\" content=\"CYPASS - Genepredictis\" \/>\n<meta property=\"og:url\" content=\"https:\/\/genepredictis.com\/de\/genetic\/cypass\/\" \/>\n<meta property=\"og:site_name\" content=\"Genepredictis\" \/>\n<meta property=\"article:modified_time\" content=\"2023-01-17T14:22:49+00:00\" \/>\n<meta name=\"twitter:card\" content=\"summary_large_image\" \/>\n<meta name=\"twitter:label1\" content=\"Gesch\u00e4tzte Lesezeit\" \/>\n\t<meta name=\"twitter:data1\" content=\"4\u00a0Minuten\" \/>\n<script type=\"application\/ld+json\" class=\"yoast-schema-graph\">{\"@context\":\"https:\\\/\\\/schema.org\",\"@graph\":[{\"@type\":\"WebPage\",\"@id\":\"https:\\\/\\\/genepredictis.com\\\/de\\\/genetic\\\/cypass\\\/\",\"url\":\"https:\\\/\\\/genepredictis.com\\\/de\\\/genetic\\\/cypass\\\/\",\"name\":\"CYPASS - Genepredictis\",\"isPartOf\":{\"@id\":\"https:\\\/\\\/genepredictis.com\\\/de\\\/#website\"},\"datePublished\":\"2021-10-01T15:37:26+00:00\",\"dateModified\":\"2023-01-17T14:22:49+00:00\",\"breadcrumb\":{\"@id\":\"https:\\\/\\\/genepredictis.com\\\/de\\\/genetic\\\/cypass\\\/#breadcrumb\"},\"inLanguage\":\"de\",\"potentialAction\":[{\"@type\":\"ReadAction\",\"target\":[\"https:\\\/\\\/genepredictis.com\\\/de\\\/genetic\\\/cypass\\\/\"]}]},{\"@type\":\"BreadcrumbList\",\"@id\":\"https:\\\/\\\/genepredictis.com\\\/de\\\/genetic\\\/cypass\\\/#breadcrumb\",\"itemListElement\":[{\"@type\":\"ListItem\",\"position\":1,\"name\":\"Home\",\"item\":\"https:\\\/\\\/genepredictis.com\\\/de\\\/home\\\/\"},{\"@type\":\"ListItem\",\"position\":2,\"name\":\"GENETIC\",\"item\":\"https:\\\/\\\/genepredictis.com\\\/de\\\/genetic\\\/\"},{\"@type\":\"ListItem\",\"position\":3,\"name\":\"CYPASS\"}]},{\"@type\":\"WebSite\",\"@id\":\"https:\\\/\\\/genepredictis.com\\\/de\\\/#website\",\"url\":\"https:\\\/\\\/genepredictis.com\\\/de\\\/\",\"name\":\"Genepredictis\",\"description\":\"Because i am unique\",\"publisher\":{\"@id\":\"https:\\\/\\\/genepredictis.com\\\/de\\\/#organization\"},\"potentialAction\":[{\"@type\":\"SearchAction\",\"target\":{\"@type\":\"EntryPoint\",\"urlTemplate\":\"https:\\\/\\\/genepredictis.com\\\/de\\\/?s={search_term_string}\"},\"query-input\":{\"@type\":\"PropertyValueSpecification\",\"valueRequired\":true,\"valueName\":\"search_term_string\"}}],\"inLanguage\":\"de\"},{\"@type\":\"Organization\",\"@id\":\"https:\\\/\\\/genepredictis.com\\\/de\\\/#organization\",\"name\":\"Gene predictis\",\"url\":\"https:\\\/\\\/genepredictis.com\\\/de\\\/\",\"logo\":{\"@type\":\"ImageObject\",\"inLanguage\":\"de\",\"@id\":\"https:\\\/\\\/genepredictis.com\\\/de\\\/#\\\/schema\\\/logo\\\/image\\\/\",\"url\":\"https:\\\/\\\/genepredictis.com\\\/wp-content\\\/uploads\\\/2021\\\/08\\\/logoNB.png\",\"contentUrl\":\"https:\\\/\\\/genepredictis.com\\\/wp-content\\\/uploads\\\/2021\\\/08\\\/logoNB.png\",\"width\":606,\"height\":170,\"caption\":\"Gene predictis\"},\"image\":{\"@id\":\"https:\\\/\\\/genepredictis.com\\\/de\\\/#\\\/schema\\\/logo\\\/image\\\/\"}}]}<\/script>\n<!-- \/ Yoast SEO plugin. -->","yoast_head_json":{"title":"CYPASS - Genepredictis","robots":{"index":"index","follow":"follow","max-snippet":"max-snippet:-1","max-image-preview":"max-image-preview:large","max-video-preview":"max-video-preview:-1"},"canonical":"https:\/\/genepredictis.com\/de\/genetic\/cypass\/","og_locale":"de_DE","og_type":"article","og_title":"CYPASS - Genepredictis","og_url":"https:\/\/genepredictis.com\/de\/genetic\/cypass\/","og_site_name":"Genepredictis","article_modified_time":"2023-01-17T14:22:49+00:00","twitter_card":"summary_large_image","twitter_misc":{"Gesch\u00e4tzte Lesezeit":"4\u00a0Minuten"},"schema":{"@context":"https:\/\/schema.org","@graph":[{"@type":"WebPage","@id":"https:\/\/genepredictis.com\/de\/genetic\/cypass\/","url":"https:\/\/genepredictis.com\/de\/genetic\/cypass\/","name":"CYPASS - Genepredictis","isPartOf":{"@id":"https:\/\/genepredictis.com\/de\/#website"},"datePublished":"2021-10-01T15:37:26+00:00","dateModified":"2023-01-17T14:22:49+00:00","breadcrumb":{"@id":"https:\/\/genepredictis.com\/de\/genetic\/cypass\/#breadcrumb"},"inLanguage":"de","potentialAction":[{"@type":"ReadAction","target":["https:\/\/genepredictis.com\/de\/genetic\/cypass\/"]}]},{"@type":"BreadcrumbList","@id":"https:\/\/genepredictis.com\/de\/genetic\/cypass\/#breadcrumb","itemListElement":[{"@type":"ListItem","position":1,"name":"Home","item":"https:\/\/genepredictis.com\/de\/home\/"},{"@type":"ListItem","position":2,"name":"GENETIC","item":"https:\/\/genepredictis.com\/de\/genetic\/"},{"@type":"ListItem","position":3,"name":"CYPASS"}]},{"@type":"WebSite","@id":"https:\/\/genepredictis.com\/de\/#website","url":"https:\/\/genepredictis.com\/de\/","name":"Genepredictis","description":"Because i am unique","publisher":{"@id":"https:\/\/genepredictis.com\/de\/#organization"},"potentialAction":[{"@type":"SearchAction","target":{"@type":"EntryPoint","urlTemplate":"https:\/\/genepredictis.com\/de\/?s={search_term_string}"},"query-input":{"@type":"PropertyValueSpecification","valueRequired":true,"valueName":"search_term_string"}}],"inLanguage":"de"},{"@type":"Organization","@id":"https:\/\/genepredictis.com\/de\/#organization","name":"Gene predictis","url":"https:\/\/genepredictis.com\/de\/","logo":{"@type":"ImageObject","inLanguage":"de","@id":"https:\/\/genepredictis.com\/de\/#\/schema\/logo\/image\/","url":"https:\/\/genepredictis.com\/wp-content\/uploads\/2021\/08\/logoNB.png","contentUrl":"https:\/\/genepredictis.com\/wp-content\/uploads\/2021\/08\/logoNB.png","width":606,"height":170,"caption":"Gene predictis"},"image":{"@id":"https:\/\/genepredictis.com\/de\/#\/schema\/logo\/image\/"}}]}},"_links":{"self":[{"href":"https:\/\/genepredictis.com\/de\/wp-json\/wp\/v2\/pages\/4028","targetHints":{"allow":["GET"]}}],"collection":[{"href":"https:\/\/genepredictis.com\/de\/wp-json\/wp\/v2\/pages"}],"about":[{"href":"https:\/\/genepredictis.com\/de\/wp-json\/wp\/v2\/types\/page"}],"author":[{"embeddable":true,"href":"https:\/\/genepredictis.com\/de\/wp-json\/wp\/v2\/users\/1"}],"replies":[{"embeddable":true,"href":"https:\/\/genepredictis.com\/de\/wp-json\/wp\/v2\/comments?post=4028"}],"version-history":[{"count":4,"href":"https:\/\/genepredictis.com\/de\/wp-json\/wp\/v2\/pages\/4028\/revisions"}],"predecessor-version":[{"id":4599,"href":"https:\/\/genepredictis.com\/de\/wp-json\/wp\/v2\/pages\/4028\/revisions\/4599"}],"up":[{"embeddable":true,"href":"https:\/\/genepredictis.com\/de\/wp-json\/wp\/v2\/pages\/4022"}],"wp:attachment":[{"href":"https:\/\/genepredictis.com\/de\/wp-json\/wp\/v2\/media?parent=4028"}],"curies":[{"name":"wp","href":"https:\/\/api.w.org\/{rel}","templated":true}]}}